{"id":760294,"date":"2025-08-28T09:01:23","date_gmt":"2025-08-28T06:01:23","guid":{"rendered":"https:\/\/roveyayinevi.com.tr\/index.php\/urun\/sahnede-yasamak-rutkay-aziz-ile-soylesi\/"},"modified":"2026-04-16T03:13:07","modified_gmt":"2026-04-16T00:13:07","slug":"sahnede-yasamak-rutkay-aziz-ile-soylesi","status":"publish","type":"product","link":"https:\/\/roveyayinevi.com.tr\/index.php\/urun\/sahnede-yasamak-rutkay-aziz-ile-soylesi\/","title":{"rendered":"Sahnede Ya\u015famak &#8211; Rutkay Aziz ile S\u00f6yle\u015fi"},"content":{"rendered":"<p>Sahnede ya\u015famak dedikleri bu olsa gerek!Yazar Bar\u0131\u015f \u0130nce&#8217;nin yay\u0131ma haz\u0131rlad\u0131\u011f\u0131 Sahnede Ya\u015famak, modern T\u00fcrk tiyatrosunun dev \u00e7\u0131nar\u0131 Rutkay Aziz&#8217;le tiyatro, sanat ve hayat u\u0308zerine, gen\u00e7lere ilham veren bir s\u00f6yle\u015fi kitab\u0131.\u00d6mr\u00fcn\u00fc sahneye adam\u0131\u015f Aziz&#8217;in an\u0131lar\u0131na yer vererek yar\u0131m asr\u0131 a\u015fan sanat ya\u015fam\u0131na odaklanan bu ar\u015fivlik \u00e7al\u0131\u015fma; aile alb\u00fcmlerinden \u00e7\u0131kan \u00e7ok \u00f6zel foto\u011fraflar, bas\u0131nda iz b\u0131rakan gazete-dergi kup\u00fcrleri ve koleksiyon de\u011feri ta\u015f\u0131yan afi\u015f ve program kitap\u00e7\u0131klar\u0131yla renklenerek \u00fclkemizin yak\u0131n tarihine ayna tutuyor. Farkl\u0131 ku\u015faklara seslenmeyi ba\u015farm\u0131\u015f b\u00fcy\u00fck bir oyuncunun sanat g\u00f6r\u00fc\u015f\u00fcn\u00fc anlamam\u0131z\u0131 ve anlamland\u0131rmam\u0131z\u0131 sa\u011flayan eser ayr\u0131ca, okurlar\u0131 edebiyatla gazetecilik aras\u0131nda bir yerde duran, Ya\u015far Kemal&#8217;in \u201cBal gibi edebiyatt\u0131r!\u201d \u015feklinde tan\u0131mlad\u0131\u011f\u0131 s\u00f6yle\u015fi t\u00fcr\u00fcn\u00fcn incelikleri ile de bulu\u015fturuyor.   Atatu\u0308rk&#8217;u\u0308 oynama onuruna eri\u015fmi\u015f, onlarca oyun sahnelemi\u015f, nice \u00f6du\u0308ller alm\u0131\u015f, binlerce kez sahneye \u00e7\u0131km\u0131\u015f bir usta var kar\u015f\u0131m\u0131zda!Aziz \u00dcnal Rutkay, yani hepimizin bildi\u011fi ad\u0131yla Rutkay Aziz.\u0130lk kez ne zaman sahne tozunu yuttu? Hocalar\u0131n hocas\u0131 Muhsin Ertu\u011frul ve Ayla Algan tiyatroya bak\u0131\u015f\u0131n\u0131 hangi y\u00f6nde \u015fekillendirdi? Kariyerindeki k\u0131r\u0131lma noktas\u0131 ne oldu? K\u0131z\u0131 Do\u011fa&#8217;n\u0131n d\u00fcnyaya geli\u015fi hayat anlay\u0131\u015f\u0131n\u0131 nas\u0131l etkiledi? \u00c7ekimser yakla\u015ft\u0131\u011f\u0131 beyaz perdeye kimlerin zoruyla \u201citildi\u201d? Can Y\u00fccel, Ya\u015far Kemal, Aziz Nesin, Z\u00fclf\u00fc Livaneli gibi \u00fcstatlarla yollar\u0131 ilk nerede kesi\u015fti? Can dostu Tar\u0131k Akan&#8217;\u0131n hayat\u0131ndaki yeri ve anlam\u0131 ne? Atat\u00fcrk rol\u00fc kendisine teklif edildi\u011finde neden \u00e7ekindi? Bar\u0131\u015f \u0130nce sordu, \u201cTiyatro \u00f6lu\u0308msu\u0308zdu\u0308r \u00e7u\u0308nku\u0308 tiyatro duygularla ya\u015far,\u201d diyen Rutkay Aziz yan\u0131tlad\u0131. Sanatla ge\u00e7en bunca y\u0131lda \u201c\u0130yi ki b\u00f6yle ya\u015fad\u0131m,\u201d diyen \u015fansl\u0131 az\u0131nl\u0131ktan olan Aziz&#8217;e kar\u015f\u0131 besledi\u011fimiz sevgi, sayg\u0131 ve hayranl\u0131\u011f\u0131 katlayarak \u00e7o\u011faltan Sahnede Ya\u015famak, gen\u00e7lere usta bir oyuncuyu daha yak\u0131ndan tan\u0131tmakla kalm\u0131yor ayn\u0131 zamanda tiyatroya ilgileri veya yetenekleri olup olmad\u0131\u011f\u0131n\u0131 ke\u015ffetmeleri i\u00e7in k\u0131lavuzluk da ediyor. Duyarl\u0131 ki\u015fili\u011fi, m\u00fckemmel oyunculu\u011fu ve halktan yana duru\u015fuyla \u00f6rnek bir sanat\u00e7\u0131 olan Rutkay Aziz&#8217;in anlatt\u0131klar\u0131na kay\u0131ts\u0131z kalamayacaks\u0131n\u0131z.Do\u011fa&#8217;ya \u201cBaban ne i\u015f yap\u0131yor?\u201d diye sorduklar\u0131nda, \u201cBabam tiyatroda bek\u00e7i,\u201d diyormu\u015f. Sabah ak\u015fam oraday\u0131z ya&#8230;<\/p>\n","protected":false},"excerpt":{"rendered":"<p>Sahnede ya\u015famak dedikleri bu olsa gerek!Yazar Bar\u0131\u015f \u0130nce&#8217;nin yay\u0131ma haz\u0131rlad\u0131\u011f\u0131 Sahnede Ya\u015famak, modern T\u00fcrk tiyatrosunun dev \u00e7\u0131nar\u0131 Rutkay Aziz&#8217;le tiyatro, sanat ve hayat u\u0308zerine, gen\u00e7lere ilham<span class=\"excerpt-hellip\"> [\u2026]<\/span><\/p>\n","protected":false},"featured_media":0,"template":"","meta":{"_monsterinsights_skip_tracking":false,"_monsterinsights_sitenote_active":false,"_monsterinsights_sitenote_note":"","_monsterinsights_sitenote_category":0},"product_brand":[],"product_cat":[12291,30969],"product_tag":[],"class_list":{"0":"post-760294","1":"product","2":"type-product","3":"status-publish","5":"product_cat-edebiyat","6":"product_cat-soylesi-edebiyat","7":"pa_cilt-ciltsiz","8":"pa_tur-kitap","9":"pa_yayinevi-tudem-yayinlari","10":"pa_yazar-baris-ince","12":"first","13":"instock","14":"sale","15":"shipping-taxable","16":"purchasable","17":"product-type-simple"},"_links":{"self":[{"href":"https:\/\/roveyayinevi.com.tr\/index.php\/wp-json\/wp\/v2\/product\/760294","targetHints":{"allow":["GET"]}}],"collection":[{"href":"https:\/\/roveyayinevi.com.tr\/index.php\/wp-json\/wp\/v2\/product"}],"about":[{"href":"https:\/\/roveyayinevi.com.tr\/index.php\/wp-json\/wp\/v2\/types\/product"}],"wp:attachment":[{"href":"https:\/\/roveyayinevi.com.tr\/index.php\/wp-json\/wp\/v2\/media?parent=760294"}],"wp:term":[{"taxonomy":"product_brand","embeddable":true,"href":"https:\/\/roveyayinevi.com.tr\/index.php\/wp-json\/wp\/v2\/product_brand?post=760294"},{"taxonomy":"product_cat","embeddable":true,"href":"https:\/\/roveyayinevi.com.tr\/index.php\/wp-json\/wp\/v2\/product_cat?post=760294"},{"taxonomy":"product_tag","embeddable":true,"href":"https:\/\/roveyayinevi.com.tr\/index.php\/wp-json\/wp\/v2\/product_tag?post=760294"}],"curies":[{"name":"wp","href":"https:\/\/api.w.org\/{rel}","templated":true}]}}