{"id":760290,"date":"2025-08-28T09:01:17","date_gmt":"2025-08-28T06:01:17","guid":{"rendered":"https:\/\/roveyayinevi.com.tr\/index.php\/urun\/simdi-al-sonra-ode\/"},"modified":"2026-04-16T03:13:07","modified_gmt":"2026-04-16T00:13:07","slug":"simdi-al-sonra-ode","status":"publish","type":"product","link":"https:\/\/roveyayinevi.com.tr\/index.php\/urun\/simdi-al-sonra-ode\/","title":{"rendered":"\u015eimdi Al Sonra \u00d6de"},"content":{"rendered":"<p>\u0130ster fiziksel isterse sanal bir ma\u011fazada olsun sepetinizi doldurup da \u00f6deme a\u015famas\u0131na ge\u00e7ti\u011finizde bor\u00e7la sat\u0131n alma bir se\u00e7enek olarak kar\u015f\u0131n\u0131za \u00e7\u0131kar. Bu, eski zamanlar\u0131n veresiye k\u00fclt\u00fcr\u00fcnden taksitli sat\u0131\u015flara ve g\u00fcn\u00fcm\u00fcz\u00fcn kredi kart\u0131yla \u00f6demelerine dek devam etmi\u015f ve \u00e7o\u011fu zaman da bir zorunluluk h\u00e2linin sevk etti\u011fi kadim bir se\u00e7enektir. Bor\u00e7la sat\u0131n alman\u0131n farkl\u0131 g\u00f6r\u00fcn\u00fcmlerinin, farkl\u0131 toplumsal vasatlarda ortaya \u00e7\u0131k\u0131p yayg\u0131nla\u015fmas\u0131, k\u00fclt\u00fcrel, siyas\u00ee, hukuk\u00ee, din\u00ee ve ekonomik bir\u00e7ok gerilim ve \u00f6zg\u00fcnl\u00fc\u011fe i\u015faret eden birer hik\u00e2yedir.  Elinizdeki kitap ABD, Britanya ve Fransa gibi finansalla\u015fma s\u00fcrecine erken d\u00f6nemlerde d\u00e2hil olmu\u015f \u00fclkelerle bu s\u00fcrece g\u00f6rece ge\u00e7 bir zamanda girmi\u015f T\u00fcrkiye\u2019de veresiye, taksitli ve kredi kart\u0131yla al\u0131\u015fveri\u015f ili\u015fkilerini ele almaktad\u0131r. Tarihsel sosyolojinin imk\u00e2nlar\u0131 ile biyografik metinlerden reklamlara, yasal d\u00fczenlemelerden mektuplara uzanan bir malzemenin \u0131\u015f\u0131\u011f\u0131nda bor\u00e7la sat\u0131n alman\u0131n kar\u015f\u0131la\u015ft\u0131rmal\u0131 tarihsel sosyolojisi yap\u0131lmakta, ilgin\u00e7 \u00f6zg\u00fcnl\u00fcklere ve \u015fa\u015f\u0131rt\u0131c\u0131 benzerliklere dikkat \u00e7ekilmektedir.  Weimar Almanya\u2019s\u0131ndaki hiper enflasyonun, t\u0131pk\u0131 T\u00fcrkiye\u2019de 1970\u2019lerdeki enflasyon gibi t\u00fcketici kredilerinin do\u011fu\u015funu nas\u0131l geciktirdi\u011fini, Britanya\u2019da posta yoluyla ve kiralamayla sat\u0131n alma \u00f6r\u00fcnt\u00fclerinin t\u00fcketici ile birincil ili\u015fkiler geli\u015ftiren m\u00fcmessiller eliyle \u00f6rg\u00fctlenmesinin, T\u00fcrkiye\u2019de beyaz e\u015fya bayileri \u00fczerinden taksitli al\u0131\u015fveri\u015flerin yayg\u0131nla\u015fmas\u0131yla \u015fa\u015f\u0131rt\u0131c\u0131 benzerliklere sahip oldu\u011funu g\u00f6receksiniz. \u015eimdi Al Sonra \u00d6de Bor\u00e7la Sat\u0131n Alman\u0131n Tarihsel Sosyolojisi okuru, bor\u00e7la sat\u0131n alman\u0131n g\u00fcndelik hayat\u0131n rutini h\u00e2line geldi\u011fi bir devirde bu rutinin tarihine bir yolculu\u011fa \u00e7\u0131kart\u0131yor.<\/p>\n","protected":false},"excerpt":{"rendered":"<p>\u0130ster fiziksel isterse sanal bir ma\u011fazada olsun sepetinizi doldurup da \u00f6deme a\u015famas\u0131na ge\u00e7ti\u011finizde bor\u00e7la sat\u0131n alma bir se\u00e7enek olarak kar\u015f\u0131n\u0131za \u00e7\u0131kar. Bu, eski zamanlar\u0131n veresiye k\u00fclt\u00fcr\u00fcnden<span class=\"excerpt-hellip\"> [\u2026]<\/span><\/p>\n","protected":false},"featured_media":0,"template":"","meta":{"_monsterinsights_skip_tracking":false,"_monsterinsights_sitenote_active":false,"_monsterinsights_sitenote_note":"","_monsterinsights_sitenote_category":0},"product_brand":[],"product_cat":[13489,13488],"product_tag":[],"class_list":{"0":"post-760290","1":"product","2":"type-product","3":"status-publish","5":"product_cat-populer-kultur","6":"product_cat-toplum-ve-insan","7":"pa_cilt-ciltsiz","8":"pa_tur-kitap","9":"pa_yayinevi-vakifbank-kultur-yayinlari","10":"pa_yazar-m-fatih-karakaya","12":"first","13":"instock","14":"sale","15":"shipping-taxable","16":"purchasable","17":"product-type-simple"},"_links":{"self":[{"href":"https:\/\/roveyayinevi.com.tr\/index.php\/wp-json\/wp\/v2\/product\/760290","targetHints":{"allow":["GET"]}}],"collection":[{"href":"https:\/\/roveyayinevi.com.tr\/index.php\/wp-json\/wp\/v2\/product"}],"about":[{"href":"https:\/\/roveyayinevi.com.tr\/index.php\/wp-json\/wp\/v2\/types\/product"}],"wp:attachment":[{"href":"https:\/\/roveyayinevi.com.tr\/index.php\/wp-json\/wp\/v2\/media?parent=760290"}],"wp:term":[{"taxonomy":"product_brand","embeddable":true,"href":"https:\/\/roveyayinevi.com.tr\/index.php\/wp-json\/wp\/v2\/product_brand?post=760290"},{"taxonomy":"product_cat","embeddable":true,"href":"https:\/\/roveyayinevi.com.tr\/index.php\/wp-json\/wp\/v2\/product_cat?post=760290"},{"taxonomy":"product_tag","embeddable":true,"href":"https:\/\/roveyayinevi.com.tr\/index.php\/wp-json\/wp\/v2\/product_tag?post=760290"}],"curies":[{"name":"wp","href":"https:\/\/api.w.org\/{rel}","templated":true}]}}