{"id":760286,"date":"2025-08-28T09:01:11","date_gmt":"2025-08-28T06:01:11","guid":{"rendered":"https:\/\/roveyayinevi.com.tr\/index.php\/urun\/cumhuriyetin-100-yilinda-turk-ordusu-ve-milli-savunma\/"},"modified":"2026-04-16T03:13:07","modified_gmt":"2026-04-16T00:13:07","slug":"cumhuriyetin-100-yilinda-turk-ordusu-ve-milli-savunma","status":"publish","type":"product","link":"https:\/\/roveyayinevi.com.tr\/index.php\/urun\/cumhuriyetin-100-yilinda-turk-ordusu-ve-milli-savunma\/","title":{"rendered":"Cumhuriyetin 100. Y\u0131l\u0131nda T\u00fcrk Ordusu ve Mill\u00ee Savunma"},"content":{"rendered":"<p>100. y\u0131l\u0131n\u0131 tamamlayan T\u00fcrkiye Cumhuriyeti\u2019nin en k\u00f6kl\u00fc ve kurumsal yap\u0131lar\u0131ndan T\u00fcrk Silahl\u0131 Kuvvetleri\u2019nin tarihi T\u00fcrk milletinin tarihiyle \u00f6zde\u015fle\u015fmi\u015ftir. Vak\u0131fBank K\u00fclt\u00fcr Yay\u0131nlar\u0131\u2019n\u0131n tarih sahas\u0131ndaki uzmanlar\u0131n en g\u00fcncel ara\u015ft\u0131rmalar\u0131n\u0131 bir araya getiren serisi \u00c7al\u0131\u015ftay\u2019\u0131n bu cildi, bir as\u0131rl\u0131k Cumhuriyet\u2019in \u00f6nc\u00fc kurumunu tarih\u00ee kaynak ve belgelerle de\u011ferlendiriyor. Alanlar\u0131nda uzman, T\u00fcrk Silahl\u0131 Kuvvetleri\u2019nin \u00e7e\u015fitli birimlerinde kariyerlerinin bir d\u00f6neminde \u00e7al\u0131\u015fm\u0131\u015f ve \u00e7al\u0131\u015fmaya devam eden ya da onun e\u011fitim kurumlar\u0131nda tahsil g\u00f6rm\u00fc\u015f 26 uzman ara\u015ft\u0131rmac\u0131n\u0131n makaleleri bu kitapta \u00fc\u00e7 b\u00f6l\u00fcm h\u00e2linde derlendi. Osmanl\u0131 \u0130mparatorlu\u011fu\u2019nun son g\u00fcnlerinde T\u00fcrkiye B\u00fcy\u00fck Millet Meclisi\u2019nin ordusu olarak te\u015fekk\u00fcl eden, bir milletin varl\u0131k m\u00fccadelesini zaferle neticelendiren ordudan T\u00fcrkiye Cumhuriyet\u2019i ordusuna; So\u011fuk Sava\u015f\u2019\u0131n s\u0131cak cephelerinde \u00e7arp\u0131\u015fan, \u00e7a\u011fda\u015f silahlarla donanm\u0131\u015f bir orduya; 21. y\u00fczy\u0131lda de\u011fi\u015fen d\u00fcnya dengeleri ve siyasetinde gerek motivasyon gerek teknoloji a\u00e7\u0131s\u0131ndan kendini her daim yeni ve diri tutan T\u00fcrk ordusuna; kurumsal bir maceray\u0131 anlat\u0131yor bu kitap. Bir y\u00fczy\u0131lda ordunun olu\u015fan ve de\u011fi\u015fen birimlerine, kara, hava, deniz ve jandarma komutanl\u0131klar\u0131na, asker\u00ee teknoloji ve e\u011fitimin, muharebelerin ve ordunun sosyal ve psikolojik de\u011fi\u015fimlerine ayr\u0131nt\u0131l\u0131 ve bilimsel bir dille yakla\u015fan Cumhuriyetin 100. Y\u0131l\u0131nda T\u00fcrk Ordusu ve Mill\u00ee Savunma, Cumhuriyet d\u00f6nemi asker\u00ee tarih\u00e7ili\u011fi i\u00e7in bir rehber niteli\u011finde.<\/p>\n","protected":false},"excerpt":{"rendered":"<p>100. y\u0131l\u0131n\u0131 tamamlayan T\u00fcrkiye Cumhuriyeti\u2019nin en k\u00f6kl\u00fc ve kurumsal yap\u0131lar\u0131ndan T\u00fcrk Silahl\u0131 Kuvvetleri\u2019nin tarihi T\u00fcrk milletinin tarihiyle \u00f6zde\u015fle\u015fmi\u015ftir. Vak\u0131fBank K\u00fclt\u00fcr Yay\u0131nlar\u0131\u2019n\u0131n tarih sahas\u0131ndaki uzmanlar\u0131n en g\u00fcncel<span class=\"excerpt-hellip\"> [\u2026]<\/span><\/p>\n","protected":false},"featured_media":0,"template":"","meta":{"_monsterinsights_skip_tracking":false,"_monsterinsights_sitenote_active":false,"_monsterinsights_sitenote_note":"","_monsterinsights_sitenote_category":0},"product_brand":[],"product_cat":[12370,12304],"product_tag":[],"class_list":{"0":"post-760286","1":"product","2":"type-product","3":"status-publish","5":"product_cat-arastirma-inceleme","6":"product_cat-tarih","7":"pa_cilt-ciltsiz","8":"pa_tur-kitap","9":"pa_yayinevi-vakifbank-kultur-yayinlari","10":"pa_yazar-kolektif","12":"first","13":"instock","14":"sale","15":"shipping-taxable","16":"purchasable","17":"product-type-simple"},"_links":{"self":[{"href":"https:\/\/roveyayinevi.com.tr\/index.php\/wp-json\/wp\/v2\/product\/760286","targetHints":{"allow":["GET"]}}],"collection":[{"href":"https:\/\/roveyayinevi.com.tr\/index.php\/wp-json\/wp\/v2\/product"}],"about":[{"href":"https:\/\/roveyayinevi.com.tr\/index.php\/wp-json\/wp\/v2\/types\/product"}],"wp:attachment":[{"href":"https:\/\/roveyayinevi.com.tr\/index.php\/wp-json\/wp\/v2\/media?parent=760286"}],"wp:term":[{"taxonomy":"product_brand","embeddable":true,"href":"https:\/\/roveyayinevi.com.tr\/index.php\/wp-json\/wp\/v2\/product_brand?post=760286"},{"taxonomy":"product_cat","embeddable":true,"href":"https:\/\/roveyayinevi.com.tr\/index.php\/wp-json\/wp\/v2\/product_cat?post=760286"},{"taxonomy":"product_tag","embeddable":true,"href":"https:\/\/roveyayinevi.com.tr\/index.php\/wp-json\/wp\/v2\/product_tag?post=760286"}],"curies":[{"name":"wp","href":"https:\/\/api.w.org\/{rel}","templated":true}]}}