{"id":760285,"date":"2025-08-28T09:01:10","date_gmt":"2025-08-28T06:01:10","guid":{"rendered":"https:\/\/roveyayinevi.com.tr\/index.php\/urun\/ornek-uygulamalarla-kredi-derecelendirme\/"},"modified":"2026-04-16T03:13:07","modified_gmt":"2026-04-16T00:13:07","slug":"ornek-uygulamalarla-kredi-derecelendirme","status":"publish","type":"product","link":"https:\/\/roveyayinevi.com.tr\/index.php\/urun\/ornek-uygulamalarla-kredi-derecelendirme\/","title":{"rendered":"\u00d6rnek Uygulamalarla Kredi Derecelendirme"},"content":{"rendered":"<p>\u201cG\u00fcn\u00fcm\u00fczde, kredi derecelendirme kurulu\u015flar\u0131, k\u00fcreselle\u015fen finansal sistemin \u00f6nemli bir par\u00e7as\u0131d\u0131r ve dolay\u0131s\u0131yla k\u00fcresel ekonomiyi etkilemektedir. G\u00f6revleri, \u00f6zel sekt\u00f6r ve kamudaki potansiyel yat\u0131r\u0131mc\u0131lar i\u00e7in bor\u00e7 veren kurulu\u015flar\u0131n kredi de\u011ferlilik d\u00fczeyi ile ilgili g\u00fcvenilir ve ba\u011f\u0131ms\u0131z bir g\u00f6r\u00fc\u015f sunmakt\u0131r.\u201dKredi derecelendirmenin yat\u0131r\u0131mc\u0131, kredit\u00f6r, ihra\u00e7\u00e7\u0131 ve d\u00fczenleyici gibi payda\u015flar i\u00e7in faydalar\u0131 \u00e7ok \u00e7e\u015fitlidir. \u00d6rne\u011fin, yat\u0131r\u0131mc\u0131lar i\u00e7in derecelendirmeler, yat\u0131r\u0131m yapacaklar\u0131 enstr\u00fcman\u0131 (h\u00fck\u00fcmet, \u015firket veya finansal ara\u00e7) daha iyi anlamalar\u0131na ve y\u00f6netmelerine olanak tan\u0131r. Kredi verenler i\u00e7in derecelendirmeler, kredi verdikleri \u015firketlerin ve h\u00fck\u00fcmetlerin geri \u00f6deme risklerini daha iyi de\u011ferlendirmelerine olanak tan\u0131r. \u0130hra\u00e7\u00e7\u0131lar i\u00e7in derecelendirmeler, kredi de\u011ferleri iyi olan ara\u00e7lar\u0131n ve \u015firketlerin daha iyi fiyatland\u0131rma imk\u00e2nlar\u0131na sahip olmalar\u0131na olanak sa\u011flar. D\u00fczenleyiciler i\u00e7in derecelendirmeler, finansal piyasalardaki risklerin daha iyi anla\u015f\u0131lmas\u0131na ve y\u00f6netilmesine katk\u0131 sunar. Derecelendirme kurulu\u015flar\u0131, derecelendirme yaparken genellikle finansal ara\u00e7lar\u0131n, \u015firketlerin ve h\u00fck\u00fcmetlerin finansal durumlar\u0131n\u0131, operasyonel performanslar\u0131n\u0131, pazar ko\u015fullar\u0131n\u0131 ve di\u011fer fakt\u00f6rleri dikkate al\u0131r. Elinizdeki bu kitap; kredi derecelendirme kurulu\u015flar\u0131n\u0131n \u00e7al\u0131\u015fma prensiplerini, derecelendirme t\u00fcrlerini ve derecelendirme s\u00fcrecini ayr\u0131nt\u0131l\u0131 bir \u015fekilde ele alarak okuyucular taraf\u0131ndan kredi derecelendirme kurulu\u015flar\u0131n\u0131n faaliyetleri, derecelendirme t\u00fcrleri, derecelendirmenin payda\u015flara faydalar\u0131 ve derecelendirme metodolojileri gibi konular\u0131n \u00f6rnek derecelendirme vaka \u00e7al\u0131\u015fmalar\u0131 ile somut olarak anla\u015f\u0131lmas\u0131n\u0131 hedeflemektedir. Eserde; derecelendirmenin yat\u0131r\u0131mc\u0131lar, kredi verenler, ihra\u00e7\u00e7\u0131lar ve d\u00fczenleyiciler gibi payda\u015flar i\u00e7in nas\u0131l faydal\u0131 olabilece\u011fi uygulamal\u0131 olarak \u00f6rnekler ile anlat\u0131lmaktad\u0131r.<\/p>\n","protected":false},"excerpt":{"rendered":"<p>\u201cG\u00fcn\u00fcm\u00fczde, kredi derecelendirme kurulu\u015flar\u0131, k\u00fcreselle\u015fen finansal sistemin \u00f6nemli bir par\u00e7as\u0131d\u0131r ve dolay\u0131s\u0131yla k\u00fcresel ekonomiyi etkilemektedir. G\u00f6revleri, \u00f6zel sekt\u00f6r ve kamudaki potansiyel yat\u0131r\u0131mc\u0131lar i\u00e7in bor\u00e7 veren kurulu\u015flar\u0131n<span class=\"excerpt-hellip\"> [\u2026]<\/span><\/p>\n","protected":false},"featured_media":0,"template":"","meta":{"_monsterinsights_skip_tracking":false,"_monsterinsights_sitenote_active":false,"_monsterinsights_sitenote_note":"","_monsterinsights_sitenote_category":0},"product_brand":[],"product_cat":[13043,14381],"product_tag":[],"class_list":{"0":"post-760285","1":"product","2":"type-product","3":"status-publish","5":"product_cat-ekonomi","6":"product_cat-isletme-muhasebe-maliye","7":"pa_cilt-ciltsiz","8":"pa_tur-kitap","9":"pa_yayinevi-vakifbank-kultur-yayinlari","10":"pa_yazar-feyzullah-yetgin","12":"first","13":"instock","14":"sale","15":"shipping-taxable","16":"purchasable","17":"product-type-simple"},"_links":{"self":[{"href":"https:\/\/roveyayinevi.com.tr\/index.php\/wp-json\/wp\/v2\/product\/760285","targetHints":{"allow":["GET"]}}],"collection":[{"href":"https:\/\/roveyayinevi.com.tr\/index.php\/wp-json\/wp\/v2\/product"}],"about":[{"href":"https:\/\/roveyayinevi.com.tr\/index.php\/wp-json\/wp\/v2\/types\/product"}],"wp:attachment":[{"href":"https:\/\/roveyayinevi.com.tr\/index.php\/wp-json\/wp\/v2\/media?parent=760285"}],"wp:term":[{"taxonomy":"product_brand","embeddable":true,"href":"https:\/\/roveyayinevi.com.tr\/index.php\/wp-json\/wp\/v2\/product_brand?post=760285"},{"taxonomy":"product_cat","embeddable":true,"href":"https:\/\/roveyayinevi.com.tr\/index.php\/wp-json\/wp\/v2\/product_cat?post=760285"},{"taxonomy":"product_tag","embeddable":true,"href":"https:\/\/roveyayinevi.com.tr\/index.php\/wp-json\/wp\/v2\/product_tag?post=760285"}],"curies":[{"name":"wp","href":"https:\/\/api.w.org\/{rel}","templated":true}]}}