{"id":760284,"date":"2025-08-28T09:01:08","date_gmt":"2025-08-28T06:01:08","guid":{"rendered":"https:\/\/roveyayinevi.com.tr\/index.php\/urun\/fakultelerin-kavgasi\/"},"modified":"2026-04-16T03:13:07","modified_gmt":"2026-04-16T00:13:07","slug":"fakultelerin-kavgasi","status":"publish","type":"product","link":"https:\/\/roveyayinevi.com.tr\/index.php\/urun\/fakultelerin-kavgasi\/","title":{"rendered":"Fak\u00fcltelerin Kavgas\u0131"},"content":{"rendered":"<p>Kant Fak\u00fcltelerin Kavgas\u0131\u2019n\u0131, Prusya Kral\u0131 Wilhelm Friedrich\u2019in a\u011fz\u0131ndan kendisine hitaben yaz\u0131lan ve din\u00ee konulara ili\u015fkin yay\u0131n yasa\u011f\u0131yla sonu\u00e7lanan krall\u0131k emirnamesine tepki olarak kaleme alm\u0131\u015ft\u0131r. 1798 y\u0131l\u0131nda, \u00f6l\u00fcm\u00fcnden 6 y\u0131l \u00f6nce yay\u0131mlanan bu \u00e7al\u0131\u015fma, yaln\u0131zca filozof hayattayken yay\u0131mlanan son eseri ve dolay\u0131s\u0131yla bir anlamda onun felsefi vasiyeti de\u011fil, ayn\u0131 zamanda Ayd\u0131nlanma fikrinin son an\u0131tsal metnidir.Kitap, akademik \u00f6zg\u00fcrl\u00fc\u011f\u00fc sine qua non bir ko\u015ful olarak varsayan \u00fcniversite fikriyle ilgili bir projeye dayan\u0131yor fakat onu Yal\u0131n Akl\u0131n S\u0131n\u0131rlar\u0131 \u0130\u00e7inde Din adl\u0131 kitab\u0131n\u0131n devam\u0131 olarak g\u00f6rmek de m\u00fcmk\u00fcn: Kant hem orada ortaya koydu\u011fu g\u00f6r\u00fc\u015fleri daha a\u00e7\u0131k h\u00e2le getiriyor hem de bu kitap dolay\u0131s\u0131yla kendisine ya\u015fat\u0131lan zorluklardan dolay\u0131 birtak\u0131m isimlerle hesapla\u015fmaya gidiyor. Bu nedenle eser, her ne kadar i\u015fin i\u00e7ine t\u0131p ve hukuk fak\u00fcltelerini dahil etse de asl\u0131nda felsefe ve ilahiyat fak\u00fcltelerinin kavgas\u0131na odaklan\u0131yor. Di\u011fer yandan kitab\u0131, Vorl\u00e4nder gibi, Kant\u2019\u0131n hayat\u0131ndaki \u201cde\u011fi\u015fmeyen tek a\u015fk\u0131\u201d felsefeye adanm\u0131\u015f bir metin olarak okumak da m\u00fcmk\u00fcn. Bu kitapla o, hiyerar\u015finin en alt\u0131nda g\u00f6r\u00fclen felsefenin, k\u0131stas \u00f6zg\u00fcrl\u00fck oldu\u011funda en \u00fcstte oldu\u011funu g\u00f6stermeye \u00e7al\u0131\u015f\u0131yor. Bu anlamda elinizdeki eser onun \u00f6zel olarak felsefeye, genel olarak \u00fcniversiteye bir vasiyetidir. Fakat t\u00fcm bunlara ek olarak ayr\u0131ca vurgulanmas\u0131 gereken bir ba\u015fka nokta da kitab\u0131n neredeyse ba\u015ftan sona bir hiciv yaz\u0131s\u0131 oldu\u011fudur.Vak\u0131fBank K\u00fclt\u00fcr Yay\u0131nlar\u0131, Fak\u00fcltelerin Kavgas\u0131\u2019n\u0131; Erol \u00d6zbek\u2019in \u00e7evirisi, Nebil Reyhani\u2019nin edit\u00f6rl\u00fc\u011f\u00fc ve sunu\u015f yaz\u0131s\u0131yla, Almanca asl\u0131 ve T\u00fcrk\u00e7e \u00e7evirisi kar\u015f\u0131l\u0131kl\u0131 olarak okuyucuya sunuyor.<\/p>\n","protected":false},"excerpt":{"rendered":"<p>Kant Fak\u00fcltelerin Kavgas\u0131\u2019n\u0131, Prusya Kral\u0131 Wilhelm Friedrich\u2019in a\u011fz\u0131ndan kendisine hitaben yaz\u0131lan ve din\u00ee konulara ili\u015fkin yay\u0131n yasa\u011f\u0131yla sonu\u00e7lanan krall\u0131k emirnamesine tepki olarak kaleme alm\u0131\u015ft\u0131r. 1798 y\u0131l\u0131nda,<span class=\"excerpt-hellip\"> [\u2026]<\/span><\/p>\n","protected":false},"featured_media":0,"template":"","meta":{"_monsterinsights_skip_tracking":false,"_monsterinsights_sitenote_active":false,"_monsterinsights_sitenote_note":"","_monsterinsights_sitenote_category":0},"product_brand":[],"product_cat":[13072,12291],"product_tag":[],"class_list":{"0":"post-760284","1":"product","2":"type-product","3":"status-publish","5":"product_cat-arastirma-inceleme-referans","6":"product_cat-edebiyat","7":"pa_cilt-ciltsiz","8":"pa_tur-kitap","9":"pa_yayinevi-vakifbank-kultur-yayinlari","10":"pa_yazar-immanuel-kant","12":"first","13":"instock","14":"sale","15":"shipping-taxable","16":"purchasable","17":"product-type-simple"},"_links":{"self":[{"href":"https:\/\/roveyayinevi.com.tr\/index.php\/wp-json\/wp\/v2\/product\/760284","targetHints":{"allow":["GET"]}}],"collection":[{"href":"https:\/\/roveyayinevi.com.tr\/index.php\/wp-json\/wp\/v2\/product"}],"about":[{"href":"https:\/\/roveyayinevi.com.tr\/index.php\/wp-json\/wp\/v2\/types\/product"}],"wp:attachment":[{"href":"https:\/\/roveyayinevi.com.tr\/index.php\/wp-json\/wp\/v2\/media?parent=760284"}],"wp:term":[{"taxonomy":"product_brand","embeddable":true,"href":"https:\/\/roveyayinevi.com.tr\/index.php\/wp-json\/wp\/v2\/product_brand?post=760284"},{"taxonomy":"product_cat","embeddable":true,"href":"https:\/\/roveyayinevi.com.tr\/index.php\/wp-json\/wp\/v2\/product_cat?post=760284"},{"taxonomy":"product_tag","embeddable":true,"href":"https:\/\/roveyayinevi.com.tr\/index.php\/wp-json\/wp\/v2\/product_tag?post=760284"}],"curies":[{"name":"wp","href":"https:\/\/api.w.org\/{rel}","templated":true}]}}