{"id":760283,"date":"2025-08-28T09:01:06","date_gmt":"2025-08-28T06:01:06","guid":{"rendered":"https:\/\/roveyayinevi.com.tr\/index.php\/urun\/sosyal-zihin\/"},"modified":"2026-04-16T03:13:07","modified_gmt":"2026-04-16T00:13:07","slug":"sosyal-zihin","status":"publish","type":"product","link":"https:\/\/roveyayinevi.com.tr\/index.php\/urun\/sosyal-zihin\/","title":{"rendered":"Sosyal Zihin"},"content":{"rendered":"<p>Bili\u015fsel becerilerin \u00e7ocukluktan itibaren nas\u0131l geli\u015fti\u011fi ve bu geli\u015fimin hangi fakt\u00f6rlere ba\u011fl\u0131 oldu\u011fu uzun y\u0131llard\u0131r farkl\u0131 disiplinlerden ara\u015ft\u0131rmac\u0131lar\u0131n ilgisini \u00e7ekmi\u015ftir. Bu konuyu geli\u015fim psikolojisi ve sosyal psikoloji alan\u0131nda yap\u0131lan ara\u015ft\u0131rmalar\u0131n bulgular\u0131 \u00fczerinden ele alan Sosyal Zihin, Bili\u015fsel Geli\u015fimde Sosyal Etkile\u015fimin Rol\u00fc, sosyal yap\u0131land\u0131rmac\u0131 g\u00f6r\u00fc\u015f\u00fcn arg\u00fcmanlar\u0131n\u0131 temel al\u0131yor ve \u00e7ocu\u011fun bili\u015fsel geli\u015fiminin ya\u015fad\u0131\u011f\u0131 sosyal ve k\u00fclt\u00fcrel atmosfer i\u00e7inde, sosyal ili\u015fkilerin deste\u011fiyle ger\u00e7ekle\u015fti\u011fini iddia ediyor. \u00d6zd\u00fczenleme becerisinden ana ve ikinci dil edinimine, ahlak kurallar\u0131n\u0131 \u00f6\u011frenmeden zihinselle\u015ftirmeye kadar pek \u00e7ok bili\u015fsel becerinin geli\u015fimsel s\u00fcrecine \u0131\u015f\u0131k tutan bu kitap, \u00e7ocuklar\u0131n ebeveynleriyle, akranlar\u0131yla ve \u00f6\u011fretmenleriyle kurduklar\u0131 ili\u015fkilerin ve bu ili\u015fkilerin ya\u015fand\u0131\u011f\u0131 sosyal ve k\u00fclt\u00fcrel ortam\u0131n erken ya\u015ftan itibaren bili\u015fsel becerilere nas\u0131l katk\u0131da bulundu\u011funu a\u00e7\u0131kl\u0131yor. Alanlar\u0131nda uzman akademisyen ve ara\u015ft\u0131rmac\u0131lar\u0131n T\u00fcrkiye\u2019de ve uluslararas\u0131 yaz\u0131nda bili\u015fsel geli\u015fim konular\u0131n\u0131 derledi\u011fi Sosyal Zihin, Bili\u015fsel Geli\u015fimde Sosyal Etkile\u015fimin Rol\u00fc, \u00e7ocuklar\u0131n bili\u015fsel becerilerinin yaln\u0131zca biyolojik ve n\u00f6rolojik olgunla\u015fman\u0131n etkisiyle de\u011fil, sosyal ili\u015fkilerin ve sosyo-k\u00fclt\u00fcrel \u00e7evrenin etkisiyle serpildi\u011fini anlamak isteyen ba\u015fta psikoloji olmak \u00fczere bili\u015fsel geli\u015fimi merak eden t\u00fcm okurlar\u0131n ilgisini \u00e7ekecektir.<\/p>\n","protected":false},"excerpt":{"rendered":"<p>Bili\u015fsel becerilerin \u00e7ocukluktan itibaren nas\u0131l geli\u015fti\u011fi ve bu geli\u015fimin hangi fakt\u00f6rlere ba\u011fl\u0131 oldu\u011fu uzun y\u0131llard\u0131r farkl\u0131 disiplinlerden ara\u015ft\u0131rmac\u0131lar\u0131n ilgisini \u00e7ekmi\u015ftir. Bu konuyu geli\u015fim psikolojisi ve sosyal<span class=\"excerpt-hellip\"> [\u2026]<\/span><\/p>\n","protected":false},"featured_media":0,"template":"","meta":{"_monsterinsights_skip_tracking":false,"_monsterinsights_sitenote_active":false,"_monsterinsights_sitenote_note":"","_monsterinsights_sitenote_category":0},"product_brand":[],"product_cat":[14787,13488],"product_tag":[],"class_list":{"0":"post-760283","1":"product","2":"type-product","3":"status-publish","5":"product_cat-diger-toplum-ve-insan","6":"product_cat-toplum-ve-insan","7":"pa_cilt-ciltsiz","8":"pa_tur-kitap","9":"pa_yayinevi-vakifbank-kultur-yayinlari","10":"pa_yazar-kolektif","12":"first","13":"instock","14":"sale","15":"shipping-taxable","16":"purchasable","17":"product-type-simple"},"_links":{"self":[{"href":"https:\/\/roveyayinevi.com.tr\/index.php\/wp-json\/wp\/v2\/product\/760283","targetHints":{"allow":["GET"]}}],"collection":[{"href":"https:\/\/roveyayinevi.com.tr\/index.php\/wp-json\/wp\/v2\/product"}],"about":[{"href":"https:\/\/roveyayinevi.com.tr\/index.php\/wp-json\/wp\/v2\/types\/product"}],"wp:attachment":[{"href":"https:\/\/roveyayinevi.com.tr\/index.php\/wp-json\/wp\/v2\/media?parent=760283"}],"wp:term":[{"taxonomy":"product_brand","embeddable":true,"href":"https:\/\/roveyayinevi.com.tr\/index.php\/wp-json\/wp\/v2\/product_brand?post=760283"},{"taxonomy":"product_cat","embeddable":true,"href":"https:\/\/roveyayinevi.com.tr\/index.php\/wp-json\/wp\/v2\/product_cat?post=760283"},{"taxonomy":"product_tag","embeddable":true,"href":"https:\/\/roveyayinevi.com.tr\/index.php\/wp-json\/wp\/v2\/product_tag?post=760283"}],"curies":[{"name":"wp","href":"https:\/\/api.w.org\/{rel}","templated":true}]}}