{"id":760282,"date":"2025-08-28T09:01:04","date_gmt":"2025-08-28T06:01:04","guid":{"rendered":"https:\/\/roveyayinevi.com.tr\/index.php\/urun\/agac-kasidesi\/"},"modified":"2026-04-16T03:13:07","modified_gmt":"2026-04-16T00:13:07","slug":"agac-kasidesi","status":"publish","type":"product","link":"https:\/\/roveyayinevi.com.tr\/index.php\/urun\/agac-kasidesi\/","title":{"rendered":"A\u011fa\u00e7 Kasidesi"},"content":{"rendered":"<p>\u201cNeyim \u015fu yepyeni y\u00fczy\u0131lda? \u015eair eskisiyim! O, devrim o\u011flu, o bir bay, ya ben ne? D\u00fcnk\u00fc beyim! \u015eu d\u00fcnk\u00fc bey, hani mal\u00fbm, yani bir p\u0131s\u0131r\u0131k! Bug\u00fcnk\u00fc T\u00fcrk\u00e7eyi bilmez, lisan\u0131 bin y\u0131ll\u0131k!\u201d Halil Nihad Boztepe \/A\u011fa\u00e7 Kasidesi\u2019nden Halil Nihad Boztepe\u2019nin A\u011fa\u00e7 Kasidesi Cumhuriyet d\u00f6nemi T\u00fcrk edebiyat\u0131n\u0131n en \u00f6nemli hiciv metinleri aras\u0131nda yer al\u0131r. Himaye-i E\u015fcar Cemiyeti\u2019nin iste\u011fi \u00fczerine kaleme al\u0131nan bu kaside, ilk bask\u0131s\u0131n\u0131 1931 y\u0131l\u0131nda yapar. 1947 y\u0131l\u0131nda geni\u015fletilmi\u015f bask\u0131s\u0131yla toplumsal ele\u015ftirinin dozunu artt\u0131r\u0131r. Aruz vezniyle yaz\u0131lan A\u011fa\u00e7 Kasidesi, Cumhuriyet\u2019in Dil Devrimi\u2019nin yan\u0131nda k\u00fclt\u00fcr politikalar\u0131n\u0131 da ele\u015ftiren bir metindir. Bu metin \u00f6zellikle 1947 bask\u0131s\u0131ndan sonra d\u00f6nemin s\u00fcreli yay\u0131nlar\u0131nda pek \u00e7ok tart\u0131\u015fmay\u0131 da tetikleyerek hem edebiyat\u0131n hem de siyasetin g\u00fcndeminde yerini alm\u0131\u015ft\u0131r. Halide Edib\u2019ten V\u00e2l\u00e2 Nurettin\u2019e, Peyami Safa\u2019dan Hakk\u0131 S\u00fcha Gezgin\u2019e kadar pek \u00e7ok ismin hakk\u0131nda kalem oynatt\u0131\u011f\u0131 bu metin, hem 1931 hem 1947 bask\u0131s\u0131n\u0131 ihtiva ederken d\u00f6nemin s\u00fcreli yay\u0131nlar\u0131nda \u00e7\u0131kan baz\u0131 yaz\u0131lar\u0131 da okurlarla bulu\u015fturuyor. A\u011fa\u00e7 Kasidesi\u2019nde, Boztepe\u2019nin a\u011fa\u00e7 ile dil aras\u0131nda kurdu\u011fu e\u015fsiz ba\u011flant\u0131y\u0131 izlerken bu metnin k\u00f6k ve gelenekle dilin tekam\u00fcl\u00fc aras\u0131ndaki \u00e7izgiyi g\u00f6z ard\u0131 etmememiz noktas\u0131nda ciddi bir ihtar metni oldu\u011funu fark edeceksiniz. Dil ve edebiyat tarihimiz a\u00e7\u0131s\u0131ndan d\u00f6neminde pek \u00e7ok tart\u0131\u015fma yaratan bu metni Vak\u0131fBank K\u00fclt\u00fcr Yay\u0131nlar\u0131 olarak ara\u015ft\u0131rmac\u0131 ve okurlar\u0131n dikkatlerine sunuyoruz.<\/p>\n","protected":false},"excerpt":{"rendered":"<p>\u201cNeyim \u015fu yepyeni y\u00fczy\u0131lda? \u015eair eskisiyim! O, devrim o\u011flu, o bir bay, ya ben ne? D\u00fcnk\u00fc beyim! \u015eu d\u00fcnk\u00fc bey, hani mal\u00fbm, yani bir p\u0131s\u0131r\u0131k! Bug\u00fcnk\u00fc<span class=\"excerpt-hellip\"> [\u2026]<\/span><\/p>\n","protected":false},"featured_media":0,"template":"","meta":{"_monsterinsights_skip_tracking":false,"_monsterinsights_sitenote_active":false,"_monsterinsights_sitenote_note":"","_monsterinsights_sitenote_category":0},"product_brand":[],"product_cat":[12291,12509],"product_tag":[],"class_list":{"0":"post-760282","1":"product","2":"type-product","3":"status-publish","5":"product_cat-edebiyat","6":"product_cat-siir","7":"pa_cilt-ciltsiz","8":"pa_tur-kitap","9":"pa_yayinevi-vakifbank-kultur-yayinlari","10":"pa_yazar-halil-nihad-boztepe","12":"first","13":"instock","14":"sale","15":"shipping-taxable","16":"purchasable","17":"product-type-simple"},"_links":{"self":[{"href":"https:\/\/roveyayinevi.com.tr\/index.php\/wp-json\/wp\/v2\/product\/760282","targetHints":{"allow":["GET"]}}],"collection":[{"href":"https:\/\/roveyayinevi.com.tr\/index.php\/wp-json\/wp\/v2\/product"}],"about":[{"href":"https:\/\/roveyayinevi.com.tr\/index.php\/wp-json\/wp\/v2\/types\/product"}],"wp:attachment":[{"href":"https:\/\/roveyayinevi.com.tr\/index.php\/wp-json\/wp\/v2\/media?parent=760282"}],"wp:term":[{"taxonomy":"product_brand","embeddable":true,"href":"https:\/\/roveyayinevi.com.tr\/index.php\/wp-json\/wp\/v2\/product_brand?post=760282"},{"taxonomy":"product_cat","embeddable":true,"href":"https:\/\/roveyayinevi.com.tr\/index.php\/wp-json\/wp\/v2\/product_cat?post=760282"},{"taxonomy":"product_tag","embeddable":true,"href":"https:\/\/roveyayinevi.com.tr\/index.php\/wp-json\/wp\/v2\/product_tag?post=760282"}],"curies":[{"name":"wp","href":"https:\/\/api.w.org\/{rel}","templated":true}]}}