{"id":760280,"date":"2025-08-28T09:01:01","date_gmt":"2025-08-28T06:01:01","guid":{"rendered":"https:\/\/roveyayinevi.com.tr\/index.php\/urun\/erken-modern-avrupa-tarihi-2\/"},"modified":"2026-04-16T03:13:07","modified_gmt":"2026-04-16T00:13:07","slug":"erken-modern-avrupa-tarihi-2","status":"publish","type":"product","link":"https:\/\/roveyayinevi.com.tr\/index.php\/urun\/erken-modern-avrupa-tarihi-2\/","title":{"rendered":"Erken Modern Avrupa Tarihi"},"content":{"rendered":"<p>Modern Avrupa\u2019n\u0131n te\u015fekk\u00fcl etti\u011fi tarihsel s\u00fcreci ele alan serinin bu ikinci kitab\u0131, Orta\u00e7a\u011f\u2019\u0131n sonlar\u0131ndan 19. y\u00fczy\u0131l\u0131n ba\u015flar\u0131na kadar Avrupa\u2019n\u0131n toplumsal ve iktisadi tarihine odaklan\u0131yor. Hamish Scott\u2019\u0131n edit\u00f6rl\u00fc\u011f\u00fcnde alanlar\u0131nda uzman tarih\u00e7ilerin kaleme ald\u0131\u011f\u0131 on makaleden olu\u015fan bu cilt modern tarih\u00e7ilerin model ve tezlerini de\u011ferlendirirken, g\u00fcncel ara\u015ft\u0131rmalar\u0131n neticelerini de olgun ve veciz bir \u015fekilde sunuyor. Demografik de\u011fi\u015fimler, \u015fehirlerin ve k\u0131rsal\u0131n d\u00f6n\u00fc\u015f\u00fcm\u00fc, Avrupa\u2019daki sosyal d\u00fczen ve yap\u0131lar\u0131n farkl\u0131la\u015fmas\u0131, aile ve hanelerin toplumsal rolleri, bireysel kimlik, benlik ve faillik gibi modernli\u011fi tan\u0131mlayan kavramlar\u0131n erken modern k\u00f6kleri bu cildin konular\u0131ndan. Modern d\u00fcnyan\u0131n t\u00fcketim al\u0131\u015fkanl\u0131klar\u0131 ve maddi ya\u015fam \u015fartlar\u0131, tar\u0131m toplumunun feodal yap\u0131lardan evrilmesi- kapitalistle\u015fmesi ya da modernle\u015fmesi- \u015fehirlerin sosyolojik a\u00e7\u0131dan ge\u00e7irdikleri de\u011fi\u015fimler ve imalat\u0131n toplumsal ve iktisadi ya\u015famda giderek daha fazla merkeze gelmesi de bu ciltte bir\u00e7ok a\u00e7\u0131dan i\u015fleniyor. K\u0131tan\u0131n d\u00f6rt bir taraf\u0131ndaki iktisadi e\u011filim ve d\u00f6ng\u00fcler, pazarlar\u0131n hem k\u0131ta i\u00e7inde hem de k\u00fcresel \u00e7apta b\u00fct\u00fcnle\u015fmesi ve Avrupa\u2019daki ticaret ve sanayinin ilkel tiplerindeki geni\u015flemenin etkileri gibi olgular modern \u00f6ncesi Avrupa\u2019da kapitalist bir ekonominin \u00f6n ko\u015fullar\u0131n\u0131n varl\u0131\u011f\u0131n\u0131 veya yoklu\u011funu kan\u0131tlamak i\u00e7in ara\u015ft\u0131r\u0131lm\u0131\u015ft\u0131. S\u00fcreci modern \u00f6ncesinden ba\u015flay\u0131p modern toplum ve ekonomilere giden s\u00fcre\u00e7 ara\u015ft\u0131rmas\u0131 olarak inceleyen toplum ve iktisat tarih\u00e7ileri ama\u00e7lar\u0131 a\u00e7\u0131s\u0131ndan son derece elveri\u015fli g\u00f6r\u00fcnen erken modern tabirini sahiplendiler. \u00c7a\u011fda\u015f tarihyaz\u0131m\u0131n\u0131n bu dikkat \u00e7ekici yakla\u015f\u0131m\u0131 Vak\u0131fBank K\u00fclt\u00fcr Yay\u0131nlar\u0131\u2019n\u0131n T\u00fcrk tarih\u00e7ili\u011finin hizmetine sundu\u011fu Erken Modern Avrupa Tarihi, Toplumlar ve Ekonomiler T\u00fcrk\u00e7e literat\u00fcrde bir k\u00f6\u015fe ta\u015f\u0131 olacak.<\/p>\n","protected":false},"excerpt":{"rendered":"<p>Modern Avrupa\u2019n\u0131n te\u015fekk\u00fcl etti\u011fi tarihsel s\u00fcreci ele alan serinin bu ikinci kitab\u0131, Orta\u00e7a\u011f\u2019\u0131n sonlar\u0131ndan 19. y\u00fczy\u0131l\u0131n ba\u015flar\u0131na kadar Avrupa\u2019n\u0131n toplumsal ve iktisadi tarihine odaklan\u0131yor. Hamish Scott\u2019\u0131n<span class=\"excerpt-hellip\"> [\u2026]<\/span><\/p>\n","protected":false},"featured_media":0,"template":"","meta":{"_monsterinsights_skip_tracking":false,"_monsterinsights_sitenote_active":false,"_monsterinsights_sitenote_note":"","_monsterinsights_sitenote_category":0},"product_brand":[],"product_cat":[12370,12304],"product_tag":[],"class_list":{"0":"post-760280","1":"product","2":"type-product","3":"status-publish","5":"product_cat-arastirma-inceleme","6":"product_cat-tarih","7":"pa_cilt-ciltsiz","8":"pa_tur-kitap","9":"pa_yayinevi-vakifbank-kultur-yayinlari","10":"pa_yazar-hamish-scott","12":"first","13":"instock","14":"sale","15":"shipping-taxable","16":"purchasable","17":"product-type-simple"},"_links":{"self":[{"href":"https:\/\/roveyayinevi.com.tr\/index.php\/wp-json\/wp\/v2\/product\/760280","targetHints":{"allow":["GET"]}}],"collection":[{"href":"https:\/\/roveyayinevi.com.tr\/index.php\/wp-json\/wp\/v2\/product"}],"about":[{"href":"https:\/\/roveyayinevi.com.tr\/index.php\/wp-json\/wp\/v2\/types\/product"}],"wp:attachment":[{"href":"https:\/\/roveyayinevi.com.tr\/index.php\/wp-json\/wp\/v2\/media?parent=760280"}],"wp:term":[{"taxonomy":"product_brand","embeddable":true,"href":"https:\/\/roveyayinevi.com.tr\/index.php\/wp-json\/wp\/v2\/product_brand?post=760280"},{"taxonomy":"product_cat","embeddable":true,"href":"https:\/\/roveyayinevi.com.tr\/index.php\/wp-json\/wp\/v2\/product_cat?post=760280"},{"taxonomy":"product_tag","embeddable":true,"href":"https:\/\/roveyayinevi.com.tr\/index.php\/wp-json\/wp\/v2\/product_tag?post=760280"}],"curies":[{"name":"wp","href":"https:\/\/api.w.org\/{rel}","templated":true}]}}