{"id":760277,"date":"2025-08-28T09:00:57","date_gmt":"2025-08-28T06:00:57","guid":{"rendered":"https:\/\/roveyayinevi.com.tr\/index.php\/urun\/aristotelesin-donusumu\/"},"modified":"2026-04-16T03:13:07","modified_gmt":"2026-04-16T00:13:07","slug":"aristotelesin-donusumu","status":"publish","type":"product","link":"https:\/\/roveyayinevi.com.tr\/index.php\/urun\/aristotelesin-donusumu\/","title":{"rendered":"Aristoteles\u2019in D\u00f6n\u00fc\u015f\u00fcm\u00fc"},"content":{"rendered":"<p>\u201c\u015e\u00e2rihlerin \u00f6nemi, bir y\u00f6nu\u0308yle Aristoteles\u00e7i ve Yeni-Platoncu okullar\u0131n du\u0308\u015fu\u0308ncelerini ve tedrisat\u0131n\u0131 temsil etmelerinde, di\u011fer y\u00f6nu\u0308yle kay\u0131p felsefi eserlerden bir\u00e7ok orijinal al\u0131nt\u0131y\u0131 koruyarak Antik Yunan felsefesinin 1100 senelik panoramas\u0131n\u0131 sunmalar\u0131nda yatmaktad\u0131r. Daha da \u00f6nemlisi \u015f\u00e2rihler, kendilerinden sonraki d\u00f6nemde \u0130slam ve Avrupa felsefesi u\u0308zerinde derin etkiler olu\u015fturmu\u015flard\u0131r. Bu, k\u0131smen Orta \u00c7a\u011f ve R\u00f6nesans bilimine ilham veren Aristoteles kar\u015f\u0131t\u0131 malzemeyi korumalar\u0131ndan, ama daha \u00e7ok Aristoteles\u2019i Hristiyan Kilisesi taraf\u0131ndan kabul edilebilir h\u00e2le gelecek \u015fekilde d\u00f6nu\u0308\u015ftu\u0308ru\u0308lmu\u0308\u015f bir surette sunmalar\u0131ndan kaynaklan\u0131yordu. Daha sonraki du\u0308\u015fu\u0308nu\u0308rlerin g\u00f6ru\u0308\u015flerinin arka plan\u0131n\u0131, sadece orijinal Aristoteles de\u011fil, d\u00f6nu\u0308\u015ftu\u0308ru\u0308lmu\u0308\u015f ve \u015f\u00e2rihlerin felsefesine g\u00f6mu\u0308lu\u0308 olan bu Aristoteles olu\u015fturmaktad\u0131r.\u201d \u0130lk kez T\u00fcrk okuruyla bulu\u015fan Aristoteles\u2019in D\u00f6n\u00fc\u015f\u00fcm\u00fc, Aristoteles\u2019in eserlerine \u015ferh yazan antik d\u00f6nem \u015f\u00e2rihlerinin \u00f6yk\u00fcs\u00fcn\u00fc kitap \u00f6l\u00e7e\u011finde ve b\u00fct\u00fcnl\u00fckl\u00fc bir \u015fekilde anlatan ilk eserdir. Richard Sorabji\u2019nin edit\u00f6rl\u00fc\u011f\u00fcnde bir araya getirilen ve Aristoteles\u2019in antik \u015f\u00e2rihler eliyle nas\u0131l bir d\u00f6n\u00fc\u015f\u00fcmden ge\u00e7ti\u011fini ve \u015ferh gelene\u011finin arka plan\u0131n\u0131 g\u00f6zler \u00f6n\u00fcne seren makalelerin her biri, bu d\u00f6n\u00fc\u015f\u00fcmde katk\u0131s\u0131 olan isimler ve metinlere ili\u015fkin kapsaml\u0131 bir inceleme y\u00fcr\u00fctmektedir.<\/p>\n","protected":false},"excerpt":{"rendered":"<p>\u201c\u015e\u00e2rihlerin \u00f6nemi, bir y\u00f6nu\u0308yle Aristoteles\u00e7i ve Yeni-Platoncu okullar\u0131n du\u0308\u015fu\u0308ncelerini ve tedrisat\u0131n\u0131 temsil etmelerinde, di\u011fer y\u00f6nu\u0308yle kay\u0131p felsefi eserlerden bir\u00e7ok orijinal al\u0131nt\u0131y\u0131 koruyarak Antik Yunan felsefesinin 1100<span class=\"excerpt-hellip\"> [\u2026]<\/span><\/p>\n","protected":false},"featured_media":0,"template":"","meta":{"_monsterinsights_skip_tracking":false,"_monsterinsights_sitenote_active":false,"_monsterinsights_sitenote_note":"","_monsterinsights_sitenote_category":0},"product_brand":[],"product_cat":[12388],"product_tag":[],"class_list":{"0":"post-760277","1":"product","2":"type-product","3":"status-publish","5":"product_cat-felsefe","6":"pa_cilt-ciltsiz","7":"pa_tur-kitap","8":"pa_yayinevi-vakifbank-kultur-yayinlari","9":"pa_yazar-richard-sorabji","11":"first","12":"instock","13":"sale","14":"shipping-taxable","15":"purchasable","16":"product-type-simple"},"_links":{"self":[{"href":"https:\/\/roveyayinevi.com.tr\/index.php\/wp-json\/wp\/v2\/product\/760277","targetHints":{"allow":["GET"]}}],"collection":[{"href":"https:\/\/roveyayinevi.com.tr\/index.php\/wp-json\/wp\/v2\/product"}],"about":[{"href":"https:\/\/roveyayinevi.com.tr\/index.php\/wp-json\/wp\/v2\/types\/product"}],"wp:attachment":[{"href":"https:\/\/roveyayinevi.com.tr\/index.php\/wp-json\/wp\/v2\/media?parent=760277"}],"wp:term":[{"taxonomy":"product_brand","embeddable":true,"href":"https:\/\/roveyayinevi.com.tr\/index.php\/wp-json\/wp\/v2\/product_brand?post=760277"},{"taxonomy":"product_cat","embeddable":true,"href":"https:\/\/roveyayinevi.com.tr\/index.php\/wp-json\/wp\/v2\/product_cat?post=760277"},{"taxonomy":"product_tag","embeddable":true,"href":"https:\/\/roveyayinevi.com.tr\/index.php\/wp-json\/wp\/v2\/product_tag?post=760277"}],"curies":[{"name":"wp","href":"https:\/\/api.w.org\/{rel}","templated":true}]}}