{"id":760276,"date":"2025-08-28T09:00:55","date_gmt":"2025-08-28T06:00:55","guid":{"rendered":"https:\/\/roveyayinevi.com.tr\/index.php\/urun\/yukari-bak-resimli-teleskop-rehberi\/"},"modified":"2026-04-16T03:13:07","modified_gmt":"2026-04-16T00:13:07","slug":"yukari-bak-resimli-teleskop-rehberi","status":"publish","type":"product","link":"https:\/\/roveyayinevi.com.tr\/index.php\/urun\/yukari-bak-resimli-teleskop-rehberi\/","title":{"rendered":"Yukar\u0131 Bak &#8211; Resimli Teleskop Rehberi"},"content":{"rendered":"<p>G\u00f6ky\u00fcz\u00fcn\u00fcn bir\u00e7ok harikas\u0131 sadece gece yukar\u0131ya bakarak g\u00f6r\u00fclebilir. Ancak evrenimizin ger\u00e7ek gizemlerini anlamak i\u00e7in devasa teleskoplar\u0131n ve g\u00f6zlemevlerinin g\u00fc\u00e7l\u00fc merceklerinden milyonlarca \u0131\u015f\u0131k y\u0131l\u0131 \u00f6teye bakman\u0131z gerekecek.Karadelikleri, patlayan s\u00fcpernovalar\u0131 ve zaman\u0131n ba\u015flang\u0131c\u0131ndan beri s\u00fcz\u00fclen \u0131\u015f\u0131\u011f\u0131 g\u00f6rmek i\u00e7in bu kitapla \u00e7\u00f6lden y\u0131ld\u0131zlara resimli bir yolculu\u011fa \u00e7\u0131k\u0131n.<\/p>\n","protected":false},"excerpt":{"rendered":"<p>G\u00f6ky\u00fcz\u00fcn\u00fcn bir\u00e7ok harikas\u0131 sadece gece yukar\u0131ya bakarak g\u00f6r\u00fclebilir. Ancak evrenimizin ger\u00e7ek gizemlerini anlamak i\u00e7in devasa teleskoplar\u0131n ve g\u00f6zlemevlerinin g\u00fc\u00e7l\u00fc merceklerinden milyonlarca \u0131\u015f\u0131k y\u0131l\u0131 \u00f6teye bakman\u0131z gerekecek.Karadelikleri,<span class=\"excerpt-hellip\"> [\u2026]<\/span><\/p>\n","protected":false},"featured_media":0,"template":"","meta":{"_monsterinsights_skip_tracking":false,"_monsterinsights_sitenote_active":false,"_monsterinsights_sitenote_note":"","_monsterinsights_sitenote_category":0},"product_brand":[],"product_cat":[13829,12274],"product_tag":[],"class_list":{"0":"post-760276","1":"product","2":"type-product","3":"status-publish","5":"product_cat-bilimsel-kitaplar","6":"product_cat-cocuk-ve-genclik-kitaplari","7":"pa_cilt-ciltsiz","8":"pa_tur-kitap","9":"pa_yayinevi-vakifbank-kultur-yayinlari","10":"pa_yazar-jacob-kramer-stephanie-scholz","12":"first","13":"instock","14":"sale","15":"shipping-taxable","16":"purchasable","17":"product-type-simple"},"_links":{"self":[{"href":"https:\/\/roveyayinevi.com.tr\/index.php\/wp-json\/wp\/v2\/product\/760276","targetHints":{"allow":["GET"]}}],"collection":[{"href":"https:\/\/roveyayinevi.com.tr\/index.php\/wp-json\/wp\/v2\/product"}],"about":[{"href":"https:\/\/roveyayinevi.com.tr\/index.php\/wp-json\/wp\/v2\/types\/product"}],"wp:attachment":[{"href":"https:\/\/roveyayinevi.com.tr\/index.php\/wp-json\/wp\/v2\/media?parent=760276"}],"wp:term":[{"taxonomy":"product_brand","embeddable":true,"href":"https:\/\/roveyayinevi.com.tr\/index.php\/wp-json\/wp\/v2\/product_brand?post=760276"},{"taxonomy":"product_cat","embeddable":true,"href":"https:\/\/roveyayinevi.com.tr\/index.php\/wp-json\/wp\/v2\/product_cat?post=760276"},{"taxonomy":"product_tag","embeddable":true,"href":"https:\/\/roveyayinevi.com.tr\/index.php\/wp-json\/wp\/v2\/product_tag?post=760276"}],"curies":[{"name":"wp","href":"https:\/\/api.w.org\/{rel}","templated":true}]}}