{"id":760273,"date":"2025-08-28T09:00:50","date_gmt":"2025-08-28T06:00:50","guid":{"rendered":"https:\/\/roveyayinevi.com.tr\/index.php\/urun\/bir-liranin-basindan-gecenler\/"},"modified":"2026-04-16T03:13:07","modified_gmt":"2026-04-16T00:13:07","slug":"bir-liranin-basindan-gecenler","status":"publish","type":"product","link":"https:\/\/roveyayinevi.com.tr\/index.php\/urun\/bir-liranin-basindan-gecenler\/","title":{"rendered":"Bir Liran\u0131n Ba\u015f\u0131ndan Ge\u00e7enler"},"content":{"rendered":"<p>\u201c\u015e\u00f6yle etraf\u0131n\u0131za g\u00f6z gezdirdi\u011finiz zaman bir lira i\u00e7in birbirine dar\u0131lan, bir liran\u0131n hat\u0131r\u0131 i\u00e7in m\u00fcrailik eden, yalan s\u00f6yleyen, boyun e\u011fen, nice k\u00fc\u00e7\u00fckl\u00fcklere katlanan, gene o lira i\u00e7in ba\u015fkalar\u0131n\u0131n rahat\u0131n\u0131 ka\u00e7\u0131ran, kuyusunu kazan ka\u00e7 bin ki\u015fiye rasgelirsiniz?  Hep o, bir tek lira i\u00e7in birbirini b\u0131\u00e7aklayan insanlar, bir tek lira i\u00e7in karde\u015fini bo\u011fan, babas\u0131n\u0131 bo\u011fazlayan mahl\u00fbklar bile g\u00f6r\u00fclm\u00fc\u015ft\u00fcr.  Bir tek liran\u0131n etraf\u0131nda bazen ne b\u00fcy\u00fck esrar k\u00fcmeleniyor; bir tek lira bazen ne kar\u0131\u015f\u0131k esrar\u0131 \u00e7\u00f6zebiliyor!  Bu, bir tek lira bendim i\u015fte&#8230; Fakat b\u00fct\u00fcn bu saltanat\u0131 bu gece kaybettim!\u201d  Kemal Rag\u0131b Enson\u2019un 1932\u2019de tefrika etti\u011fi ve ilk defa kitapla\u015fan Bir Liran\u0131n Ba\u015f\u0131ndan Ge\u00e7enler edebiyat\u0131m\u0131zda daha \u00f6nce benzeri g\u00f6r\u00fclmemi\u015f bir fikrin etraf\u0131nda kurulmu\u015ftur: 1930\u2019lar\u0131n \u0130stanbul\u2019undaki olaylar, h\u00e2ller, arzular, ihtiya\u00e7lar o d\u00f6nem dola\u015f\u0131mda olan en k\u00fc\u00e7\u00fck k\u00e2\u011f\u0131t para olan 1 liran\u0131n g\u00f6z\u00fcnden ve sesinden anlat\u0131l\u0131r. Farkl\u0131 sosyal katmanlardan, s\u0131n\u0131flardan, cinsiyetlerden insanlar\u0131 bir araya getiren para, bu roman\u0131n esas \u00f6znesidir. 1 lira, sokaklar\u0131, d\u00fckk\u00e2nlar\u0131, evleri, meydanlar\u0131, tramvaylar\u0131, metruk yap\u0131lar\u0131, kumarhaneleri, batakhaneleri, muayenehaneleri, \u015fantiyeleri dola\u015f\u0131rken hik\u00e2yeler, insanlar, arzular ve h\u0131rslar da birbirine dola\u015f\u0131r. Paran\u0131n tedav\u00fcle giri\u015finin ve tedav\u00fclden \u00e7\u0131k\u0131\u015f\u0131n\u0131n bu benzersiz anlat\u0131s\u0131 arac\u0131l\u0131\u011f\u0131yla okurlar, d\u00f6nemin insan ili\u015fkilerini, k\u00fclt\u00fcrel gerilimlerini ve ekonomik vaziyetini takip edebilirler.<\/p>\n","protected":false},"excerpt":{"rendered":"<p>\u201c\u015e\u00f6yle etraf\u0131n\u0131za g\u00f6z gezdirdi\u011finiz zaman bir lira i\u00e7in birbirine dar\u0131lan, bir liran\u0131n hat\u0131r\u0131 i\u00e7in m\u00fcrailik eden, yalan s\u00f6yleyen, boyun e\u011fen, nice k\u00fc\u00e7\u00fckl\u00fcklere katlanan, gene o lira<span class=\"excerpt-hellip\"> [\u2026]<\/span><\/p>\n","protected":false},"featured_media":0,"template":"","meta":{"_monsterinsights_skip_tracking":false,"_monsterinsights_sitenote_active":false,"_monsterinsights_sitenote_note":"","_monsterinsights_sitenote_category":0},"product_brand":[],"product_cat":[18545,12291],"product_tag":[],"class_list":{"0":"post-760273","1":"product","2":"type-product","3":"status-publish","5":"product_cat-anlati","6":"product_cat-edebiyat","7":"pa_cilt-ciltsiz","8":"pa_tur-kitap","9":"pa_yayinevi-vakifbank-kultur-yayinlari","10":"pa_yazar-kemal-ragib-enson","12":"first","13":"instock","14":"sale","15":"shipping-taxable","16":"purchasable","17":"product-type-simple"},"_links":{"self":[{"href":"https:\/\/roveyayinevi.com.tr\/index.php\/wp-json\/wp\/v2\/product\/760273","targetHints":{"allow":["GET"]}}],"collection":[{"href":"https:\/\/roveyayinevi.com.tr\/index.php\/wp-json\/wp\/v2\/product"}],"about":[{"href":"https:\/\/roveyayinevi.com.tr\/index.php\/wp-json\/wp\/v2\/types\/product"}],"wp:attachment":[{"href":"https:\/\/roveyayinevi.com.tr\/index.php\/wp-json\/wp\/v2\/media?parent=760273"}],"wp:term":[{"taxonomy":"product_brand","embeddable":true,"href":"https:\/\/roveyayinevi.com.tr\/index.php\/wp-json\/wp\/v2\/product_brand?post=760273"},{"taxonomy":"product_cat","embeddable":true,"href":"https:\/\/roveyayinevi.com.tr\/index.php\/wp-json\/wp\/v2\/product_cat?post=760273"},{"taxonomy":"product_tag","embeddable":true,"href":"https:\/\/roveyayinevi.com.tr\/index.php\/wp-json\/wp\/v2\/product_tag?post=760273"}],"curies":[{"name":"wp","href":"https:\/\/api.w.org\/{rel}","templated":true}]}}