{"id":760272,"date":"2025-08-28T09:00:48","date_gmt":"2025-08-28T06:00:48","guid":{"rendered":"https:\/\/roveyayinevi.com.tr\/index.php\/urun\/cat-pat-bam\/"},"modified":"2026-04-13T03:20:54","modified_gmt":"2026-04-13T00:20:54","slug":"cat-pat-bam","status":"publish","type":"product","link":"https:\/\/roveyayinevi.com.tr\/index.php\/urun\/cat-pat-bam\/","title":{"rendered":"\u00c7at! Pat! Bam!"},"content":{"rendered":"<p>D\u00fcnyan\u0131n en g\u00fcr\u00fclt\u00fcc\u00fc ekibiyle tan\u0131\u015f\u0131n: \u00c7AT! PAT! ve BAM! Ba\u011f\u0131r, \u00e7a\u011f\u0131r, \u00e7\u0131\u011fl\u0131k at! Bildikleri tek \u015fey buydu. Derken bir g\u00fcn\u2026 FISILTI, MIRILTI ve SUSPUS ile tan\u0131\u015ft\u0131lar. Tam anlam\u0131yla neye u\u011frad\u0131klar\u0131n\u0131 \u015fa\u015f\u0131rd\u0131lar! Sakinle\u015fmeyi \u00f6\u011frendikten sonra\u2026 bazen g\u00fcr\u00fclt\u00fcl\u00fc bazen de sessiz sakin oyunlarla hep birlikte e\u011flencenin tad\u0131na vard\u0131lar!<\/p>\n","protected":false},"excerpt":{"rendered":"<p>D\u00fcnyan\u0131n en g\u00fcr\u00fclt\u00fcc\u00fc ekibiyle tan\u0131\u015f\u0131n: \u00c7AT! PAT! ve BAM! Ba\u011f\u0131r, \u00e7a\u011f\u0131r, \u00e7\u0131\u011fl\u0131k at! Bildikleri tek \u015fey buydu. Derken bir g\u00fcn\u2026 FISILTI, MIRILTI ve SUSPUS ile tan\u0131\u015ft\u0131lar.<span class=\"excerpt-hellip\"> [\u2026]<\/span><\/p>\n","protected":false},"featured_media":0,"template":"","meta":{"_monsterinsights_skip_tracking":false,"_monsterinsights_sitenote_active":false,"_monsterinsights_sitenote_note":"","_monsterinsights_sitenote_category":0},"product_brand":[],"product_cat":[12274,12284],"product_tag":[],"class_list":{"0":"post-760272","1":"product","2":"type-product","3":"status-publish","5":"product_cat-cocuk-ve-genclik-kitaplari","6":"product_cat-hikayeler","7":"pa_cilt-ciltsiz","8":"pa_tur-kitap","9":"pa_yayinevi-vakifbank-kultur-yayinlari","10":"pa_yazar-neil-clark","12":"first","13":"instock","14":"sale","15":"shipping-taxable","16":"purchasable","17":"product-type-simple"},"_links":{"self":[{"href":"https:\/\/roveyayinevi.com.tr\/index.php\/wp-json\/wp\/v2\/product\/760272","targetHints":{"allow":["GET"]}}],"collection":[{"href":"https:\/\/roveyayinevi.com.tr\/index.php\/wp-json\/wp\/v2\/product"}],"about":[{"href":"https:\/\/roveyayinevi.com.tr\/index.php\/wp-json\/wp\/v2\/types\/product"}],"wp:attachment":[{"href":"https:\/\/roveyayinevi.com.tr\/index.php\/wp-json\/wp\/v2\/media?parent=760272"}],"wp:term":[{"taxonomy":"product_brand","embeddable":true,"href":"https:\/\/roveyayinevi.com.tr\/index.php\/wp-json\/wp\/v2\/product_brand?post=760272"},{"taxonomy":"product_cat","embeddable":true,"href":"https:\/\/roveyayinevi.com.tr\/index.php\/wp-json\/wp\/v2\/product_cat?post=760272"},{"taxonomy":"product_tag","embeddable":true,"href":"https:\/\/roveyayinevi.com.tr\/index.php\/wp-json\/wp\/v2\/product_tag?post=760272"}],"curies":[{"name":"wp","href":"https:\/\/api.w.org\/{rel}","templated":true}]}}