{"id":760271,"date":"2025-08-28T09:00:47","date_gmt":"2025-08-28T06:00:47","guid":{"rendered":"https:\/\/roveyayinevi.com.tr\/index.php\/urun\/safevi-irani-pers-imparatorlugunun-yeniden-dogusu\/"},"modified":"2026-04-16T03:13:07","modified_gmt":"2026-04-16T00:13:07","slug":"safevi-irani-pers-imparatorlugunun-yeniden-dogusu","status":"publish","type":"product","link":"https:\/\/roveyayinevi.com.tr\/index.php\/urun\/safevi-irani-pers-imparatorlugunun-yeniden-dogusu\/","title":{"rendered":"Safevi \u0130ran\u0131: Pers \u0130mparatorlu\u011fu&#8217;nun Yeniden Do\u011fu\u015fu"},"content":{"rendered":"<p>1979 \u0130ran Devrimi\u2019nin ard\u0131ndan d\u00fcnya kamuoyu g\u00f6zlerini \u0130ran topraklar\u0131nda On \u0130ki \u0130mam \u015eiili\u011fini ilk defa resm\u00ee mezhep olarak kabul eden Safev\u00eelere \u00e7evirdi. Safev\u00ee tarihine duyulan bu merak, s\u00f6z konusu d\u00f6neme ili\u015fkin akademik \u00e7al\u0131\u015fmalara yeni bir soluk getirdi. Fakat bu \u00e7al\u0131\u015fmalar bir dizi problemi de beraberinde getirdi: Safev\u00ee tarihi Avrupa-merkezci bir perspektife s\u0131k\u0131\u015ft\u0131; Osmanl\u0131 tarihine reva g\u00f6r\u00fclen ilerleme-gerileme gibi indirgemeci yakla\u015f\u0131mlar bu \u00f6nemli erken modern d\u00f6nem devletinin tarihini anla\u015f\u0131lmaz bir h\u00e2le getirdi.Edinburgh \u00dcniversitesi profes\u00f6rlerinden Andrew J. Newman\u2019\u0131n Safev\u00ee \u0130ran\u0131: Pers \u0130mparatorlu\u011fu\u2019nun Yeniden Do\u011fu\u015fu ba\u015fl\u0131kl\u0131 \u00e7al\u0131\u015fmas\u0131 g\u00fcn\u00fcm\u00fcz Safev\u00ee tarihi \u00e7al\u0131\u015fmalar\u0131nda \u00f6nemli bir merhaleyi temsil etmektedir. Bu eser, E. Brown, V. Minorsky ve L. Lockhart ve onlar\u0131n \u00e7al\u0131\u015fmalar\u0131n\u0131n bir \u00f6zetini sunan, hemen Devrim sonras\u0131nda yay\u0131nlanm\u0131\u015f Roger Savory\u2019nin eserlerinden farkl\u0131 bir perspektif sunuyor ve yeni sorular soruyor. Safev\u00ee \u00f6ncesi \u0130ran k\u00fclt\u00fcr\u00fc ve bu yeni hanedan\u0131n s\u00f6z konusu k\u00fclt\u00fcrle nas\u0131l bir ili\u015fki kurdu\u011fu; Safev\u00ee hanedan\u0131n\u0131n nas\u0131l bu kadar uzun \u00f6m\u00fcrl\u00fc olabildi\u011fi, \u015eiili\u011fin bu hik\u00e2yedeki konumu ve \u00f6nemi, T\u00fcrkmen kabilelerinin siyasi ve sosyal pozisyonlar\u0131 kitap boyunca \u00e7e\u015fitli a\u00e7\u0131lardan ele al\u0131n\u0131yor. Safev\u00eelerin \u201c\u00e7oklu s\u00f6ylemi\u201d, \u201cbirle\u015ftirici h\u00fck\u00fcmdar\u201d idealleri ve \u201ckapsay\u0131c\u0131l\u0131klar\u0131\u201d Newman\u2019\u0131n bu devleti tan\u0131mlarken kulland\u0131\u011f\u0131 kavramlar olarak \u00f6ne \u00e7\u0131k\u0131yor. Fars\u00e7a ba\u015fta olmak \u00fczere bir\u00e7ok dilde birincil kaynaklar kullan\u0131larak titiz bir ara\u015ft\u0131rmayla yaz\u0131lm\u0131\u015f bu eser, T\u00fcrk\u00e7e Safev\u00ee tarihi \u00e7al\u0131\u015fmalar\u0131nda \u00f6nemli bir konuma sahip olacakt\u0131r.<\/p>\n","protected":false},"excerpt":{"rendered":"<p>1979 \u0130ran Devrimi\u2019nin ard\u0131ndan d\u00fcnya kamuoyu g\u00f6zlerini \u0130ran topraklar\u0131nda On \u0130ki \u0130mam \u015eiili\u011fini ilk defa resm\u00ee mezhep olarak kabul eden Safev\u00eelere \u00e7evirdi. Safev\u00ee tarihine duyulan bu<span class=\"excerpt-hellip\"> [\u2026]<\/span><\/p>\n","protected":false},"featured_media":0,"template":"","meta":{"_monsterinsights_skip_tracking":false,"_monsterinsights_sitenote_active":false,"_monsterinsights_sitenote_note":"","_monsterinsights_sitenote_category":0},"product_brand":[],"product_cat":[12305,12304],"product_tag":[],"class_list":{"0":"post-760271","1":"product","2":"type-product","3":"status-publish","5":"product_cat-dunya-tarihi","6":"product_cat-tarih","7":"pa_cilt-ciltsiz","8":"pa_tur-kitap","9":"pa_yayinevi-vakifbank-kultur-yayinlari","10":"pa_yazar-andrew-j-newman","12":"first","13":"instock","14":"sale","15":"shipping-taxable","16":"purchasable","17":"product-type-simple"},"_links":{"self":[{"href":"https:\/\/roveyayinevi.com.tr\/index.php\/wp-json\/wp\/v2\/product\/760271","targetHints":{"allow":["GET"]}}],"collection":[{"href":"https:\/\/roveyayinevi.com.tr\/index.php\/wp-json\/wp\/v2\/product"}],"about":[{"href":"https:\/\/roveyayinevi.com.tr\/index.php\/wp-json\/wp\/v2\/types\/product"}],"wp:attachment":[{"href":"https:\/\/roveyayinevi.com.tr\/index.php\/wp-json\/wp\/v2\/media?parent=760271"}],"wp:term":[{"taxonomy":"product_brand","embeddable":true,"href":"https:\/\/roveyayinevi.com.tr\/index.php\/wp-json\/wp\/v2\/product_brand?post=760271"},{"taxonomy":"product_cat","embeddable":true,"href":"https:\/\/roveyayinevi.com.tr\/index.php\/wp-json\/wp\/v2\/product_cat?post=760271"},{"taxonomy":"product_tag","embeddable":true,"href":"https:\/\/roveyayinevi.com.tr\/index.php\/wp-json\/wp\/v2\/product_tag?post=760271"}],"curies":[{"name":"wp","href":"https:\/\/api.w.org\/{rel}","templated":true}]}}