{"id":760268,"date":"2025-08-28T09:00:41","date_gmt":"2025-08-28T06:00:41","guid":{"rendered":"https:\/\/roveyayinevi.com.tr\/index.php\/urun\/powerless-ciltli\/"},"modified":"2026-04-16T03:13:06","modified_gmt":"2026-04-16T00:13:06","slug":"powerless-ciltli","status":"publish","type":"product","link":"https:\/\/roveyayinevi.com.tr\/index.php\/urun\/powerless-ciltli\/","title":{"rendered":"Powerless (Ciltli)"},"content":{"rendered":"<p>Ilya krall\u0131\u011f\u0131 sadece s\u0131ra d\u0131s\u0131 olanlar\u0131n yurdu\u2026   Se\u00e7kinler,on y\u0131llard\u0131r Veba\u2019n\u0131n onlara bah\u015fetti\u011fi g\u00fc\u00e7lere sahip.S\u0131radan do\u011fanlar ise ad\u0131 \u00fcst\u00fcnde s\u0131radan olan,Ilya krall\u0131\u011f\u0131ndan s\u00fcr\u00fclen ve toplumdan d\u0131\u015flanan bireyler.   Bunu kimse,Se\u00e7kinler\u2019in aras\u0131nda kar\u0131\u015fmak i\u00e7in Psi\u015fik rol\u00fc yapan Paedyn Gray\u2019den iyi bilemez. Ilya prenslerinden biri olan Kai Azer\u2019I fark\u0131nda omadan kurtard\u0131\u011f\u0131nda,Paedyen kendini Se\u00e7kinler\u2019in g\u00fc\u00e7lerini sergiledikleri ac\u0131mas\u0131z yar\u0131\u015fma Ar\u0131nma S\u0131navlar\u0131nda buluyor.   S\u0131navlar ve rakipler Paedyn\u2019I \u00f6ld\u00fcrmezse bunu a\u015f\u0131k olmamak i\u00e7in sava\u015ft\u0131\u011f\u0131 Prens yapacak. Tabi onun ne oldu\u011funu \u00f6\u011frenirse\u2026 Tamamen S\u0131radan.   T\u00fcm d\u00fcnyada f\u0131rt\u0131na gibi esen destans\u0131 ve tutku dolu fantastic \u00fc\u00e7lemenin ilk kitab\u0131,ayaklar\u0131n\u0131z\u0131 yerden kesecek.<\/p>\n","protected":false},"excerpt":{"rendered":"<p>Ilya krall\u0131\u011f\u0131 sadece s\u0131ra d\u0131s\u0131 olanlar\u0131n yurdu\u2026 Se\u00e7kinler,on y\u0131llard\u0131r Veba\u2019n\u0131n onlara bah\u015fetti\u011fi g\u00fc\u00e7lere sahip.S\u0131radan do\u011fanlar ise ad\u0131 \u00fcst\u00fcnde s\u0131radan olan,Ilya krall\u0131\u011f\u0131ndan s\u00fcr\u00fclen ve toplumdan d\u0131\u015flanan bireyler.<span class=\"excerpt-hellip\"> [\u2026]<\/span><\/p>\n","protected":false},"featured_media":0,"template":"","meta":{"_monsterinsights_skip_tracking":false,"_monsterinsights_sitenote_active":false,"_monsterinsights_sitenote_note":"","_monsterinsights_sitenote_category":0},"product_brand":[],"product_cat":[12291,14777],"product_tag":[],"class_list":{"0":"post-760268","1":"product","2":"type-product","3":"status-publish","5":"product_cat-edebiyat","6":"product_cat-fantastik","7":"pa_cilt-ciltli","8":"pa_tur-kitap","9":"pa_yayinevi-beta-byou","10":"pa_yazar-lauren-roberts","12":"first","13":"instock","14":"sale","15":"shipping-taxable","16":"purchasable","17":"product-type-simple"},"_links":{"self":[{"href":"https:\/\/roveyayinevi.com.tr\/index.php\/wp-json\/wp\/v2\/product\/760268","targetHints":{"allow":["GET"]}}],"collection":[{"href":"https:\/\/roveyayinevi.com.tr\/index.php\/wp-json\/wp\/v2\/product"}],"about":[{"href":"https:\/\/roveyayinevi.com.tr\/index.php\/wp-json\/wp\/v2\/types\/product"}],"wp:attachment":[{"href":"https:\/\/roveyayinevi.com.tr\/index.php\/wp-json\/wp\/v2\/media?parent=760268"}],"wp:term":[{"taxonomy":"product_brand","embeddable":true,"href":"https:\/\/roveyayinevi.com.tr\/index.php\/wp-json\/wp\/v2\/product_brand?post=760268"},{"taxonomy":"product_cat","embeddable":true,"href":"https:\/\/roveyayinevi.com.tr\/index.php\/wp-json\/wp\/v2\/product_cat?post=760268"},{"taxonomy":"product_tag","embeddable":true,"href":"https:\/\/roveyayinevi.com.tr\/index.php\/wp-json\/wp\/v2\/product_tag?post=760268"}],"curies":[{"name":"wp","href":"https:\/\/api.w.org\/{rel}","templated":true}]}}