{"id":760266,"date":"2025-08-28T09:00:37","date_gmt":"2025-08-28T06:00:37","guid":{"rendered":"https:\/\/roveyayinevi.com.tr\/index.php\/urun\/usulden-yonteme-mehmed-fuad-koprulunun-edebiyat-tarihciligi\/"},"modified":"2026-04-16T03:13:06","modified_gmt":"2026-04-16T00:13:06","slug":"usulden-yonteme-mehmed-fuad-koprulunun-edebiyat-tarihciligi","status":"publish","type":"product","link":"https:\/\/roveyayinevi.com.tr\/index.php\/urun\/usulden-yonteme-mehmed-fuad-koprulunun-edebiyat-tarihciligi\/","title":{"rendered":"Usulden Y\u00f6nteme &#8211; Mehmed Fuad K\u00f6pr\u00fcl\u00fc&#8217;n\u00fcn Edebiyat Tarih\u00e7ili\u011fi"},"content":{"rendered":"<p>Mehmed Fuad K\u00f6pr\u00fcl\u00fc\u2019n\u00fcn \u201cT\u00fcrk Edebiyat\u0131 Tarihinde Us\u00fbl\u201d makalesi, yay\u0131mland\u0131\u011f\u0131 tarihten itibaren T\u00fcrk edebiyat\u0131 \u00e7al\u0131\u015fmalar\u0131 i\u00e7in vazge\u00e7ilmez kaynaklardan biri olmu\u015ftur. T\u00fcrk edebiyat\u0131n\u0131n kurucu metinlerinden biri olan bu makale, edebiyat tarihi yaz\u0131m\u0131nda us\u00fbl fikrinin neye tekab\u00fcl etti\u011fini sistematikle\u015ftirerek ele almas\u0131 y\u00f6n\u00fcyle \u00f6ne \u00e7\u0131kar. Bu kitapta yer alan metinler T\u00fcrk edebiyat\u0131 ara\u015ft\u0131rmac\u0131lar\u0131 i\u00e7in kolektif bir tart\u0131\u015fma zemini sa\u011flayarak ulus, dil ve edebiyat ili\u015fkisini, metinleraras\u0131l\u0131\u011f\u0131n yaratt\u0131\u011f\u0131 imk\u00e2nlar\u0131 ve a\u00e7mazlar\u0131, edebiyat tarihinde us\u00fbl\u00fc belirleyen \u00f6l\u00e7\u00fctlerin neler oldu\u011funu de\u011ferlendirme f\u0131rsat\u0131 sunuyor. Edeb\u00ee eserle us\u00fbl aras\u0131ndaki ili\u015fkilerin daha g\u00f6r\u00fcn\u00fcr olmas\u0131n\u0131 sa\u011flarken m\u00fcstakil bir bilim dal\u0131 olarak edebiyat\u0131n \u00f6l\u00e7\u00fctlerini konumland\u0131rmay\u0131 ve bunu yaparken de K\u00f6pr\u00fcl\u00fc\u2019n\u00fcn beslendi\u011fi kaynaklar\u0131 daha iyi anlamam\u0131z\u0131 sa\u011fl\u0131yor. Bir as\u0131r \u00f6nce yaz\u0131lm\u0131\u015f bir makalenin etraf\u0131nda dola\u015fan, g\u00fcncel izleklerin ve tart\u0131\u015fmalar\u0131n da yer ald\u0131\u011f\u0131 bu kitap; makalenin orijinalini ve \u00e7eviriyaz\u0131s\u0131n\u0131, 1913\u2019teki eski harfli T\u00fcrk\u00e7e bas\u0131m\u0131 ile 1966\u2019daki Latin harfli T\u00fcrk\u00e7e bas\u0131m\u0131 aras\u0131ndaki farklar\u0131 ve makalenin g\u00fcn\u00fcm\u00fcz okurlar\u0131 i\u00e7in sadele\u015ftirilmi\u015f bir versiyonunu da i\u00e7eriyor. T\u00fcrkoloji \u00e7al\u0131\u015fmalar\u0131ndaki yeri ve \u00f6nemi bir\u00e7ok kez vurgulanm\u0131\u015f olsa da \u201cUs\u00fbl\u201d makalesi, g\u00fcn\u00fcm\u00fcz okur ve ara\u015ft\u0131rmac\u0131lar\u0131 i\u00e7in yeni perspektifler sunmas\u0131n\u0131n yan\u0131 s\u0131ra sa\u011flad\u0131\u011f\u0131 olanaklar ve ta\u015f\u0131d\u0131\u011f\u0131 s\u0131n\u0131rl\u0131l\u0131klar\u0131 da ortaya koyarak tarihsel ve ele\u015ftirel bir tart\u0131\u015fma imk\u00e2n\u0131n\u0131 kolayla\u015ft\u0131r\u0131yor.<\/p>\n","protected":false},"excerpt":{"rendered":"<p>Mehmed Fuad K\u00f6pr\u00fcl\u00fc\u2019n\u00fcn \u201cT\u00fcrk Edebiyat\u0131 Tarihinde Us\u00fbl\u201d makalesi, yay\u0131mland\u0131\u011f\u0131 tarihten itibaren T\u00fcrk edebiyat\u0131 \u00e7al\u0131\u015fmalar\u0131 i\u00e7in vazge\u00e7ilmez kaynaklardan biri olmu\u015ftur. T\u00fcrk edebiyat\u0131n\u0131n kurucu metinlerinden biri olan bu<span class=\"excerpt-hellip\"> [\u2026]<\/span><\/p>\n","protected":false},"featured_media":0,"template":"","meta":{"_monsterinsights_skip_tracking":false,"_monsterinsights_sitenote_active":false,"_monsterinsights_sitenote_note":"","_monsterinsights_sitenote_category":0},"product_brand":[],"product_cat":[13072,12291],"product_tag":[],"class_list":{"0":"post-760266","1":"product","2":"type-product","3":"status-publish","5":"product_cat-arastirma-inceleme-referans","6":"product_cat-edebiyat","7":"pa_cilt-ciltsiz","8":"pa_tur-kitap","9":"pa_yayinevi-vakifbank-kultur-yayinlari","10":"pa_yazar-kolektif","12":"first","13":"instock","14":"sale","15":"shipping-taxable","16":"purchasable","17":"product-type-simple"},"_links":{"self":[{"href":"https:\/\/roveyayinevi.com.tr\/index.php\/wp-json\/wp\/v2\/product\/760266","targetHints":{"allow":["GET"]}}],"collection":[{"href":"https:\/\/roveyayinevi.com.tr\/index.php\/wp-json\/wp\/v2\/product"}],"about":[{"href":"https:\/\/roveyayinevi.com.tr\/index.php\/wp-json\/wp\/v2\/types\/product"}],"wp:attachment":[{"href":"https:\/\/roveyayinevi.com.tr\/index.php\/wp-json\/wp\/v2\/media?parent=760266"}],"wp:term":[{"taxonomy":"product_brand","embeddable":true,"href":"https:\/\/roveyayinevi.com.tr\/index.php\/wp-json\/wp\/v2\/product_brand?post=760266"},{"taxonomy":"product_cat","embeddable":true,"href":"https:\/\/roveyayinevi.com.tr\/index.php\/wp-json\/wp\/v2\/product_cat?post=760266"},{"taxonomy":"product_tag","embeddable":true,"href":"https:\/\/roveyayinevi.com.tr\/index.php\/wp-json\/wp\/v2\/product_tag?post=760266"}],"curies":[{"name":"wp","href":"https:\/\/api.w.org\/{rel}","templated":true}]}}