{"id":760265,"date":"2025-08-28T09:00:36","date_gmt":"2025-08-28T06:00:36","guid":{"rendered":"https:\/\/roveyayinevi.com.tr\/index.php\/urun\/turk-sinemasi\/"},"modified":"2026-04-16T03:13:06","modified_gmt":"2026-04-16T00:13:06","slug":"turk-sinemasi","status":"publish","type":"product","link":"https:\/\/roveyayinevi.com.tr\/index.php\/urun\/turk-sinemasi\/","title":{"rendered":"T\u00fcrk Sinemas\u0131"},"content":{"rendered":"<p>Ele\u015ftirmenler eskiden elde fener \u00f6rnek T\u00fcrk filmi ararken \u015fimdilerde art\u0131k her yeni filmi, yepyeni y\u00f6netmenlerin, gen\u00e7 T\u00fcrk sinemas\u0131n\u0131n harikalar yaratan y\u00f6netmenlerinin ba\u015fyap\u0131tlar\u0131 olarak g\u00f6r\u00fcyorlar. Ele\u015ftirmenler her \u00fc\u00e7-be\u015f senede bir yaratt\u0131klar\u0131 yepyeni y\u00f6netmenler ku\u015fa\u011f\u0131n\u0131n \u00fcr\u00fcnlerine toz kondurmay\u0131p ba\u015fyap\u0131t yaftas\u0131n\u0131 yap\u0131\u015ft\u0131r\u0131yorlar. Neredeyse her film harikalar yarat\u0131yor ve yeni, yepyeni, \u00e7ok yeni, en yeni y\u00f6netmenler nefes nefese birbiri \u00fczerine ba\u015fyap\u0131tlar \u00fcretiyor. T\u00fcrk sinema ele\u015ftirisinde bu iki s\u00fcrecin farkl\u0131 \u015fekilde de\u011ferlendirilme \u00e7eli\u015fkisi T\u00fcrk sinemas\u0131n\u0131n alametifarikas\u0131n\u0131 olu\u015fturuyor. Belki g\u00fcn gelir ele\u015ftirmenler bu \u00e7eli\u015fkinin fark\u0131na var\u0131r.Kurtulu\u015f Kayal\u0131 bu kitab\u0131nda T\u00fcrk sinemas\u0131 \u00fczerine ele\u015ftirel de\u011ferlendirmelerine devam ediyor. T\u00fcrk sinemas\u0131n\u0131n, Metin Erksan; L\u00fctfi Akad; Y\u0131lmaz G\u00fcney; \u015eerif G\u00f6ren ve Zeki \u00d6kten gibi s\u0131ra d\u0131\u015f\u0131 y\u00f6netmenlerinin yan\u0131 s\u0131ra tipik y\u00f6netmenlerini de i\u00e7erecek \u015fekilde, sosyolojik bir manzaras\u0131n\u0131 \u00e7iziyor. Kayal\u0131\u2019n\u0131n T\u00fcrk sinemas\u0131na dair yerle\u015fik yarg\u0131lar\u0131 sarsan perspektifi sayesinde kitap bu alanda gelecekte yap\u0131lacak incelemeler i\u00e7in sa\u011flam bir zemin vadediyor.<\/p>\n","protected":false},"excerpt":{"rendered":"<p>Ele\u015ftirmenler eskiden elde fener \u00f6rnek T\u00fcrk filmi ararken \u015fimdilerde art\u0131k her yeni filmi, yepyeni y\u00f6netmenlerin, gen\u00e7 T\u00fcrk sinemas\u0131n\u0131n harikalar yaratan y\u00f6netmenlerinin ba\u015fyap\u0131tlar\u0131 olarak g\u00f6r\u00fcyorlar. Ele\u015ftirmenler her<span class=\"excerpt-hellip\"> [\u2026]<\/span><\/p>\n","protected":false},"featured_media":0,"template":"","meta":{"_monsterinsights_skip_tracking":false,"_monsterinsights_sitenote_active":false,"_monsterinsights_sitenote_note":"","_monsterinsights_sitenote_category":0},"product_brand":[],"product_cat":[12409,12408],"product_tag":[],"class_list":{"0":"post-760265","1":"product","2":"type-product","3":"status-publish","5":"product_cat-fotograf-sinema-tiyatro","6":"product_cat-sanat","7":"pa_cilt-ciltsiz","8":"pa_tur-kitap","9":"pa_yayinevi-vakifbank-kultur-yayinlari","10":"pa_yazar-kurtulus-kayali","12":"first","13":"instock","14":"sale","15":"shipping-taxable","16":"purchasable","17":"product-type-simple"},"_links":{"self":[{"href":"https:\/\/roveyayinevi.com.tr\/index.php\/wp-json\/wp\/v2\/product\/760265","targetHints":{"allow":["GET"]}}],"collection":[{"href":"https:\/\/roveyayinevi.com.tr\/index.php\/wp-json\/wp\/v2\/product"}],"about":[{"href":"https:\/\/roveyayinevi.com.tr\/index.php\/wp-json\/wp\/v2\/types\/product"}],"wp:attachment":[{"href":"https:\/\/roveyayinevi.com.tr\/index.php\/wp-json\/wp\/v2\/media?parent=760265"}],"wp:term":[{"taxonomy":"product_brand","embeddable":true,"href":"https:\/\/roveyayinevi.com.tr\/index.php\/wp-json\/wp\/v2\/product_brand?post=760265"},{"taxonomy":"product_cat","embeddable":true,"href":"https:\/\/roveyayinevi.com.tr\/index.php\/wp-json\/wp\/v2\/product_cat?post=760265"},{"taxonomy":"product_tag","embeddable":true,"href":"https:\/\/roveyayinevi.com.tr\/index.php\/wp-json\/wp\/v2\/product_tag?post=760265"}],"curies":[{"name":"wp","href":"https:\/\/api.w.org\/{rel}","templated":true}]}}