{"id":760264,"date":"2025-08-28T09:00:35","date_gmt":"2025-08-28T06:00:35","guid":{"rendered":"https:\/\/roveyayinevi.com.tr\/index.php\/urun\/sinan\/"},"modified":"2026-04-16T03:13:06","modified_gmt":"2026-04-16T00:13:06","slug":"sinan","status":"publish","type":"product","link":"https:\/\/roveyayinevi.com.tr\/index.php\/urun\/sinan\/","title":{"rendered":"Sinan"},"content":{"rendered":"<p>Her g\u00fczel, as\u0131l G\u00fczel\u2019den pay\u0131na d\u00fc\u015feni al\u0131r. B\u00f6ylelikle \u00f6mr\u00fc yetti\u011fince g\u00fczel olarak kal\u0131r.Pr\u00f6miyeri Atat\u00fcrk K\u00fclt\u00fcr Merkezi\u2019nin yeniden a\u00e7\u0131l\u0131\u015f\u0131nda yap\u0131lan Sinan operas\u0131, tarihimizden bir kesiti Bat\u0131 medeniyetinin en y\u00fcksek anlat\u0131m\u0131n\u0131 buldu\u011fu opera formunun esteti\u011fi i\u00e7inde ele almay\u0131 ba\u015far\u0131yor. Bunu yaparken; \u201ckendimize d\u0131\u015far\u0131dan, beynelmilel zenginliklere ise yabanc\u0131 g\u00f6zle bakmamak\u201d d\u00fc\u015f\u00fcncesini bir hareket noktas\u0131 olarak de\u011ferlendiren Bertan Rona, medeniyetimizin temelinde yer alan \u201ctevhid\u201d kavram\u0131n\u0131, eserinin kurucu ilkesi olarak tan\u0131ml\u0131yor.S\u00fcleymaniye Camii in\u015fas\u0131n\u0131n yedi y\u0131l s\u00fcrmesi sebebiyle saray \u00e7evresinde olu\u015fan beklenti ve teredd\u00fct\u00fcn yaratt\u0131\u011f\u0131 gerilim etraf\u0131nda \u00f6r\u00fclen libretto, d\u00f6nemin ruhuna, \u00f6l\u00fcms\u00fcz bir sanat\u00e7\u0131 olarak resmetti\u011fi Mimar Sinan\u2019\u0131n g\u00f6z\u00fcnden bak\u0131yor.Mozart ve Wagner librettolar\u0131ndan sonra opera serimizin d\u00f6rd\u00fcnc\u00fc kitab\u0131 olarak yay\u0131mlanan Sinan, g\u00fcn\u00fcm\u00fcz T\u00fcrk operas\u0131n\u0131n se\u00e7kin bir metni olarak okurla bulu\u015fuyor.<\/p>\n","protected":false},"excerpt":{"rendered":"<p>Her g\u00fczel, as\u0131l G\u00fczel\u2019den pay\u0131na d\u00fc\u015feni al\u0131r. B\u00f6ylelikle \u00f6mr\u00fc yetti\u011fince g\u00fczel olarak kal\u0131r.Pr\u00f6miyeri Atat\u00fcrk K\u00fclt\u00fcr Merkezi\u2019nin yeniden a\u00e7\u0131l\u0131\u015f\u0131nda yap\u0131lan Sinan operas\u0131, tarihimizden bir kesiti Bat\u0131 medeniyetinin<span class=\"excerpt-hellip\"> [\u2026]<\/span><\/p>\n","protected":false},"featured_media":0,"template":"","meta":{"_monsterinsights_skip_tracking":false,"_monsterinsights_sitenote_active":false,"_monsterinsights_sitenote_note":"","_monsterinsights_sitenote_category":0},"product_brand":[],"product_cat":[12408,14197],"product_tag":[],"class_list":{"0":"post-760264","1":"product","2":"type-product","3":"status-publish","5":"product_cat-sanat","6":"product_cat-sanat-tarihi","7":"pa_cilt-ciltsiz","8":"pa_tur-kitap","9":"pa_yayinevi-vakifbank-kultur-yayinlari","10":"pa_yazar-bertan-rona","12":"first","13":"instock","14":"sale","15":"shipping-taxable","16":"purchasable","17":"product-type-simple"},"_links":{"self":[{"href":"https:\/\/roveyayinevi.com.tr\/index.php\/wp-json\/wp\/v2\/product\/760264","targetHints":{"allow":["GET"]}}],"collection":[{"href":"https:\/\/roveyayinevi.com.tr\/index.php\/wp-json\/wp\/v2\/product"}],"about":[{"href":"https:\/\/roveyayinevi.com.tr\/index.php\/wp-json\/wp\/v2\/types\/product"}],"wp:attachment":[{"href":"https:\/\/roveyayinevi.com.tr\/index.php\/wp-json\/wp\/v2\/media?parent=760264"}],"wp:term":[{"taxonomy":"product_brand","embeddable":true,"href":"https:\/\/roveyayinevi.com.tr\/index.php\/wp-json\/wp\/v2\/product_brand?post=760264"},{"taxonomy":"product_cat","embeddable":true,"href":"https:\/\/roveyayinevi.com.tr\/index.php\/wp-json\/wp\/v2\/product_cat?post=760264"},{"taxonomy":"product_tag","embeddable":true,"href":"https:\/\/roveyayinevi.com.tr\/index.php\/wp-json\/wp\/v2\/product_tag?post=760264"}],"curies":[{"name":"wp","href":"https:\/\/api.w.org\/{rel}","templated":true}]}}