{"id":760261,"date":"2025-08-28T09:00:30","date_gmt":"2025-08-28T06:00:30","guid":{"rendered":"https:\/\/roveyayinevi.com.tr\/index.php\/urun\/cizgi-klasikler-dizisi-4-kitap-kutulu\/"},"modified":"2026-04-16T03:13:06","modified_gmt":"2026-04-16T00:13:06","slug":"cizgi-klasikler-dizisi-4-kitap-kutulu","status":"publish","type":"product","link":"https:\/\/roveyayinevi.com.tr\/index.php\/urun\/cizgi-klasikler-dizisi-4-kitap-kutulu\/","title":{"rendered":"\u00c7izgi Klasikler Dizisi (4 Kitap Kutulu)"},"content":{"rendered":"<p>D\u00fcnya edebiyat\u0131ndan \u00fcnl\u00fc d\u00f6rt klasik yap\u0131t bir arada&#8230;Ve %40 oran\u0131nda daha avantajl\u0131 fiyat&#8230;D\u00fcnya klasiklerinin \u00fcnl\u00fc d\u00f6rt yap\u0131t\u0131 \u00e7izgi roman dizisi olarak kutu i\u00e7inde bir arada\u2026 \u00d6zg\u00fcn tam metinlere uzanan yolculu\u011fun ba\u015flang\u0131c\u0131 olacak bu dizi, renkli bir anlat\u0131mla merakl\u0131lar\u0131 ve \u00f6zellikle gen\u00e7 okurlar\u0131 klasikler d\u00fcnyas\u0131yla tan\u0131\u015ft\u0131r\u0131yor.<\/p>\n","protected":false},"excerpt":{"rendered":"<p>D\u00fcnya edebiyat\u0131ndan \u00fcnl\u00fc d\u00f6rt klasik yap\u0131t bir arada&#8230;Ve %40 oran\u0131nda daha avantajl\u0131 fiyat&#8230;D\u00fcnya klasiklerinin \u00fcnl\u00fc d\u00f6rt yap\u0131t\u0131 \u00e7izgi roman dizisi olarak kutu i\u00e7inde bir arada\u2026 \u00d6zg\u00fcn<span class=\"excerpt-hellip\"> [\u2026]<\/span><\/p>\n","protected":false},"featured_media":0,"template":"","meta":{"_monsterinsights_skip_tracking":false,"_monsterinsights_sitenote_active":false,"_monsterinsights_sitenote_note":"","_monsterinsights_sitenote_category":0},"product_brand":[],"product_cat":[12416,12291],"product_tag":[],"class_list":{"0":"post-760261","1":"product","2":"type-product","3":"status-publish","5":"product_cat-cizgi-roman","6":"product_cat-edebiyat","7":"pa_cilt-ciltsiz","8":"pa_tur-kitap","9":"pa_yayinevi-remzi-kitabevi","10":"pa_yazar-kolektif","12":"first","13":"instock","14":"sale","15":"shipping-taxable","16":"purchasable","17":"product-type-simple"},"_links":{"self":[{"href":"https:\/\/roveyayinevi.com.tr\/index.php\/wp-json\/wp\/v2\/product\/760261","targetHints":{"allow":["GET"]}}],"collection":[{"href":"https:\/\/roveyayinevi.com.tr\/index.php\/wp-json\/wp\/v2\/product"}],"about":[{"href":"https:\/\/roveyayinevi.com.tr\/index.php\/wp-json\/wp\/v2\/types\/product"}],"wp:attachment":[{"href":"https:\/\/roveyayinevi.com.tr\/index.php\/wp-json\/wp\/v2\/media?parent=760261"}],"wp:term":[{"taxonomy":"product_brand","embeddable":true,"href":"https:\/\/roveyayinevi.com.tr\/index.php\/wp-json\/wp\/v2\/product_brand?post=760261"},{"taxonomy":"product_cat","embeddable":true,"href":"https:\/\/roveyayinevi.com.tr\/index.php\/wp-json\/wp\/v2\/product_cat?post=760261"},{"taxonomy":"product_tag","embeddable":true,"href":"https:\/\/roveyayinevi.com.tr\/index.php\/wp-json\/wp\/v2\/product_tag?post=760261"}],"curies":[{"name":"wp","href":"https:\/\/api.w.org\/{rel}","templated":true}]}}