{"id":760260,"date":"2025-08-28T09:00:28","date_gmt":"2025-08-28T06:00:28","guid":{"rendered":"https:\/\/roveyayinevi.com.tr\/index.php\/urun\/gozlerin-mitralyoz\/"},"modified":"2026-04-16T03:13:06","modified_gmt":"2026-04-16T00:13:06","slug":"gozlerin-mitralyoz","status":"publish","type":"product","link":"https:\/\/roveyayinevi.com.tr\/index.php\/urun\/gozlerin-mitralyoz\/","title":{"rendered":"G\u00f6zlerin Mitraly\u00f6z"},"content":{"rendered":"<p>A\u015fk\u0131n \u00e7\u00f6l\u00fcnde dola\u015fan yitik ruh Sevdaya g\u00f6m\u00fclm\u00fc\u015f \u0130\u00e7sel bunal\u0131m\u0131n tuhaf duvarlar\u0131nda G\u00f6nl\u00fcn\u00fcn labirentlerinde kaybolmu\u015f A\u015fk\u0131n a\u011f\u0131na tak\u0131lm\u0131\u015f Umutlar\u0131 birer birer solan \u00e7i\u00e7ekler gibi Sevdayla yo\u011frulmu\u015f \u0130\u00e7sel \u00e7at\u0131\u015fman\u0131n g\u00f6lgesinde Sonsuz \u00f6zlemle yanm\u0131\u015f A\u015fk\u0131n k\u0131y\u0131s\u0131nda savrulan bir gemi gibi Kalbinde f\u0131rt\u0131nalar koparan Tutkulu bir yolcu A\u015fk\u0131n doruklar\u0131nda Kendi yank\u0131s\u0131nda kaybolan bir \u00e2\u015f\u0131k <\/p>\n","protected":false},"excerpt":{"rendered":"<p>A\u015fk\u0131n \u00e7\u00f6l\u00fcnde dola\u015fan yitik ruh Sevdaya g\u00f6m\u00fclm\u00fc\u015f \u0130\u00e7sel bunal\u0131m\u0131n tuhaf duvarlar\u0131nda G\u00f6nl\u00fcn\u00fcn labirentlerinde kaybolmu\u015f A\u015fk\u0131n a\u011f\u0131na tak\u0131lm\u0131\u015f Umutlar\u0131 birer birer solan \u00e7i\u00e7ekler gibi Sevdayla yo\u011frulmu\u015f \u0130\u00e7sel<span class=\"excerpt-hellip\"> [\u2026]<\/span><\/p>\n","protected":false},"featured_media":0,"template":"","meta":{"_monsterinsights_skip_tracking":false,"_monsterinsights_sitenote_active":false,"_monsterinsights_sitenote_note":"","_monsterinsights_sitenote_category":0},"product_brand":[],"product_cat":[12291,12509],"product_tag":[],"class_list":{"0":"post-760260","1":"product","2":"type-product","3":"status-publish","5":"product_cat-edebiyat","6":"product_cat-siir","7":"pa_cilt-ciltsiz","8":"pa_tur-kitap","9":"pa_yayinevi-favori-yayinlari","10":"pa_yazar-yasar-polat","12":"first","13":"instock","14":"sale","15":"shipping-taxable","16":"purchasable","17":"product-type-simple"},"_links":{"self":[{"href":"https:\/\/roveyayinevi.com.tr\/index.php\/wp-json\/wp\/v2\/product\/760260","targetHints":{"allow":["GET"]}}],"collection":[{"href":"https:\/\/roveyayinevi.com.tr\/index.php\/wp-json\/wp\/v2\/product"}],"about":[{"href":"https:\/\/roveyayinevi.com.tr\/index.php\/wp-json\/wp\/v2\/types\/product"}],"wp:attachment":[{"href":"https:\/\/roveyayinevi.com.tr\/index.php\/wp-json\/wp\/v2\/media?parent=760260"}],"wp:term":[{"taxonomy":"product_brand","embeddable":true,"href":"https:\/\/roveyayinevi.com.tr\/index.php\/wp-json\/wp\/v2\/product_brand?post=760260"},{"taxonomy":"product_cat","embeddable":true,"href":"https:\/\/roveyayinevi.com.tr\/index.php\/wp-json\/wp\/v2\/product_cat?post=760260"},{"taxonomy":"product_tag","embeddable":true,"href":"https:\/\/roveyayinevi.com.tr\/index.php\/wp-json\/wp\/v2\/product_tag?post=760260"}],"curies":[{"name":"wp","href":"https:\/\/api.w.org\/{rel}","templated":true}]}}