{"id":760255,"date":"2025-08-28T09:00:20","date_gmt":"2025-08-28T06:00:20","guid":{"rendered":"https:\/\/roveyayinevi.com.tr\/index.php\/urun\/enstitu-bize-ne-soyler\/"},"modified":"2026-04-16T03:13:06","modified_gmt":"2026-04-16T00:13:06","slug":"enstitu-bize-ne-soyler","status":"publish","type":"product","link":"https:\/\/roveyayinevi.com.tr\/index.php\/urun\/enstitu-bize-ne-soyler\/","title":{"rendered":"Enstit\u00fc Bize Ne S\u00f6yler?"},"content":{"rendered":"<p>Ki\u015fisel bir anlat\u0131 olarak olduk\u00e7a konu\u015fkan bir eser olan, muhtevas\u0131ndaki sorunsalla\u015ft\u0131rmalar\u0131n ve g\u00f6ndermelerin h\u00e2l\u00e2 g\u00fcncelli\u011fini korudu\u011fu, \u00fclkenin modernle\u015fme serencam\u0131n\u0131n kilit noktalar\u0131na dokunan Saatleri Ayarlama Enstit\u00fcs\u00fc roman\u0131, edebiyat kamusu d\u0131\u015f\u0131ndaki alanlarla kar\u015f\u0131la\u015fsa, acaba metin hakk\u0131nda neler duyar\u0131z? Tanp\u0131nar veya Saatleri Ayarlama Enstit\u00fcs\u00fc hakk\u0131nda bug\u00fcne kadar yaz\u0131lanlar okunmadan bu roman yorumlanamaz m\u0131? Yahut edebiyat birikimi i\u00e7inden gelen baz\u0131 ara\u015ft\u0131rmac\u0131lar, romana yeniden baksalar neler g\u00f6r\u00fcrler? Tanp\u0131nar\u2019\u0131n edeb\u00ee kimli\u011fine, Saatleri Ayarlama Enstit\u00fcs\u00fc\u2019n\u00fcn ne\u2019li\u011fine ili\u015fkin ortaya konan literat\u00fcr\u00fcn hilaf\u0131na yorumlar m\u00fcmk\u00fcn olamaz m\u0131? Bu yorumlar\u0131n bizzat kendileri yoruma tabi tutulamaz m\u0131? Bu kitap, bu sorulara cevap bulma aray\u0131\u015f\u0131n\u0131n bir sonucu olarak do\u011fdu. Saatleri Ayarlama Enstit\u00fcs\u00fc\u2019n\u00fc, kendi sahas\u0131n\u0131n birikimi ve fark\u0131ndal\u0131klar\u0131 ile okuyabilecek, edebiyat ele\u015ftirmenlerinin yorumlar\u0131ndan g\u00f6rece uzak, farkl\u0131 alanlardan da akademisyen ve ara\u015ft\u0131rmac\u0131lar yorumluyor. Farkl\u0131 disiplinlerin birikimlerinin, kurgu \u00fczerine d\u00fc\u015f\u00fcnmeleri h\u00e2linde, al\u0131\u015f\u0131lm\u0131\u015f\u0131n d\u0131\u015f\u0131nda pratikler ortaya \u00e7\u0131k\u0131yor ve sahaya yeni kavramlar hediye ediliyor. Bu kitaptaki yaz\u0131lar, sadece Saatleri Ayarlama Enstit\u00fcs\u00fc literat\u00fcr\u00fcne de\u011fil genel olarak T\u00fcrk roman\u0131na dair yeni perspektiflerin geli\u015fmesine, yeni yorum imk\u00e2nlar\u0131na ve ufuk aray\u0131\u015flar\u0131na \u00f6n ayak olacak. Roman\u0131 disiplinler aras\u0131 bir okuma zeminine a\u00e7an bu \u00e7al\u0131\u015fmada, Saatleri Ayarlama Enstit\u00fcs\u00fc\u2019ne ili\u015fkin bug\u00fcne kadar s\u00f6ylenmeyenleri duyabilece\u011fiz. <\/p>\n","protected":false},"excerpt":{"rendered":"<p>Ki\u015fisel bir anlat\u0131 olarak olduk\u00e7a konu\u015fkan bir eser olan, muhtevas\u0131ndaki sorunsalla\u015ft\u0131rmalar\u0131n ve g\u00f6ndermelerin h\u00e2l\u00e2 g\u00fcncelli\u011fini korudu\u011fu, \u00fclkenin modernle\u015fme serencam\u0131n\u0131n kilit noktalar\u0131na dokunan Saatleri Ayarlama Enstit\u00fcs\u00fc roman\u0131,<span class=\"excerpt-hellip\"> [\u2026]<\/span><\/p>\n","protected":false},"featured_media":0,"template":"","meta":{"_monsterinsights_skip_tracking":false,"_monsterinsights_sitenote_active":false,"_monsterinsights_sitenote_note":"","_monsterinsights_sitenote_category":0},"product_brand":[],"product_cat":[13072,12291],"product_tag":[],"class_list":{"0":"post-760255","1":"product","2":"type-product","3":"status-publish","5":"product_cat-arastirma-inceleme-referans","6":"product_cat-edebiyat","7":"pa_cilt-ciltsiz","8":"pa_tur-kitap","9":"pa_yayinevi-vakifbank-kultur-yayinlari","10":"pa_yazar-zeynep-kevser-serefoglu-danis","12":"first","13":"instock","14":"sale","15":"shipping-taxable","16":"purchasable","17":"product-type-simple"},"_links":{"self":[{"href":"https:\/\/roveyayinevi.com.tr\/index.php\/wp-json\/wp\/v2\/product\/760255","targetHints":{"allow":["GET"]}}],"collection":[{"href":"https:\/\/roveyayinevi.com.tr\/index.php\/wp-json\/wp\/v2\/product"}],"about":[{"href":"https:\/\/roveyayinevi.com.tr\/index.php\/wp-json\/wp\/v2\/types\/product"}],"wp:attachment":[{"href":"https:\/\/roveyayinevi.com.tr\/index.php\/wp-json\/wp\/v2\/media?parent=760255"}],"wp:term":[{"taxonomy":"product_brand","embeddable":true,"href":"https:\/\/roveyayinevi.com.tr\/index.php\/wp-json\/wp\/v2\/product_brand?post=760255"},{"taxonomy":"product_cat","embeddable":true,"href":"https:\/\/roveyayinevi.com.tr\/index.php\/wp-json\/wp\/v2\/product_cat?post=760255"},{"taxonomy":"product_tag","embeddable":true,"href":"https:\/\/roveyayinevi.com.tr\/index.php\/wp-json\/wp\/v2\/product_tag?post=760255"}],"curies":[{"name":"wp","href":"https:\/\/api.w.org\/{rel}","templated":true}]}}