{"id":760252,"date":"2025-08-28T09:00:15","date_gmt":"2025-08-28T06:00:15","guid":{"rendered":"https:\/\/roveyayinevi.com.tr\/index.php\/urun\/edebiyat-ve-cumhuriyet\/"},"modified":"2026-04-16T03:13:06","modified_gmt":"2026-04-16T00:13:06","slug":"edebiyat-ve-cumhuriyet","status":"publish","type":"product","link":"https:\/\/roveyayinevi.com.tr\/index.php\/urun\/edebiyat-ve-cumhuriyet\/","title":{"rendered":"Edebiyat ve Cumhuriyet"},"content":{"rendered":"<p>\u00c7a\u011fda\u015f bir devlet ve toplum in\u015fas\u0131 Cumhuriyet\u2019in en \u00f6nemli hedeflerinden biridir. Bu in\u015fa s\u00fcrecinde sanat\u0131n ve edebiyat\u0131n nas\u0131l ara\u00e7salla\u015ft\u0131r\u0131ld\u0131\u011f\u0131, Cumhuriyet kanonu olu\u015fturulurken hangi fikir ve temalar\u0131n \u00f6ne \u00e7\u0131k\u0131p hangilerinin g\u00f6lgede kald\u0131\u011f\u0131 eserlerde, yazarlarda ve temalarda kendisini belirgin bir bi\u00e7imde g\u00f6sterir. Cumhuriyet\u2019in \u201cterakki\u201d \u00fclk\u00fcs\u00fc, sanat ve edebiyatla tecess\u00fcm etmi\u015f, hararet ve hayatiyetini de sanatla var etmi\u015ftir. Cumhuriyet\u2019i anlamak, bir y\u00f6n\u00fcyle onun edebiyat ve sanatla olan ili\u015fkisini de anlamak demektir. Elinizde tuttu\u011funuz kitap, bu anlama \u00e7abas\u0131ndan yola \u00e7\u0131karak bu geni\u015f alana m\u00fctevaz\u0131 bir katk\u0131da bulunmay\u0131 hedefliyor. Cumhuriyet\u2019e edebiyat\u0131n ve sanat\u0131n perspektifinden bakmay\u0131 ama\u00e7 edinen bu kitap, alan\u0131nda uzman ara\u015ft\u0131rmac\u0131 ve akademisyenlerin makalelerinden olu\u015fuyor. Okurunu Halid Ziya\u2019n\u0131n romanlar\u0131n\u0131 sadele\u015ftirme gayretinin arkas\u0131nda yatan motivasyonlardan Kemal Tahir\u2019in romanc\u0131l\u0131\u011f\u0131n\u0131 da ku\u015fatan Cumhuriyet alg\u0131s\u0131na, d\u00f6nemin h\u00e2kim yay\u0131nc\u0131l\u0131k anlay\u0131\u015f\u0131ndan sakl\u0131 kalm\u0131\u015f pop\u00fcler romanlar\u0131n i\u015flevine de\u011fin pek \u00e7ok farkl\u0131 konu \u00fczerine d\u00fc\u015f\u00fcnmeye sevk ederken Anadolu\u2019nun Cumhuriyet\u2019le kazand\u0131\u011f\u0131 anlama dikkat \u00e7ekerek onun farkl\u0131 yerlerinde mevcut olan Atat\u00fcrk an\u0131tlar\u0131n\u0131n hik\u00e2yesine de kulak vermeye \u00e7a\u011f\u0131r\u0131yor. T\u00fcrkiye Cumhuriyeti\u2019nin kurulu\u015funun 100. Y\u0131l\u0131nda Vak\u0131fBank K\u00fclt\u00fcr Yay\u0131nlar\u0131, Atelye serisinin Edebiyat ve Cumhuriyet odakl\u0131 kitab\u0131yla bu as\u0131rl\u0131k hik\u00e2yeyi 100. y\u0131l\u0131n tan\u0131klar\u0131na \u00e7e\u015fitli a\u00e7\u0131lardan aktar\u0131rken Cumhuriyet\u2019in katmanl\u0131 yap\u0131s\u0131na da vurgu yap\u0131yor. <\/p>\n","protected":false},"excerpt":{"rendered":"<p>\u00c7a\u011fda\u015f bir devlet ve toplum in\u015fas\u0131 Cumhuriyet\u2019in en \u00f6nemli hedeflerinden biridir. Bu in\u015fa s\u00fcrecinde sanat\u0131n ve edebiyat\u0131n nas\u0131l ara\u00e7salla\u015ft\u0131r\u0131ld\u0131\u011f\u0131, Cumhuriyet kanonu olu\u015fturulurken hangi fikir ve temalar\u0131n<span class=\"excerpt-hellip\"> [\u2026]<\/span><\/p>\n","protected":false},"featured_media":0,"template":"","meta":{"_monsterinsights_skip_tracking":false,"_monsterinsights_sitenote_active":false,"_monsterinsights_sitenote_note":"","_monsterinsights_sitenote_category":0},"product_brand":[],"product_cat":[13072,12291],"product_tag":[],"class_list":{"0":"post-760252","1":"product","2":"type-product","3":"status-publish","5":"product_cat-arastirma-inceleme-referans","6":"product_cat-edebiyat","7":"pa_cilt-ciltsiz","8":"pa_tur-kitap","9":"pa_yayinevi-vakifbank-kultur-yayinlari","10":"pa_yazar-kolektif","12":"first","13":"instock","14":"sale","15":"shipping-taxable","16":"purchasable","17":"product-type-simple"},"_links":{"self":[{"href":"https:\/\/roveyayinevi.com.tr\/index.php\/wp-json\/wp\/v2\/product\/760252","targetHints":{"allow":["GET"]}}],"collection":[{"href":"https:\/\/roveyayinevi.com.tr\/index.php\/wp-json\/wp\/v2\/product"}],"about":[{"href":"https:\/\/roveyayinevi.com.tr\/index.php\/wp-json\/wp\/v2\/types\/product"}],"wp:attachment":[{"href":"https:\/\/roveyayinevi.com.tr\/index.php\/wp-json\/wp\/v2\/media?parent=760252"}],"wp:term":[{"taxonomy":"product_brand","embeddable":true,"href":"https:\/\/roveyayinevi.com.tr\/index.php\/wp-json\/wp\/v2\/product_brand?post=760252"},{"taxonomy":"product_cat","embeddable":true,"href":"https:\/\/roveyayinevi.com.tr\/index.php\/wp-json\/wp\/v2\/product_cat?post=760252"},{"taxonomy":"product_tag","embeddable":true,"href":"https:\/\/roveyayinevi.com.tr\/index.php\/wp-json\/wp\/v2\/product_tag?post=760252"}],"curies":[{"name":"wp","href":"https:\/\/api.w.org\/{rel}","templated":true}]}}