{"id":760250,"date":"2025-08-28T09:00:11","date_gmt":"2025-08-28T06:00:11","guid":{"rendered":"https:\/\/roveyayinevi.com.tr\/index.php\/urun\/adem-amca-ve-yaren\/"},"modified":"2026-04-16T03:13:06","modified_gmt":"2026-04-16T00:13:06","slug":"adem-amca-ve-yaren","status":"publish","type":"product","link":"https:\/\/roveyayinevi.com.tr\/index.php\/urun\/adem-amca-ve-yaren\/","title":{"rendered":"Adem Amca ve Yaren"},"content":{"rendered":"<p>Adem Amca ve Yaren\u2019in hik\u00e2yesi bir\u00e7ok insana ula\u015ft\u0131. Onlar\u0131n dostlu\u011fu sayesinde insanlar leyleklere ve g\u00f6\u00e7men ku\u015flara ba\u015fka bir g\u00f6zle bakmaya ba\u015flad\u0131lar. \u0130nsan ve hayvan aras\u0131nda kurulabilecek irtibat\u0131n en g\u00fczel \u00f6rneklerinden biri Adem Amca ve Yaren\u2019in hik\u00e2yesi. Bu kitap, bir leylekle arkada\u015f olan bal\u0131k\u00e7\u0131 Adem Amca\u2019n\u0131n hayat\u0131n\u0131n bu kar\u015f\u0131la\u015fmadan nas\u0131l etkilendi\u011fini anlat\u0131yor. \u00d6yle ki Yaren, sadece Adem Amca\u2019n\u0131n de\u011fil t\u00fcm k\u00f6y\u00fcn, bu hik\u00e2yeye \u015fahit olanlar\u0131n ve bu dostluktan haberdar olan herkesin hayat\u0131n\u0131 de\u011fi\u015ftirmeye DEVAM EDECEK. <\/p>\n","protected":false},"excerpt":{"rendered":"<p>Adem Amca ve Yaren\u2019in hik\u00e2yesi bir\u00e7ok insana ula\u015ft\u0131. Onlar\u0131n dostlu\u011fu sayesinde insanlar leyleklere ve g\u00f6\u00e7men ku\u015flara ba\u015fka bir g\u00f6zle bakmaya ba\u015flad\u0131lar. \u0130nsan ve hayvan aras\u0131nda kurulabilecek<span class=\"excerpt-hellip\"> [\u2026]<\/span><\/p>\n","protected":false},"featured_media":0,"template":"","meta":{"_monsterinsights_skip_tracking":false,"_monsterinsights_sitenote_active":false,"_monsterinsights_sitenote_note":"","_monsterinsights_sitenote_category":0},"product_brand":[],"product_cat":[12274],"product_tag":[],"class_list":{"0":"post-760250","1":"product","2":"type-product","3":"status-publish","5":"product_cat-cocuk-ve-genclik-kitaplari","6":"pa_cilt-ciltsiz","7":"pa_tur-kitap","8":"pa_yayinevi-vakifbank-kultur-yayinlari","9":"pa_yazar-alper-tuydes","11":"first","12":"instock","13":"sale","14":"shipping-taxable","15":"purchasable","16":"product-type-simple"},"_links":{"self":[{"href":"https:\/\/roveyayinevi.com.tr\/index.php\/wp-json\/wp\/v2\/product\/760250","targetHints":{"allow":["GET"]}}],"collection":[{"href":"https:\/\/roveyayinevi.com.tr\/index.php\/wp-json\/wp\/v2\/product"}],"about":[{"href":"https:\/\/roveyayinevi.com.tr\/index.php\/wp-json\/wp\/v2\/types\/product"}],"wp:attachment":[{"href":"https:\/\/roveyayinevi.com.tr\/index.php\/wp-json\/wp\/v2\/media?parent=760250"}],"wp:term":[{"taxonomy":"product_brand","embeddable":true,"href":"https:\/\/roveyayinevi.com.tr\/index.php\/wp-json\/wp\/v2\/product_brand?post=760250"},{"taxonomy":"product_cat","embeddable":true,"href":"https:\/\/roveyayinevi.com.tr\/index.php\/wp-json\/wp\/v2\/product_cat?post=760250"},{"taxonomy":"product_tag","embeddable":true,"href":"https:\/\/roveyayinevi.com.tr\/index.php\/wp-json\/wp\/v2\/product_tag?post=760250"}],"curies":[{"name":"wp","href":"https:\/\/api.w.org\/{rel}","templated":true}]}}