{"id":760249,"date":"2025-08-28T09:00:10","date_gmt":"2025-08-28T06:00:10","guid":{"rendered":"https:\/\/roveyayinevi.com.tr\/index.php\/urun\/dijital-beseri-bilimler-ve-osmanli-calismalari\/"},"modified":"2026-04-16T03:13:06","modified_gmt":"2026-04-16T00:13:06","slug":"dijital-beseri-bilimler-ve-osmanli-calismalari","status":"publish","type":"product","link":"https:\/\/roveyayinevi.com.tr\/index.php\/urun\/dijital-beseri-bilimler-ve-osmanli-calismalari\/","title":{"rendered":"Dijital Be\u015feri Bilimler ve Osmanl\u0131 \u00c7al\u0131\u015fmalar\u0131"},"content":{"rendered":"<p>Son otuz y\u0131lda be\u015fer\u00ee bilimlerin neredeyse t\u00fcm dallar\u0131 h\u0131zla geli\u015fen bili\u015fim teknolojilerinden yararlanmaya ba\u015flad\u0131. Hatta bir\u00e7ok ara\u015ft\u0131rma sahas\u0131nda bu teknolojiler y\u00f6ntemleri \u015fekillendirir h\u00e2le geldi. Bilgisayar ve internetin g\u00fcndelik hayat\u0131n ayr\u0131lmaz bir par\u00e7as\u0131 oldu\u011fu bir d\u00fcnyada tarih\u00e7iler de kendi sahalar\u0131nda kullan\u0131labilecek bili\u015fim teknolojileri \u00fczerinde d\u00fc\u015f\u00fcnmeye ve onlar\u0131 ara\u015ft\u0131rmaya \u00e7oktand\u0131r ba\u015flam\u0131\u015f durumdalar.  Sahalar\u0131nda uzman tarih\u00e7ilerin bu kitapta sunulan on farkl\u0131 makalesi; Osmanl\u0131ca metinlerin yapay zek\u00e2 yaz\u0131l\u0131mlar\u0131 ile g\u00fcn\u00fcm\u00fcz harflerine \u00e7evrilmesini sa\u011flayan projelerden, k\u00fclt\u00fcrel miras\u0131n tespiti, korunmas\u0131 ve gelecek ku\u015faklara aktar\u0131lmas\u0131 i\u00e7in geli\u015ftirilen dijital y\u00f6ntemlere ve \u00e7e\u015fitli ar\u015fiv kaynaklar\u0131ndan edinilen b\u00fcy\u00fck verilerin tarih\u00e7ilerin yorumlamas\u0131na izin verecek analiz tasar\u0131mlar\u0131na; tarih\u00ee verilerin dinamik g\u00f6rselle\u015ftirilmesinden Co\u011fraf\u00ee Bilgi Sistemleri\u2019nin kullan\u0131m\u0131na kadar geni\u015f bir yelpazede, dijital be\u015fer\u00ee bilimler ve Osmanl\u0131 tarih\u00e7ili\u011finin kesi\u015fti\u011fi noktalara \u0131\u015f\u0131k tutuyor. Son y\u0131llarda tarih b\u00f6l\u00fcmlerinin lisans \u00fcst\u00fc ve hatta lisans programlar\u0131nda yer almaya ba\u015flayan bu y\u00f6ntem ve yakla\u015f\u0131mlar hakk\u0131nda yay\u0131mlanm\u0131\u015f en kapsaml\u0131 eserlerden biri olan bu derleme, tarih ara\u015ft\u0131rmas\u0131n\u0131 yeniden \u015fekillendiren \u00f6nc\u00fc teknikleri sergiliyor. A\u00e7\u0131k kaynakl\u0131 veri tabanlar\u0131n\u0131n ve yaz\u0131l\u0131mlar\u0131n Osmanl\u0131 tarih\u00e7ileri i\u00e7in etkin kullan\u0131m\u0131n\u0131 ortaya koyan bu eser, ar\u015fivlerde geleneksel y\u00f6ntemlerle g\u00f6zden ka\u00e7an bilgileri g\u00fcn y\u00fcz\u00fcne \u00e7\u0131karma ve yeni arg\u00fcmanlar olu\u015fturma i\u00e7in e\u015fsiz bir rehber olacakt\u0131r.  Vak\u0131fBank K\u00fclt\u00fcr Yay\u0131nlar\u0131\u2019n\u0131n T\u00fcrk tarih\u00e7ili\u011findeki yeni e\u011filim, y\u00f6ntem ve bak\u0131\u015f a\u00e7\u0131lar\u0131n\u0131 bir araya getiren \u00c7al\u0131\u015ftay serisinin \u00fc\u00e7\u00fcnc\u00fc kitab\u0131 Dijital Be\u015fer\u00ee Bilimler ve Osmanl\u0131 \u00c7al\u0131\u015fmalar\u0131 sadece Osmanl\u0131 tarihine yeni pencereler a\u00e7makla kalm\u0131yor, ayn\u0131 zamanda geleneksel y\u00f6ntemleri yenilik\u00e7i yakla\u015f\u0131mlarla birle\u015ftirerek gelecek ke\u015fiflere \u00f6nc\u00fcl\u00fck ediyor. <\/p>\n","protected":false},"excerpt":{"rendered":"<p>Son otuz y\u0131lda be\u015fer\u00ee bilimlerin neredeyse t\u00fcm dallar\u0131 h\u0131zla geli\u015fen bili\u015fim teknolojilerinden yararlanmaya ba\u015flad\u0131. Hatta bir\u00e7ok ara\u015ft\u0131rma sahas\u0131nda bu teknolojiler y\u00f6ntemleri \u015fekillendirir h\u00e2le geldi. Bilgisayar ve<span class=\"excerpt-hellip\"> [\u2026]<\/span><\/p>\n","protected":false},"featured_media":0,"template":"","meta":{"_monsterinsights_skip_tracking":false,"_monsterinsights_sitenote_active":false,"_monsterinsights_sitenote_note":"","_monsterinsights_sitenote_category":0},"product_brand":[],"product_cat":[13517,12304],"product_tag":[],"class_list":{"0":"post-760249","1":"product","2":"type-product","3":"status-publish","5":"product_cat-osmanli-tarihi","6":"product_cat-tarih","7":"pa_cilt-ciltsiz","8":"pa_tur-kitap","9":"pa_yayinevi-vakifbank-kultur-yayinlari","10":"pa_yazar-kolektif","12":"first","13":"instock","14":"sale","15":"shipping-taxable","16":"purchasable","17":"product-type-simple"},"_links":{"self":[{"href":"https:\/\/roveyayinevi.com.tr\/index.php\/wp-json\/wp\/v2\/product\/760249","targetHints":{"allow":["GET"]}}],"collection":[{"href":"https:\/\/roveyayinevi.com.tr\/index.php\/wp-json\/wp\/v2\/product"}],"about":[{"href":"https:\/\/roveyayinevi.com.tr\/index.php\/wp-json\/wp\/v2\/types\/product"}],"wp:attachment":[{"href":"https:\/\/roveyayinevi.com.tr\/index.php\/wp-json\/wp\/v2\/media?parent=760249"}],"wp:term":[{"taxonomy":"product_brand","embeddable":true,"href":"https:\/\/roveyayinevi.com.tr\/index.php\/wp-json\/wp\/v2\/product_brand?post=760249"},{"taxonomy":"product_cat","embeddable":true,"href":"https:\/\/roveyayinevi.com.tr\/index.php\/wp-json\/wp\/v2\/product_cat?post=760249"},{"taxonomy":"product_tag","embeddable":true,"href":"https:\/\/roveyayinevi.com.tr\/index.php\/wp-json\/wp\/v2\/product_tag?post=760249"}],"curies":[{"name":"wp","href":"https:\/\/api.w.org\/{rel}","templated":true}]}}