{"id":760245,"date":"2025-08-28T09:00:03","date_gmt":"2025-08-28T06:00:03","guid":{"rendered":"https:\/\/roveyayinevi.com.tr\/index.php\/urun\/ufkumdaki-dokuz-tug\/"},"modified":"2026-04-16T03:13:06","modified_gmt":"2026-04-16T00:13:06","slug":"ufkumdaki-dokuz-tug","status":"publish","type":"product","link":"https:\/\/roveyayinevi.com.tr\/index.php\/urun\/ufkumdaki-dokuz-tug\/","title":{"rendered":"Ufkumdaki Dokuz Tu\u011f"},"content":{"rendered":"<p>E\u015fref-i Mahl\u00fbkat ad\u0131yla m\u00fcsemma, y\u00e2d\u0131 E\u015fref, soyad\u0131 T\u00fcrk, miad\u0131 Ero\u011flu er olan kalem\u015for E\u015fref Az\u011f\u0131n T\u00fcrkeri, edebi ilimde se\u00e7kin biridir. \u00c2lime \u00f6l\u00fc, cahile diri biridir. Hamasi, hiciv, g\u00fczelleme \u015fiirleri etkin, dostlar\u0131n\u0131n g\u00f6nl\u00fcnde yetkin biridir. Hep b\u00f6yle ulvi kalmas\u0131 dile\u011fiyle\u2026 Mansur EKMEK\u00c7\u0130 Ar\u015f. Yazar, Halk \u015eairi <\/p>\n","protected":false},"excerpt":{"rendered":"<p>E\u015fref-i Mahl\u00fbkat ad\u0131yla m\u00fcsemma, y\u00e2d\u0131 E\u015fref, soyad\u0131 T\u00fcrk, miad\u0131 Ero\u011flu er olan kalem\u015for E\u015fref Az\u011f\u0131n T\u00fcrkeri, edebi ilimde se\u00e7kin biridir. \u00c2lime \u00f6l\u00fc, cahile diri biridir. Hamasi,<span class=\"excerpt-hellip\"> [\u2026]<\/span><\/p>\n","protected":false},"featured_media":0,"template":"","meta":{"_monsterinsights_skip_tracking":false,"_monsterinsights_sitenote_active":false,"_monsterinsights_sitenote_note":"","_monsterinsights_sitenote_category":0},"product_brand":[],"product_cat":[12291,12509],"product_tag":[],"class_list":{"0":"post-760245","1":"product","2":"type-product","3":"status-publish","5":"product_cat-edebiyat","6":"product_cat-siir","7":"pa_cilt-ciltsiz","8":"pa_tur-kitap","9":"pa_yayinevi-efsun-yayincilik","10":"pa_yazar-esref-turkeri","12":"first","13":"instock","14":"sale","15":"shipping-taxable","16":"purchasable","17":"product-type-simple"},"_links":{"self":[{"href":"https:\/\/roveyayinevi.com.tr\/index.php\/wp-json\/wp\/v2\/product\/760245","targetHints":{"allow":["GET"]}}],"collection":[{"href":"https:\/\/roveyayinevi.com.tr\/index.php\/wp-json\/wp\/v2\/product"}],"about":[{"href":"https:\/\/roveyayinevi.com.tr\/index.php\/wp-json\/wp\/v2\/types\/product"}],"wp:attachment":[{"href":"https:\/\/roveyayinevi.com.tr\/index.php\/wp-json\/wp\/v2\/media?parent=760245"}],"wp:term":[{"taxonomy":"product_brand","embeddable":true,"href":"https:\/\/roveyayinevi.com.tr\/index.php\/wp-json\/wp\/v2\/product_brand?post=760245"},{"taxonomy":"product_cat","embeddable":true,"href":"https:\/\/roveyayinevi.com.tr\/index.php\/wp-json\/wp\/v2\/product_cat?post=760245"},{"taxonomy":"product_tag","embeddable":true,"href":"https:\/\/roveyayinevi.com.tr\/index.php\/wp-json\/wp\/v2\/product_tag?post=760245"}],"curies":[{"name":"wp","href":"https:\/\/api.w.org\/{rel}","templated":true}]}}