{"id":760243,"date":"2025-08-28T09:00:00","date_gmt":"2025-08-28T06:00:00","guid":{"rendered":"https:\/\/roveyayinevi.com.tr\/index.php\/urun\/medhal-i-ilm-i-hukuk\/"},"modified":"2026-04-16T03:13:06","modified_gmt":"2026-04-16T00:13:06","slug":"medhal-i-ilm-i-hukuk","status":"publish","type":"product","link":"https:\/\/roveyayinevi.com.tr\/index.php\/urun\/medhal-i-ilm-i-hukuk\/","title":{"rendered":"Medhal-i \u0130lm-i Hukuk"},"content":{"rendered":"<p>M\u00fcnif Pa\u015fa faaliyet ve eserleriyle, Tanzimat d\u00f6nemi devlet adamlar\u0131 aras\u0131nda medeniyet, ilerleme, bilim, yeni e\u011fitim, siyasi-hukuki d\u00f6n\u00fc\u015f\u00fcm gibi ana y\u00f6neli\u015fleri tek ba\u015f\u0131na temsil edebilecek nadir \u015fahsiyetlerden. 1880\u2019den itibaren Mekteb-i Hukuk\u2019ta okuttu\u011fu Hukuka Giri\u015f dersi i\u00e7in haz\u0131rlad\u0131\u011f\u0131 Medhal-i \u0130lm-i Hukuk ise T\u00fcrk\u00e7ede bu alanda kaleme al\u0131nan ilk kitap olma \u00f6zelli\u011fine sahip. Terc\u00fcme-uyarlama yo\u011funluklu yaz\u0131 faaliyetinin hukuka odaklanan ve\u00e7hesinin mahsullerinden olan bu eserde M\u00fcnif Pa\u015fa, Bel\u00e7ikal\u0131 hukuk\u00e7u Parfait-Joseph Namur\u2019un Hukuka Giri\u015f kitab\u0131n\u0131 esas al\u0131yor. Modern Bat\u0131 d\u00fc\u015f\u00fcncesinin \u00fcr\u00fcn\u00fc olan bir hukuk metniyle nas\u0131l ili\u015fki kurulabilece\u011fini, model alma ve uyarlama konusunda takip edilebilecek y\u00f6ntemleri kendi zaviyesinden g\u00f6steriyor. \u00d6n\u00fcm\u00fcze getirdi\u011fi meseleler bak\u0131m\u0131ndan g\u00fcncelli\u011fini koruyan eser, ilk kar\u015f\u0131la\u015fman\u0131n bar\u0131nd\u0131rd\u0131\u011f\u0131 temel \u00e7eli\u015fkileri ve uzla\u015ft\u0131rma \u00e7abalar\u0131n\u0131 g\u00f6rmek i\u00e7in elveri\u015fli bir imk\u00e2n, \u00e7a\u011fda\u015f T\u00fcrk d\u00fc\u015f\u00fcncesinin hukuka dair tart\u0131\u015fmalar\u0131n\u0131 ba\u015flang\u0131\u00e7 noktas\u0131nda kavramak isteyenler i\u00e7in \u00f6nemli bir kaynak. <\/p>\n","protected":false},"excerpt":{"rendered":"<p>M\u00fcnif Pa\u015fa faaliyet ve eserleriyle, Tanzimat d\u00f6nemi devlet adamlar\u0131 aras\u0131nda medeniyet, ilerleme, bilim, yeni e\u011fitim, siyasi-hukuki d\u00f6n\u00fc\u015f\u00fcm gibi ana y\u00f6neli\u015fleri tek ba\u015f\u0131na temsil edebilecek nadir \u015fahsiyetlerden.<span class=\"excerpt-hellip\"> [\u2026]<\/span><\/p>\n","protected":false},"featured_media":0,"template":"","meta":{"_monsterinsights_skip_tracking":false,"_monsterinsights_sitenote_active":false,"_monsterinsights_sitenote_note":"","_monsterinsights_sitenote_category":0},"product_brand":[],"product_cat":[15350,17602],"product_tag":[],"class_list":{"0":"post-760243","1":"product","2":"type-product","3":"status-publish","5":"product_cat-hukuk","6":"product_cat-hukuk-uzerine","7":"pa_cilt-ciltsiz","8":"pa_tur-kitap","9":"pa_yayinevi-vakifbank-kultur-yayinlari","10":"pa_yazar-mehmed-tahir-munif-pasa","12":"first","13":"instock","14":"sale","15":"shipping-taxable","16":"purchasable","17":"product-type-simple"},"_links":{"self":[{"href":"https:\/\/roveyayinevi.com.tr\/index.php\/wp-json\/wp\/v2\/product\/760243","targetHints":{"allow":["GET"]}}],"collection":[{"href":"https:\/\/roveyayinevi.com.tr\/index.php\/wp-json\/wp\/v2\/product"}],"about":[{"href":"https:\/\/roveyayinevi.com.tr\/index.php\/wp-json\/wp\/v2\/types\/product"}],"wp:attachment":[{"href":"https:\/\/roveyayinevi.com.tr\/index.php\/wp-json\/wp\/v2\/media?parent=760243"}],"wp:term":[{"taxonomy":"product_brand","embeddable":true,"href":"https:\/\/roveyayinevi.com.tr\/index.php\/wp-json\/wp\/v2\/product_brand?post=760243"},{"taxonomy":"product_cat","embeddable":true,"href":"https:\/\/roveyayinevi.com.tr\/index.php\/wp-json\/wp\/v2\/product_cat?post=760243"},{"taxonomy":"product_tag","embeddable":true,"href":"https:\/\/roveyayinevi.com.tr\/index.php\/wp-json\/wp\/v2\/product_tag?post=760243"}],"curies":[{"name":"wp","href":"https:\/\/api.w.org\/{rel}","templated":true}]}}