{"id":760242,"date":"2025-08-28T08:59:59","date_gmt":"2025-08-28T05:59:59","guid":{"rendered":"https:\/\/roveyayinevi.com.tr\/index.php\/urun\/modern-mimarlik\/"},"modified":"2026-04-16T03:13:06","modified_gmt":"2026-04-16T00:13:06","slug":"modern-mimarlik","status":"publish","type":"product","link":"https:\/\/roveyayinevi.com.tr\/index.php\/urun\/modern-mimarlik\/","title":{"rendered":"Modern Mimarl\u0131k"},"content":{"rendered":"<p>1910\u2019la 1970 aras\u0131nda bir yerlerde mimarl\u0131k de\u011fi\u015fti; ve bir sanat formu olarak mimari, gelece\u011fin ge\u00e7mi\u015ften kurtulu\u015funu simgeledi. Bu kitapta modern mimarinin ger\u00e7ekle\u015fmesi i\u00e7in k\u00fclt\u00fcrel ve entelekt\u00fcel f\u0131rsatlar\u0131n \u00f6n\u00fcn\u00fc a\u00e7an teknik yenilikleri ara\u015ft\u0131ran Adam Sharr, \u00e7elik ve betonarmenin icad\u0131n\u0131n binalar\u0131 \u015fekillendirme olanaklar\u0131n\u0131 nas\u0131l k\u00f6kten de\u011fi\u015ftirdi\u011fini, mimarlar\u0131n hayal edebileceklerini nas\u0131l d\u00f6n\u00fc\u015ft\u00fcrd\u00fc\u011f\u00fcn\u00fc, iklimlendirme ve ayd\u0131nlatma i\u00e7in yeni sistemlerin nas\u0131l kullan\u0131ld\u0131\u011f\u0131n\u0131 g\u00f6steriyor. Daha b\u00fcy\u00fck k\u00fclt\u00fcrel fikirleri de sembolize eden modern binalardan bir se\u00e7kiye odaklanan Sharr, modern mimarinin nas\u0131l oldu\u011funu, neden b\u00f6yle oldu\u011funu ve nas\u0131l hayal edildi\u011fini tart\u0131\u015f\u0131yor. Modern mimarinin \u015fekillenmesine yard\u0131mc\u0131 olan baz\u0131 tarih\u00e7i ve ele\u015ftirmenlerin \u00e7al\u0131\u015fmalar\u0131n\u0131 da g\u00f6z \u00f6n\u00fcnde bulundurarak, bu alan\u0131n binalar\u0131 kadar hik\u00e2yecilerine de ne kadar \u00e7ok \u015fey bor\u00e7lu oldu\u011funu g\u00f6steriyor. Mimarl\u0131k tarihinde bir d\u00f6n\u00fcm noktas\u0131 olan modern mimariye kapsaml\u0131 bir giri\u015f i\u00e7in de\u011ferli bir kitap. <\/p>\n","protected":false},"excerpt":{"rendered":"<p>1910\u2019la 1970 aras\u0131nda bir yerlerde mimarl\u0131k de\u011fi\u015fti; ve bir sanat formu olarak mimari, gelece\u011fin ge\u00e7mi\u015ften kurtulu\u015funu simgeledi. Bu kitapta modern mimarinin ger\u00e7ekle\u015fmesi i\u00e7in k\u00fclt\u00fcrel ve entelekt\u00fcel<span class=\"excerpt-hellip\"> [\u2026]<\/span><\/p>\n","protected":false},"featured_media":0,"template":"","meta":{"_monsterinsights_skip_tracking":false,"_monsterinsights_sitenote_active":false,"_monsterinsights_sitenote_note":"","_monsterinsights_sitenote_category":0},"product_brand":[],"product_cat":[12408],"product_tag":[],"class_list":{"0":"post-760242","1":"product","2":"type-product","3":"status-publish","5":"product_cat-sanat","6":"pa_cilt-ciltsiz","7":"pa_tur-kitap","8":"pa_yayinevi-say-yayinlari","9":"pa_yazar-adam-sharr","11":"first","12":"instock","13":"sale","14":"shipping-taxable","15":"purchasable","16":"product-type-simple"},"_links":{"self":[{"href":"https:\/\/roveyayinevi.com.tr\/index.php\/wp-json\/wp\/v2\/product\/760242","targetHints":{"allow":["GET"]}}],"collection":[{"href":"https:\/\/roveyayinevi.com.tr\/index.php\/wp-json\/wp\/v2\/product"}],"about":[{"href":"https:\/\/roveyayinevi.com.tr\/index.php\/wp-json\/wp\/v2\/types\/product"}],"wp:attachment":[{"href":"https:\/\/roveyayinevi.com.tr\/index.php\/wp-json\/wp\/v2\/media?parent=760242"}],"wp:term":[{"taxonomy":"product_brand","embeddable":true,"href":"https:\/\/roveyayinevi.com.tr\/index.php\/wp-json\/wp\/v2\/product_brand?post=760242"},{"taxonomy":"product_cat","embeddable":true,"href":"https:\/\/roveyayinevi.com.tr\/index.php\/wp-json\/wp\/v2\/product_cat?post=760242"},{"taxonomy":"product_tag","embeddable":true,"href":"https:\/\/roveyayinevi.com.tr\/index.php\/wp-json\/wp\/v2\/product_tag?post=760242"}],"curies":[{"name":"wp","href":"https:\/\/api.w.org\/{rel}","templated":true}]}}