{"id":760241,"date":"2025-08-28T08:59:58","date_gmt":"2025-08-28T05:59:58","guid":{"rendered":"https:\/\/roveyayinevi.com.tr\/index.php\/urun\/lezzetli-dunya-tarihi\/"},"modified":"2026-04-16T03:13:06","modified_gmt":"2026-04-16T00:13:06","slug":"lezzetli-dunya-tarihi","status":"publish","type":"product","link":"https:\/\/roveyayinevi.com.tr\/index.php\/urun\/lezzetli-dunya-tarihi\/","title":{"rendered":"Lezzetli Du\u0308nya Tarihi"},"content":{"rendered":"<p>Yemek, hayatta kalmak i\u00e7in gerekli olman\u0131n \u00f6tesinde, kadim tarihin ve k\u00fclt\u00fcr\u00fcn bir yans\u0131mas\u0131d\u0131r; dolay\u0131s\u0131yla her yeme\u011fin ard\u0131nda bir gelenek yatar ve her lezzet, insanl\u0131\u011f\u0131n e\u015fsiz bir \u00e2n\u0131n\u0131 temsil eder. Bu y\u00fczden pop\u00fcler bilim yazar\u0131 J. M. Mulet tarihi yemeklerle anlatmay\u0131 tercih ediyor ve ortaya \u00e7ok lezzetli bir d\u00fcnya tarihi \u00e7\u0131k\u0131yor. Fakat bu kitab\u0131 ayn\u0131 zamanda \u201cyeme\u011fin tarihi\u201d olarak okumak da m\u00fcmk\u00fcn. Kitap insan\u0131n yiyecekle olan ili\u015fkisini itinayla inceliyor, binlerce y\u0131ldan bu yana d\u00fcnya halklar\u0131n\u0131n kendi yemek k\u00fclt\u00fcrlerini nas\u0131l geli\u015ftirdiklerini g\u00f6steriyor. Lezzetli D\u00fcnya Tarihi varolu\u015f ve yemek yeme aras\u0131ndaki ili\u015fkiye tart\u0131\u015fmal\u0131 ve tamamen yenilik\u00e7i bir bak\u0131\u015f a\u00e7\u0131s\u0131yla yakla\u015fan me\u015fhur \u0130spanyol yazar Mulet\u2019in en iddial\u0131 projesi; mamut ili\u011finden fast food\u2019a kadar her yeme\u011fin anlatt\u0131\u011f\u0131 hik\u00e2yeyi ortaya koyuyor. <\/p>\n","protected":false},"excerpt":{"rendered":"<p>Yemek, hayatta kalmak i\u00e7in gerekli olman\u0131n \u00f6tesinde, kadim tarihin ve k\u00fclt\u00fcr\u00fcn bir yans\u0131mas\u0131d\u0131r; dolay\u0131s\u0131yla her yeme\u011fin ard\u0131nda bir gelenek yatar ve her lezzet, insanl\u0131\u011f\u0131n e\u015fsiz bir<span class=\"excerpt-hellip\"> [\u2026]<\/span><\/p>\n","protected":false},"featured_media":0,"template":"","meta":{"_monsterinsights_skip_tracking":false,"_monsterinsights_sitenote_active":false,"_monsterinsights_sitenote_note":"","_monsterinsights_sitenote_category":0},"product_brand":[],"product_cat":[12304],"product_tag":[],"class_list":{"0":"post-760241","1":"product","2":"type-product","3":"status-publish","5":"product_cat-tarih","6":"pa_cilt-ciltsiz","7":"pa_tur-kitap","8":"pa_yayinevi-say-yayinlari","9":"pa_yazar-jose-miguel-mulet","11":"first","12":"instock","13":"sale","14":"shipping-taxable","15":"purchasable","16":"product-type-simple"},"_links":{"self":[{"href":"https:\/\/roveyayinevi.com.tr\/index.php\/wp-json\/wp\/v2\/product\/760241","targetHints":{"allow":["GET"]}}],"collection":[{"href":"https:\/\/roveyayinevi.com.tr\/index.php\/wp-json\/wp\/v2\/product"}],"about":[{"href":"https:\/\/roveyayinevi.com.tr\/index.php\/wp-json\/wp\/v2\/types\/product"}],"wp:attachment":[{"href":"https:\/\/roveyayinevi.com.tr\/index.php\/wp-json\/wp\/v2\/media?parent=760241"}],"wp:term":[{"taxonomy":"product_brand","embeddable":true,"href":"https:\/\/roveyayinevi.com.tr\/index.php\/wp-json\/wp\/v2\/product_brand?post=760241"},{"taxonomy":"product_cat","embeddable":true,"href":"https:\/\/roveyayinevi.com.tr\/index.php\/wp-json\/wp\/v2\/product_cat?post=760241"},{"taxonomy":"product_tag","embeddable":true,"href":"https:\/\/roveyayinevi.com.tr\/index.php\/wp-json\/wp\/v2\/product_tag?post=760241"}],"curies":[{"name":"wp","href":"https:\/\/api.w.org\/{rel}","templated":true}]}}