{"id":760238,"date":"2025-08-28T08:59:52","date_gmt":"2025-08-28T05:59:52","guid":{"rendered":"https:\/\/roveyayinevi.com.tr\/index.php\/urun\/guvercinim-sut-beyaz\/"},"modified":"2026-04-16T03:13:05","modified_gmt":"2026-04-16T00:13:05","slug":"guvercinim-sut-beyaz","status":"publish","type":"product","link":"https:\/\/roveyayinevi.com.tr\/index.php\/urun\/guvercinim-sut-beyaz\/","title":{"rendered":"G\u00fcvercinim S\u00fct Beyaz"},"content":{"rendered":"<p>Asl\u0131nda ben daha \u00f6nce de G\u00fcvercinlere G\u00fcl\u00fcmsemi\u015ftim. Hat\u0131rl\u0131yorum \u015fimdi Bir yan\u0131mda nar a\u011fac\u0131 Vard\u0131 Di\u011ferinde zeytin. K\u00fc\u00e7\u00fcc\u00fck elleri vard\u0131 hem Annemin Ve daha o g\u00fcnden Alfabesi \u00d6\u011fretiyordu dilini Sevginin. G\u00fcvercinim S\u00fct Beyaz \u015fiirinden\u2026 \u015eair G\u00f6khan Ak\u00e7i\u00e7ek, \u00e7ocuklar\u0131, gen\u00e7leri ve t\u00fcm \u015fiir severleri kelimeler ve seslerin d\u00fcnyas\u0131nda bir yolcu\u011fa \u00e7\u0131kmaya davet ediyor. <\/p>\n","protected":false},"excerpt":{"rendered":"<p>Asl\u0131nda ben daha \u00f6nce de G\u00fcvercinlere G\u00fcl\u00fcmsemi\u015ftim. Hat\u0131rl\u0131yorum \u015fimdi Bir yan\u0131mda nar a\u011fac\u0131 Vard\u0131 Di\u011ferinde zeytin. K\u00fc\u00e7\u00fcc\u00fck elleri vard\u0131 hem Annemin Ve daha o g\u00fcnden Alfabesi<span class=\"excerpt-hellip\"> [\u2026]<\/span><\/p>\n","protected":false},"featured_media":0,"template":"","meta":{"_monsterinsights_skip_tracking":false,"_monsterinsights_sitenote_active":false,"_monsterinsights_sitenote_note":"","_monsterinsights_sitenote_category":0},"product_brand":[],"product_cat":[12274,12631],"product_tag":[],"class_list":{"0":"post-760238","1":"product","2":"type-product","3":"status-publish","5":"product_cat-cocuk-ve-genclik-kitaplari","6":"product_cat-diger-cocuk-ve-genclik-kitaplari","7":"pa_cilt-ciltsiz","8":"pa_tur-kitap","9":"pa_yayinevi-vakifbank-kultur-yayinlari","10":"pa_yazar-gokhan-akcicek","12":"first","13":"instock","14":"sale","15":"shipping-taxable","16":"purchasable","17":"product-type-simple"},"_links":{"self":[{"href":"https:\/\/roveyayinevi.com.tr\/index.php\/wp-json\/wp\/v2\/product\/760238","targetHints":{"allow":["GET"]}}],"collection":[{"href":"https:\/\/roveyayinevi.com.tr\/index.php\/wp-json\/wp\/v2\/product"}],"about":[{"href":"https:\/\/roveyayinevi.com.tr\/index.php\/wp-json\/wp\/v2\/types\/product"}],"wp:attachment":[{"href":"https:\/\/roveyayinevi.com.tr\/index.php\/wp-json\/wp\/v2\/media?parent=760238"}],"wp:term":[{"taxonomy":"product_brand","embeddable":true,"href":"https:\/\/roveyayinevi.com.tr\/index.php\/wp-json\/wp\/v2\/product_brand?post=760238"},{"taxonomy":"product_cat","embeddable":true,"href":"https:\/\/roveyayinevi.com.tr\/index.php\/wp-json\/wp\/v2\/product_cat?post=760238"},{"taxonomy":"product_tag","embeddable":true,"href":"https:\/\/roveyayinevi.com.tr\/index.php\/wp-json\/wp\/v2\/product_tag?post=760238"}],"curies":[{"name":"wp","href":"https:\/\/api.w.org\/{rel}","templated":true}]}}