{"id":760236,"date":"2025-08-28T08:59:49","date_gmt":"2025-08-28T05:59:49","guid":{"rendered":"https:\/\/roveyayinevi.com.tr\/index.php\/urun\/akil-oyunlarina-yolculuk\/"},"modified":"2026-04-16T03:13:05","modified_gmt":"2026-04-16T00:13:05","slug":"akil-oyunlarina-yolculuk","status":"publish","type":"product","link":"https:\/\/roveyayinevi.com.tr\/index.php\/urun\/akil-oyunlarina-yolculuk\/","title":{"rendered":"Ak\u0131l Oyunlar\u0131na Yolculuk"},"content":{"rendered":"<p>Ak\u0131l oyunlar\u0131; do\u011fru karar vermeyi, dikkat etmeyi ama acele etmemeyi bize hat\u0131rlat\u0131r. Kitaptaki her soru seni bir yolculu\u011fa \u00e7\u0131karacak. Bazen d\u00fc\u015f\u00fcnd\u00fcrecek, ara\u015ft\u0131rma yapman\u0131 sa\u011flayacak. Sorular\u0131 bir g\u00fcnde ve bir oturu\u015fta \u00e7\u00f6zmen gerekmiyor. Sorular\u0131n bir k\u0131sm\u0131n\u0131 \u015f\u0131p diye \u00e7\u00f6zerken bir k\u0131sm\u0131n\u0131 ailenle, arkada\u015flar\u0131nla ya da \u00f6\u011fretmeninle birlikte \u00e7\u00f6zebilir, kafa yorabi- lirsin. \u015eimdi ba\u015flama zaman\u0131, bakal\u0131m ne kadar yol alacaks\u0131n? <\/p>\n","protected":false},"excerpt":{"rendered":"<p>Ak\u0131l oyunlar\u0131; do\u011fru karar vermeyi, dikkat etmeyi ama acele etmemeyi bize hat\u0131rlat\u0131r. Kitaptaki her soru seni bir yolculu\u011fa \u00e7\u0131karacak. Bazen d\u00fc\u015f\u00fcnd\u00fcrecek, ara\u015ft\u0131rma yapman\u0131 sa\u011flayacak. Sorular\u0131 bir<span class=\"excerpt-hellip\"> [\u2026]<\/span><\/p>\n","protected":false},"featured_media":0,"template":"","meta":{"_monsterinsights_skip_tracking":false,"_monsterinsights_sitenote_active":false,"_monsterinsights_sitenote_note":"","_monsterinsights_sitenote_category":0},"product_brand":[],"product_cat":[12274,15842],"product_tag":[],"class_list":{"0":"post-760236","1":"product","2":"type-product","3":"status-publish","5":"product_cat-cocuk-ve-genclik-kitaplari","6":"product_cat-egitici-kitaplar","7":"pa_cilt-ciltsiz","8":"pa_tur-kitap","9":"pa_yayinevi-smirna-yayinlari","10":"pa_yazar-ferit-avci","12":"first","13":"instock","14":"sale","15":"shipping-taxable","16":"purchasable","17":"product-type-simple"},"_links":{"self":[{"href":"https:\/\/roveyayinevi.com.tr\/index.php\/wp-json\/wp\/v2\/product\/760236","targetHints":{"allow":["GET"]}}],"collection":[{"href":"https:\/\/roveyayinevi.com.tr\/index.php\/wp-json\/wp\/v2\/product"}],"about":[{"href":"https:\/\/roveyayinevi.com.tr\/index.php\/wp-json\/wp\/v2\/types\/product"}],"wp:attachment":[{"href":"https:\/\/roveyayinevi.com.tr\/index.php\/wp-json\/wp\/v2\/media?parent=760236"}],"wp:term":[{"taxonomy":"product_brand","embeddable":true,"href":"https:\/\/roveyayinevi.com.tr\/index.php\/wp-json\/wp\/v2\/product_brand?post=760236"},{"taxonomy":"product_cat","embeddable":true,"href":"https:\/\/roveyayinevi.com.tr\/index.php\/wp-json\/wp\/v2\/product_cat?post=760236"},{"taxonomy":"product_tag","embeddable":true,"href":"https:\/\/roveyayinevi.com.tr\/index.php\/wp-json\/wp\/v2\/product_tag?post=760236"}],"curies":[{"name":"wp","href":"https:\/\/api.w.org\/{rel}","templated":true}]}}