{"id":760232,"date":"2025-08-28T08:59:42","date_gmt":"2025-08-28T05:59:42","guid":{"rendered":"https:\/\/roveyayinevi.com.tr\/index.php\/urun\/kurt-tarihi-ve-kesikkopru-koyu\/"},"modified":"2026-04-16T03:13:05","modified_gmt":"2026-04-16T00:13:05","slug":"kurt-tarihi-ve-kesikkopru-koyu","status":"publish","type":"product","link":"https:\/\/roveyayinevi.com.tr\/index.php\/urun\/kurt-tarihi-ve-kesikkopru-koyu\/","title":{"rendered":"K\u00fcrt Tarihi ve Kesikk\u00f6pr\u00fc K\u00f6y\u00fc"},"content":{"rendered":"<p>Kurt\u00e7e\u2019nin tekili Kurd, \u00e7o\u011fulu Kurd\u00e2nd\u0131r. \u201cK\u00fcrt\u201d isminin etmolojik kayna\u011f\u0131, tarihi olarak \u00e7ok eskilere M.\u00d6.300\u2019lere dayanmaktad\u0131r. Baz\u0131 ara\u015ft\u0131rmac\u0131lara g\u00f6re g\u00f6re \u201cK\u00fcrt\u201d teriminin temelinde \u201cKur\u201d kelimesi yatmakta olup S\u00fcmer k\u00f6kenlidir. S\u00fcmerlerde \u201ckur\u201d da\u011f demektir, \u201c-ki\u201d eki aidiyeti ifade eder. \u201cKurti\u201d kelimesi da\u011f\u0131n halk\u0131 anlam\u0131na gelmektedir. Bu co\u011frafyada ya\u015fayan milletler K\u00fcrtlere bu ad\u0131 vermi\u015flerdir. Baz\u0131 k\u00fcrdologlara g\u00f6re \u201cK\u00fcrd\u201d ismi \u201cGord\u201d yani kahraman isminden gelmi\u015ftir. \u015eerefhan da \u201c\u015eerefname\u201d adl\u0131 eserinde buna benzer bir rivayetten bahsetmektedir. K\u00fcrtlerin bu adla an\u0131lmalar\u0131 cesaretleri ve sava\u015f\u00e7\u0131l\u0131klar\u0131ndand\u0131r. Ayr\u0131ca \u201cK\u00fcrd\u201d kelimesinin Fars\u00e7a \u201cGord\u201d kelimesinden t\u00fcredi\u011fi kabul edilirse, \u201cGord\u201d kelimesinin mahall\u00ee \u201cGordu\u201d veya \u201cQordu\u201d gibi bir ismin \u0130ran\u00eele\u015ftirilmi\u015f bir formu gibi g\u00f6r\u00fclmesi de m\u00fcmk\u00fcnd\u00fcr.   Ziya G\u00f6kalp, \u201cK\u00fcrt A\u015firetleri Hakk\u0131nda Soyolojik Tetkikler\u201d adl\u0131 eserinde K\u00fcrtleri edebi eserlerinin tetkikiyle be\u015f kavme ay\u0131rm\u0131\u015ft\u0131r. Bunlar; 1. Kurmanc\u0131 2. Zaza 3. Soran 4. G\u00fcran 5. Lur. Bu K\u00fcrt kavimleri birbirlerine ba\u015fka isimler verirler. Mesela; Kurmanc\u0131lar kendilerine K\u00fcrt demezler, biz Kurmanc\u0131z derler. K\u00fcrtlerin en b\u00fcy\u00fck b\u00f6l\u00fcm\u00fcn\u00fc bu Kurmanc\u0131lar te\u015fkil eder. Zazalar ba\u015fka lisanlar\u0131 \u00e7abuk \u00f6\u011frenirler, Kurmanclar daha ge\u00e7 \u00f6\u011frenirler. Zazalar\u0131n halk edebiyat\u0131 fakirdir, Kurmanclar\u0131n ise \u00e7ok zengindir. K\u00fcrdistan diyar\u0131nda olan Lisan-\u0131 K\u00fcrd, Hazreti Nuh \u00fcmmetinden Melik K\u00fcrd\u0131m\u2019dan kalm\u0131\u015ft\u0131r. Mustafa Re\u015fit Pa\u015fa 1847 y\u0131l\u0131nda K\u00fcrdistan eyaletini kurar. Bu eyaletin merkezi, 13 Aral\u0131k 2847 tarihli Takvim-i Vekayi\u2019ye g\u00f6re Ahlat\u2019t\u0131r. <\/p>\n","protected":false},"excerpt":{"rendered":"<p>Kurt\u00e7e\u2019nin tekili Kurd, \u00e7o\u011fulu Kurd\u00e2nd\u0131r. \u201cK\u00fcrt\u201d isminin etmolojik kayna\u011f\u0131, tarihi olarak \u00e7ok eskilere M.\u00d6.300\u2019lere dayanmaktad\u0131r. Baz\u0131 ara\u015ft\u0131rmac\u0131lara g\u00f6re g\u00f6re \u201cK\u00fcrt\u201d teriminin temelinde \u201cKur\u201d kelimesi yatmakta olup<span class=\"excerpt-hellip\"> [\u2026]<\/span><\/p>\n","protected":false},"featured_media":0,"template":"","meta":{"_monsterinsights_skip_tracking":false,"_monsterinsights_sitenote_active":false,"_monsterinsights_sitenote_note":"","_monsterinsights_sitenote_category":0},"product_brand":[],"product_cat":[12370,12304],"product_tag":[],"class_list":{"0":"post-760232","1":"product","2":"type-product","3":"status-publish","5":"product_cat-arastirma-inceleme","6":"product_cat-tarih","7":"pa_cilt-ciltsiz","8":"pa_tur-kitap","9":"pa_yayinevi-gulnar-yayinlari","10":"pa_yazar-omer-akdogan","12":"first","13":"instock","14":"sale","15":"shipping-taxable","16":"purchasable","17":"product-type-simple"},"_links":{"self":[{"href":"https:\/\/roveyayinevi.com.tr\/index.php\/wp-json\/wp\/v2\/product\/760232","targetHints":{"allow":["GET"]}}],"collection":[{"href":"https:\/\/roveyayinevi.com.tr\/index.php\/wp-json\/wp\/v2\/product"}],"about":[{"href":"https:\/\/roveyayinevi.com.tr\/index.php\/wp-json\/wp\/v2\/types\/product"}],"wp:attachment":[{"href":"https:\/\/roveyayinevi.com.tr\/index.php\/wp-json\/wp\/v2\/media?parent=760232"}],"wp:term":[{"taxonomy":"product_brand","embeddable":true,"href":"https:\/\/roveyayinevi.com.tr\/index.php\/wp-json\/wp\/v2\/product_brand?post=760232"},{"taxonomy":"product_cat","embeddable":true,"href":"https:\/\/roveyayinevi.com.tr\/index.php\/wp-json\/wp\/v2\/product_cat?post=760232"},{"taxonomy":"product_tag","embeddable":true,"href":"https:\/\/roveyayinevi.com.tr\/index.php\/wp-json\/wp\/v2\/product_tag?post=760232"}],"curies":[{"name":"wp","href":"https:\/\/api.w.org\/{rel}","templated":true}]}}