{"id":760231,"date":"2025-08-28T08:59:40","date_gmt":"2025-08-28T05:59:40","guid":{"rendered":"https:\/\/roveyayinevi.com.tr\/index.php\/urun\/yuregine-sor-beni\/"},"modified":"2026-04-16T03:13:05","modified_gmt":"2026-04-16T00:13:05","slug":"yuregine-sor-beni","status":"publish","type":"product","link":"https:\/\/roveyayinevi.com.tr\/index.php\/urun\/yuregine-sor-beni\/","title":{"rendered":"Y\u00fcre\u011fine Sor Beni"},"content":{"rendered":"<p>\u0130lk kar\u015f\u0131la\u015ft\u0131\u011f\u0131m\u0131z yeri, A\u011fa\u00e7lara oydu\u011fumuz kalpleri, Yazd\u0131\u011f\u0131m\u0131z hik\u00e2yeyi, Ya\u015fad\u0131\u011f\u0131m\u0131z g\u00fczel g\u00fcnleri Zamanla her \u015feyi Bir g\u00fcn gelir, Unuturmu\u015f insan.   Bir bayram sabah\u0131 hat\u0131rlar, Ziyaret etmek istersen, Adresimi unutmu\u015fsan, Arar da bulamazsan, Bil ki uzaklarda de\u011filimdir. Y\u00fcre\u011fine sor beni.   Ben can\u0131mdan \u00e7ok Sevmi\u015ftim seni, Y\u00fcre\u011fime nak\u0131\u015f nak\u0131\u015f, \u0130\u015flemi\u015ftim sevgini, Sen de \u00e7ok sevdiysen beni, Y\u00fcre\u011finden sor beni.   Kalpten kalbe yol vard\u0131r derler, Orada g\u00f6r\u00fcrs\u00fcn, H\u00e2l\u00e2 senin i\u00e7in \u00e7arpan y\u00fcre\u011fi, Seni can\u0131ndan \u00e7ok Seven Aygen&#8217;iyi, Ruhuna bir dua etmeyi, Unutma emi!   O m\u00fcbarek g\u00fcnde Semalarda dola\u015fan ruhum, Takip ediyordur, G\u00f6r\u00fcr seni, Gelir cennette Verir bana m\u00fcjdeni. <\/p>\n","protected":false},"excerpt":{"rendered":"<p>\u0130lk kar\u015f\u0131la\u015ft\u0131\u011f\u0131m\u0131z yeri, A\u011fa\u00e7lara oydu\u011fumuz kalpleri, Yazd\u0131\u011f\u0131m\u0131z hik\u00e2yeyi, Ya\u015fad\u0131\u011f\u0131m\u0131z g\u00fczel g\u00fcnleri Zamanla her \u015feyi Bir g\u00fcn gelir, Unuturmu\u015f insan. Bir bayram sabah\u0131 hat\u0131rlar, Ziyaret etmek istersen,<span class=\"excerpt-hellip\"> [\u2026]<\/span><\/p>\n","protected":false},"featured_media":0,"template":"","meta":{"_monsterinsights_skip_tracking":false,"_monsterinsights_sitenote_active":false,"_monsterinsights_sitenote_note":"","_monsterinsights_sitenote_category":0},"product_brand":[],"product_cat":[12291,12509],"product_tag":[],"class_list":{"0":"post-760231","1":"product","2":"type-product","3":"status-publish","5":"product_cat-edebiyat","6":"product_cat-siir","7":"pa_cilt-ciltsiz","8":"pa_tur-kitap","9":"pa_yayinevi-gulnar-yayinlari","10":"pa_yazar-dilaver-aygen","12":"first","13":"instock","14":"sale","15":"shipping-taxable","16":"purchasable","17":"product-type-simple"},"_links":{"self":[{"href":"https:\/\/roveyayinevi.com.tr\/index.php\/wp-json\/wp\/v2\/product\/760231","targetHints":{"allow":["GET"]}}],"collection":[{"href":"https:\/\/roveyayinevi.com.tr\/index.php\/wp-json\/wp\/v2\/product"}],"about":[{"href":"https:\/\/roveyayinevi.com.tr\/index.php\/wp-json\/wp\/v2\/types\/product"}],"wp:attachment":[{"href":"https:\/\/roveyayinevi.com.tr\/index.php\/wp-json\/wp\/v2\/media?parent=760231"}],"wp:term":[{"taxonomy":"product_brand","embeddable":true,"href":"https:\/\/roveyayinevi.com.tr\/index.php\/wp-json\/wp\/v2\/product_brand?post=760231"},{"taxonomy":"product_cat","embeddable":true,"href":"https:\/\/roveyayinevi.com.tr\/index.php\/wp-json\/wp\/v2\/product_cat?post=760231"},{"taxonomy":"product_tag","embeddable":true,"href":"https:\/\/roveyayinevi.com.tr\/index.php\/wp-json\/wp\/v2\/product_tag?post=760231"}],"curies":[{"name":"wp","href":"https:\/\/api.w.org\/{rel}","templated":true}]}}