{"id":760229,"date":"2025-08-28T08:59:06","date_gmt":"2025-08-28T05:59:06","guid":{"rendered":"https:\/\/roveyayinevi.com.tr\/index.php\/urun\/gecmisim-ve-dusuncelerim\/"},"modified":"2026-04-16T03:13:05","modified_gmt":"2026-04-16T00:13:05","slug":"gecmisim-ve-dusuncelerim","status":"publish","type":"product","link":"https:\/\/roveyayinevi.com.tr\/index.php\/urun\/gecmisim-ve-dusuncelerim\/","title":{"rendered":"Ge\u00e7mi\u015fim ve D\u00fc\u015f\u00fcncelerim"},"content":{"rendered":"<p>Aleksandr Herzen\u2019in an\u0131tsal otobiyografisi Ge\u00e7mi\u015fim ve D\u00fc\u015f\u00fcncelerim, sadece bir hat\u0131rat de\u011fil, ayn\u0131 zamanda 19. y\u00fczy\u0131l\u0131n b\u00fcy\u00fck Rus romanlar\u0131na denk bir edebiyat \u015faheseridir. Yazar\u0131n \u015fiirsel ve ak\u0131c\u0131 dili, y\u00fcksek belagati, ince hicvi eserin her sat\u0131r\u0131nda hissedilir. Kitapta hat\u0131rat tarz\u0131 yan\u0131nda roman, deneme, komedi, gazetecilik, portre gibi pek \u00e7ok edebiyat tarz\u0131n\u0131 harmanlam\u0131\u015f olan Herzen, \u00e7a\u011f\u0131n\u0131n canl\u0131 bir panoramas\u0131n\u0131 \u00e7izer. Rus sosyalizminin ve Narodnik hareketin kurucular\u0131ndan, Rus d\u00fc\u015f\u00fcnce tarihinin k\u00f6\u015feta\u015flar\u0131ndan olan Herzen, kendini halk\u0131na adam\u0131\u015f bir soyluydu. Zaman\u0131n\u0131n en \u00f6nemli devrimci ve entelekt\u00fcel fig\u00fcrlerinden biri olarak ya\u015fad\u0131. \u00d6nc\u00fc fikirlerinin birka\u00e7 ku\u015fak \u00fczerinde ne denli etkili oldu\u011funu hat\u0131rlatan Lenin taraf\u0131ndan, \u00f6l\u00fcm\u00fcnden elli y\u0131l sonra onurland\u0131r\u0131ld\u0131. Ge\u00e7mi\u015fim ve D\u00fc\u015f\u00fcncelerim, Rusya\u2019da ve Avrupa\u2019da yaz\u0131lm\u0131\u015f en kapsaml\u0131 otobiyografilerden biri ve Herzen\u2019in ola\u011fan\u00fcst\u00fc ya\u015fam\u0131n\u0131n benzersiz bir kayd\u0131d\u0131r. D\u00f6rt ciltlik bu dev eserin ilk cildi Herzen\u2019in \u00e7ocukluk ve ilk gen\u00e7lik y\u0131llar\u0131n\u0131, \u00fcniversite ve s\u00fcrg\u00fcn ya\u015fam\u0131n\u0131 kaps\u0131yor.Nuri Y\u0131ld\u0131r\u0131m\u2019\u0131n Rus\u00e7a asl\u0131ndan \u00e7evirisiyle ilk kez T\u00fcrk\u00e7ede!\u201cHayat\u0131mda g\u00f6z kama\u015ft\u0131r\u0131c\u0131 parlakl\u0131\u011f\u0131n ve derinli\u011fin b\u00f6ylesine az rastlan\u0131r bir birle\u015fimini ba\u015fka hi\u00e7 kimsede g\u00f6rmedim.\u201d Lev Tolstoy\u201cSizin hat\u0131ralar\u0131n\u0131z onurun, inanc\u0131n, y\u00fcksek zek\u00e2n\u0131n ve erdemin vakayinamesi niteli\u011finde! Siz insanlar\u0131n despotizmden nefret etmesini sa\u011fl\u0131yor, canavarlar\u0131n yok edilmesine yard\u0131mc\u0131 oluyorsunuz.\u201d Victor Hugo\u201cHerzen ilk Rus d\u00fc\u015f\u00fcn\u00fcr\u00fcd\u00fcr, ondan \u00f6nce hi\u00e7 kimse Rus hayat\u0131na b\u00f6ylesine \u00e7ok y\u00f6nl\u00fc ve derinlemesine bakmam\u0131\u015ft\u0131. Zek\u00e2s\u0131 g\u00fc\u00e7l\u00fcl\u00fck bak\u0131m\u0131ndan e\u015fsizdir, t\u0131pk\u0131 dilinin g\u00fczelli\u011fi ve g\u00f6z kama\u015ft\u0131r\u0131c\u0131l\u0131\u011f\u0131 gibi!\u201d Maksim Gorki<\/p>\n","protected":false},"excerpt":{"rendered":"<p>Aleksandr Herzen\u2019in an\u0131tsal otobiyografisi Ge\u00e7mi\u015fim ve D\u00fc\u015f\u00fcncelerim, sadece bir hat\u0131rat de\u011fil, ayn\u0131 zamanda 19. y\u00fczy\u0131l\u0131n b\u00fcy\u00fck Rus romanlar\u0131na denk bir edebiyat \u015faheseridir. Yazar\u0131n \u015fiirsel ve ak\u0131c\u0131<span class=\"excerpt-hellip\"> [\u2026]<\/span><\/p>\n","protected":false},"featured_media":0,"template":"","meta":{"_monsterinsights_skip_tracking":false,"_monsterinsights_sitenote_active":false,"_monsterinsights_sitenote_note":"","_monsterinsights_sitenote_category":0},"product_brand":[],"product_cat":[12291,13570],"product_tag":[],"class_list":{"0":"post-760229","1":"product","2":"type-product","3":"status-publish","5":"product_cat-edebiyat","6":"product_cat-rus-edebiyati","7":"pa_cilt-ciltsiz","8":"pa_tur-kitap","9":"pa_yayinevi-yordam-kitap","10":"pa_yazar-aleksandr-herzen","12":"first","13":"instock","14":"sale","15":"shipping-taxable","16":"purchasable","17":"product-type-simple"},"_links":{"self":[{"href":"https:\/\/roveyayinevi.com.tr\/index.php\/wp-json\/wp\/v2\/product\/760229","targetHints":{"allow":["GET"]}}],"collection":[{"href":"https:\/\/roveyayinevi.com.tr\/index.php\/wp-json\/wp\/v2\/product"}],"about":[{"href":"https:\/\/roveyayinevi.com.tr\/index.php\/wp-json\/wp\/v2\/types\/product"}],"wp:attachment":[{"href":"https:\/\/roveyayinevi.com.tr\/index.php\/wp-json\/wp\/v2\/media?parent=760229"}],"wp:term":[{"taxonomy":"product_brand","embeddable":true,"href":"https:\/\/roveyayinevi.com.tr\/index.php\/wp-json\/wp\/v2\/product_brand?post=760229"},{"taxonomy":"product_cat","embeddable":true,"href":"https:\/\/roveyayinevi.com.tr\/index.php\/wp-json\/wp\/v2\/product_cat?post=760229"},{"taxonomy":"product_tag","embeddable":true,"href":"https:\/\/roveyayinevi.com.tr\/index.php\/wp-json\/wp\/v2\/product_tag?post=760229"}],"curies":[{"name":"wp","href":"https:\/\/api.w.org\/{rel}","templated":true}]}}