{"id":760228,"date":"2025-08-28T08:59:05","date_gmt":"2025-08-28T05:59:05","guid":{"rendered":"https:\/\/roveyayinevi.com.tr\/index.php\/urun\/uygarlik-paradigmasini-degistirmek\/"},"modified":"2026-04-16T03:13:05","modified_gmt":"2026-04-16T00:13:05","slug":"uygarlik-paradigmasini-degistirmek","status":"publish","type":"product","link":"https:\/\/roveyayinevi.com.tr\/index.php\/urun\/uygarlik-paradigmasini-degistirmek\/","title":{"rendered":"Uygarl\u0131k Paradigmas\u0131n\u0131 De\u011fi\u015ftirmek"},"content":{"rendered":"<p>Fikret Ba\u015fkaya\u2019n\u0131n ele ald\u0131\u011f\u0131 pek \u00e7ok olgu, k\u00fcresel kapitalizmin art\u0131k sadece insani yabanc\u0131la\u015fmalar, toplumsal k\u00f6t\u00fcl\u00fckler, do\u011fa tahribat\u0131 yaratmakla kalmad\u0131\u011f\u0131n\u0131, t\u00fcm canl\u0131lar\u0131n varl\u0131\u011f\u0131n\u0131 do\u011frudan tehdit etti\u011fini g\u00f6steriyor. Uygarl\u0131k Paradigmas\u0131n\u0131 De\u011fi\u015ftirmek \u00e7\u00f6k\u00fc\u015f durumundan \u00e7\u0131kmak i\u00e7in, insanl\u0131\u011f\u0131n ve uygarl\u0131\u011f\u0131n gelece\u011fini kurtarmak i\u00e7in zihinsel yenilenmenin perspektiflerini tart\u0131\u015f\u0131yor. Yeni bir uygarl\u0131\u011fa giden yolun aralanmas\u0131 ancak yeni fikirlerle, radikal bir entelekt\u00fcel kopu\u015fla m\u00fcmk\u00fcn olacak. Aksi halde, belirli bir e\u015fik a\u015f\u0131ld\u0131\u011f\u0131nda geriye kurtar\u0131lacak bir \u015fey kalmayabilir.  \u015eeylerin seyrini de\u011fi\u015ftirmek i\u00e7in y\u00f6netenleri de\u011fil, sistemi de\u011fi\u015ftirmek gerekti\u011fini hat\u0131rlat\u0131yor Fikret Ba\u015fkaya\u2026 Kapitalizme ekonomik, sosyal, ekolojik, etik bir alternatif olarak g\u00f6rd\u00fc\u011f\u00fc eko-sosyalizm \u00fczerinde d\u00fc\u015f\u00fcnmeye \u00e7a\u011f\u0131r\u0131yor. \u0130nsan\u0131n insanla, toplumun do\u011fayla, kad\u0131n\u0131n erkekle uyumlu oldu\u011fu bir d\u00fcnya m\u00fcmk\u00fcn. Yeter ki \u201cbunak kapitalizm\u201din \u00e7\u00f6zd\u00fc\u011f\u00fcnden daha \u00e7ok sorun yaratt\u0131\u011f\u0131 bilince \u00e7\u0131kar\u0131ls\u0131n. Radikal d\u00f6n\u00fc\u015f\u00fcmlere acilen ihtiya\u00e7 duyulurken Uygarl\u0131k Paradigmas\u0131n\u0131 De\u011fi\u015ftirmek de sonu\u00e7ta \u201cyery\u00fcz\u00fcn\u00fcn lanetlileri\u201dne d\u00fc\u015f\u00fcyor.   <\/p>\n","protected":false},"excerpt":{"rendered":"<p>Fikret Ba\u015fkaya\u2019n\u0131n ele ald\u0131\u011f\u0131 pek \u00e7ok olgu, k\u00fcresel kapitalizmin art\u0131k sadece insani yabanc\u0131la\u015fmalar, toplumsal k\u00f6t\u00fcl\u00fckler, do\u011fa tahribat\u0131 yaratmakla kalmad\u0131\u011f\u0131n\u0131, t\u00fcm canl\u0131lar\u0131n varl\u0131\u011f\u0131n\u0131 do\u011frudan tehdit etti\u011fini g\u00f6steriyor.<span class=\"excerpt-hellip\"> [\u2026]<\/span><\/p>\n","protected":false},"featured_media":0,"template":"","meta":{"_monsterinsights_skip_tracking":false,"_monsterinsights_sitenote_active":false,"_monsterinsights_sitenote_note":"","_monsterinsights_sitenote_category":0},"product_brand":[],"product_cat":[13590,12337],"product_tag":[],"class_list":{"0":"post-760228","1":"product","2":"type-product","3":"status-publish","5":"product_cat-arastirma-inceleme-politika-siyaset","6":"product_cat-politika-siyaset","7":"pa_cilt-ciltsiz","8":"pa_tur-kitap","9":"pa_yayinevi-yordam-kitap","10":"pa_yazar-fikret-baskaya","12":"first","13":"instock","14":"sale","15":"shipping-taxable","16":"purchasable","17":"product-type-simple"},"_links":{"self":[{"href":"https:\/\/roveyayinevi.com.tr\/index.php\/wp-json\/wp\/v2\/product\/760228","targetHints":{"allow":["GET"]}}],"collection":[{"href":"https:\/\/roveyayinevi.com.tr\/index.php\/wp-json\/wp\/v2\/product"}],"about":[{"href":"https:\/\/roveyayinevi.com.tr\/index.php\/wp-json\/wp\/v2\/types\/product"}],"wp:attachment":[{"href":"https:\/\/roveyayinevi.com.tr\/index.php\/wp-json\/wp\/v2\/media?parent=760228"}],"wp:term":[{"taxonomy":"product_brand","embeddable":true,"href":"https:\/\/roveyayinevi.com.tr\/index.php\/wp-json\/wp\/v2\/product_brand?post=760228"},{"taxonomy":"product_cat","embeddable":true,"href":"https:\/\/roveyayinevi.com.tr\/index.php\/wp-json\/wp\/v2\/product_cat?post=760228"},{"taxonomy":"product_tag","embeddable":true,"href":"https:\/\/roveyayinevi.com.tr\/index.php\/wp-json\/wp\/v2\/product_tag?post=760228"}],"curies":[{"name":"wp","href":"https:\/\/api.w.org\/{rel}","templated":true}]}}