{"id":760227,"date":"2025-08-28T08:59:04","date_gmt":"2025-08-28T05:59:04","guid":{"rendered":"https:\/\/roveyayinevi.com.tr\/index.php\/urun\/100-yil-sonra-turkiye-cumhuriyeti\/"},"modified":"2026-04-16T03:13:05","modified_gmt":"2026-04-16T00:13:05","slug":"100-yil-sonra-turkiye-cumhuriyeti","status":"publish","type":"product","link":"https:\/\/roveyayinevi.com.tr\/index.php\/urun\/100-yil-sonra-turkiye-cumhuriyeti\/","title":{"rendered":"100 Y\u0131l Sonra T\u00fcrkiye Cumhuriyeti"},"content":{"rendered":"<p>19. y\u00fczy\u0131l geride kal\u0131r, d\u00fcnya devrimlerle \u00e7alkalan\u0131r, imparatorluklar y\u0131k\u0131l\u0131r ve cumhuriyetler kurulurken T\u00fcrkiye de bu tarihsel sal\u0131n\u0131m i\u00e7inde kendi yolunu ar\u0131yordu. Marx\u2019\u0131n tabiriyle \u2018kat\u0131 olan her \u015feyin buharla\u015ft\u0131\u011f\u0131\u2019, yeni olan\u0131n temsilcilerinin eskinin kabu\u011fundan tazelenmi\u015f bir \u00f6zg\u00fcven ve c\u00fcretle g\u00f6zlerini ufka dikti\u011fi bu \u00e7a\u011fda, mazisi y\u00fcz y\u0131llara varan Osmanl\u0131 \u0130mparatorlu\u011fu i\u00e7eride iki u\u011frakl\u0131 burjuva devriminin ve bir cihan harbinin alevleri i\u00e7inde k\u00fcl olmu\u015ftu. Tarihe kar\u0131\u015fan \u0130mparatorlu\u011fun \u015fimdi\u2019ye s\u0131\u00e7ratt\u0131\u011f\u0131 k\u0131v\u0131lc\u0131mlardan ise bir Cumhuriyet do\u011fdu. Padi\u015fah\u0131n tebaas\u0131ndan Cumhuriyetin yurtta\u015f\u0131na, Do\u011fu-\u0130slam \u00e2leminin medeniyetinden kapitalist-Bat\u0131 d\u00fcnyas\u0131n\u0131n uygarl\u0131\u011f\u0131na \u201cge\u00e7i\u015f\u201din co\u015fkular\u0131na, at\u0131l\u0131mlar\u0131na ve s\u00fcratine matemler, duraksamalar ve yava\u015flamalar e\u015flik etti. Farkl\u0131 y\u00f6nsemeler ve zamansall\u0131klarla s\u00fcregiden, var\u0131\u015f yeri ancak ve sadece s\u0131n\u0131f m\u00fccadeleleri taraf\u0131ndan tayin edilebilecek olan 100 y\u0131ll\u0131k bir yolculuk olarak s\u00fcr\u00fcyor Cumhuriyet. Cumhuriyet, yolculu\u011fun baz\u0131 u\u011fraklar\u0131nda N\u00e2z\u0131m Hikmet\u2019in dizelerindeki gibi: \u015f\u00f6yle ferah, \u015f\u00f6yle yi\u011fit\u00e7e ko\u015farken \/ kapana tutulmu\u015f gibi oluyor insan\u0131n aya\u011f\u0131.\u201d Baz\u0131 u\u011fraklar\u0131nda ise Hobbes\u2019un Leviathan\u2019\u0131 gibi. Baz\u0131 u\u011fraklar\u0131nda derinliklerinden y\u00fckselen dalgalarla bir \u201csosyal cumhuriyet\u201de eri\u015fme belirtileri g\u00f6steren, baz\u0131 u\u011fraklar\u0131nda yukar\u0131dan gelen bas\u0131n\u00e7larla kendi dibine \u00e7\u00f6kme emareleri sergileyen bir Cumhuriyet, bizimkisi. 100 Y\u0131l Sonra T\u00fcrkiye Cumhuriyeti, memleketimizin ilk asr\u0131na teorik tart\u0131\u015fman\u0131n zenginli\u011fi, soyutlaman\u0131n \u015fiddeti, \u00fczerine \u0131\u015f\u0131k d\u00fc\u015f\u00fcr\u00fclen olgular\u0131n \u015fa\u015f\u0131rt\u0131c\u0131l\u0131\u011f\u0131 ve bilimsel eme\u011fin sabr\u0131yla bak\u0131yor. <\/p>\n","protected":false},"excerpt":{"rendered":"<p>19. y\u00fczy\u0131l geride kal\u0131r, d\u00fcnya devrimlerle \u00e7alkalan\u0131r, imparatorluklar y\u0131k\u0131l\u0131r ve cumhuriyetler kurulurken T\u00fcrkiye de bu tarihsel sal\u0131n\u0131m i\u00e7inde kendi yolunu ar\u0131yordu. Marx\u2019\u0131n tabiriyle \u2018kat\u0131 olan her<span class=\"excerpt-hellip\"> [\u2026]<\/span><\/p>\n","protected":false},"featured_media":0,"template":"","meta":{"_monsterinsights_skip_tracking":false,"_monsterinsights_sitenote_active":false,"_monsterinsights_sitenote_note":"","_monsterinsights_sitenote_category":0},"product_brand":[],"product_cat":[12337],"product_tag":[],"class_list":{"0":"post-760227","1":"product","2":"type-product","3":"status-publish","5":"product_cat-politika-siyaset","6":"pa_cilt-ciltsiz","7":"pa_tur-kitap","8":"pa_yayinevi-yordam-kitap","9":"pa_yazar-gokhan-atilgan","11":"first","12":"instock","13":"sale","14":"shipping-taxable","15":"purchasable","16":"product-type-simple"},"_links":{"self":[{"href":"https:\/\/roveyayinevi.com.tr\/index.php\/wp-json\/wp\/v2\/product\/760227","targetHints":{"allow":["GET"]}}],"collection":[{"href":"https:\/\/roveyayinevi.com.tr\/index.php\/wp-json\/wp\/v2\/product"}],"about":[{"href":"https:\/\/roveyayinevi.com.tr\/index.php\/wp-json\/wp\/v2\/types\/product"}],"wp:attachment":[{"href":"https:\/\/roveyayinevi.com.tr\/index.php\/wp-json\/wp\/v2\/media?parent=760227"}],"wp:term":[{"taxonomy":"product_brand","embeddable":true,"href":"https:\/\/roveyayinevi.com.tr\/index.php\/wp-json\/wp\/v2\/product_brand?post=760227"},{"taxonomy":"product_cat","embeddable":true,"href":"https:\/\/roveyayinevi.com.tr\/index.php\/wp-json\/wp\/v2\/product_cat?post=760227"},{"taxonomy":"product_tag","embeddable":true,"href":"https:\/\/roveyayinevi.com.tr\/index.php\/wp-json\/wp\/v2\/product_tag?post=760227"}],"curies":[{"name":"wp","href":"https:\/\/api.w.org\/{rel}","templated":true}]}}