{"id":760223,"date":"2025-08-28T08:58:58","date_gmt":"2025-08-28T05:58:58","guid":{"rendered":"https:\/\/roveyayinevi.com.tr\/index.php\/urun\/cehaletten-kurtulma-sanati-kim-kimdir\/"},"modified":"2026-04-16T03:13:05","modified_gmt":"2026-04-16T00:13:05","slug":"cehaletten-kurtulma-sanati-kim-kimdir","status":"publish","type":"product","link":"https:\/\/roveyayinevi.com.tr\/index.php\/urun\/cehaletten-kurtulma-sanati-kim-kimdir\/","title":{"rendered":"Cehaletten Kurtulma Sanat\u0131 &#8211; Kim Kimdir?"},"content":{"rendered":"<p>Tarihte kanunlar veya kurallar de\u011fil, ki\u015filer ve onlar\u0131n \u015fahs\u00ee deh\u00e2lar\u0131 \u00f6nemlidir. Tarihin do\u011fal kanunlar\u0131 oldu\u011funu zannedenler hep h\u00fcsrana u\u011fram\u0131\u015flard\u0131r. Onun i\u00e7in bu kitapta okuyucular\u0131ma, birka\u00e7 b\u00fcy\u00fck insan\u0131n \u00e7arp\u0131c\u0131 buldu\u011fum y\u00f6nlerini anlatmak istedim. Bu ve benzeri insanlar hayatta bana k\u0131lavuz oldu. Jeolojiyle u\u011fra\u015fmad\u0131\u011f\u0131mda, zaman\u0131m\u0131 genellikle bu t\u00fcr b\u00fcy\u00fck adamlar\u0131n biyografilerini okumaya ay\u0131rm\u0131\u015f\u0131md\u0131r. Fakat bu biyografilerde ki\u015filerin sosyal \u00e7evresinden ziyade fikirleriyle ve onlar\u0131 nas\u0131l geli\u015ftirdikleriyle ilgilendim. Okuyucular\u0131mdan da burada hayat\u0131ndan kesitler okuyacaklar\u0131 ki\u015filerin fikirlerine odaklanmalar\u0131n\u0131 rica edece\u011fim. Hangi k\u0131v\u0131lc\u0131m bu fikirlerin olu\u015fmas\u0131na sebep olmu\u015ftur, hangi y\u00f6ntem veya y\u00f6ntemler bu fikirlerin geli\u015fmesini sa\u011flam\u0131\u015ft\u0131r, bu fikirler aras\u0131nda ba\u015far\u0131s\u0131z olanlar olmu\u015f mudur, olmu\u015fsa ni\u00e7in olmu\u015ftur? Bunlara dikkat edilmesini bilhassa istirham edece\u011fim.Nas\u0131l okunursa okunsun, insanl\u0131k tarihi esas\u0131nda s\u00fcrekli bir geli\u015fim ve evrim tarihidir. Art\u0131k ma\u011faralarda ya\u015fam\u0131yoruz. Yeni teknoloji d\u00fcnyam\u0131z\u0131 ve dolay\u0131s\u0131yla bizleri, onun \u00fczerinde ya\u015fayan di\u011fer hayvan ve bitkileri tehlikeye atmaktad\u0131r. Ancak \u015funa dikkat \u00e7ekmek isterim, bu tehlikeyi fark eden de buna kar\u015f\u0131 tedbirler \u00fcreten de d\u00fc\u015f\u00fcnen ve bilgili insanlard\u0131r.B\u00fcy\u00fck Atat\u00fcrk, milletinin mak\u00fbs talihini ancak bilim ve h\u00fcr sanat sayesinde yenebilece\u011fini g\u00f6rm\u00fc\u015f ve bunu milletine empoze etmeye \u00e7al\u0131\u015fm\u0131\u015ft\u0131r. Bug\u00fcn onun yolundan ayr\u0131lmaya \u00e7al\u0131\u015fan baz\u0131 bedbahtlar cehaletin \u00fcr\u00fcnleridir. Bu sebepledir ki bu k\u00fc\u00e7\u00fck kitab\u0131, \u00e7e\u015fitli alanlarda cehaletle sava\u015fmay\u0131 kendilerine hayat d\u00fcsturu edinmi\u015f insanlar\u0131n hik\u00e2yesini anlatmak ve bu hik\u00e2yeye ortak olmak maksad\u0131yla siz okuyucular\u0131ma sunuyorum. Celal \u015eeng\u00f6r<\/p>\n","protected":false},"excerpt":{"rendered":"<p>Tarihte kanunlar veya kurallar de\u011fil, ki\u015filer ve onlar\u0131n \u015fahs\u00ee deh\u00e2lar\u0131 \u00f6nemlidir. Tarihin do\u011fal kanunlar\u0131 oldu\u011funu zannedenler hep h\u00fcsrana u\u011fram\u0131\u015flard\u0131r. Onun i\u00e7in bu kitapta okuyucular\u0131ma, birka\u00e7 b\u00fcy\u00fck<span class=\"excerpt-hellip\"> [\u2026]<\/span><\/p>\n","protected":false},"featured_media":0,"template":"","meta":{"_monsterinsights_skip_tracking":false,"_monsterinsights_sitenote_active":false,"_monsterinsights_sitenote_note":"","_monsterinsights_sitenote_category":0},"product_brand":[],"product_cat":[12370,12304],"product_tag":[],"class_list":{"0":"post-760223","1":"product","2":"type-product","3":"status-publish","5":"product_cat-arastirma-inceleme","6":"product_cat-tarih","7":"pa_cilt-ciltsiz","8":"pa_tur-kitap","9":"pa_yayinevi-masa-kitap","10":"pa_yazar-ali-mehmet-celal-sengor","12":"first","13":"instock","14":"sale","15":"shipping-taxable","16":"purchasable","17":"product-type-simple"},"_links":{"self":[{"href":"https:\/\/roveyayinevi.com.tr\/index.php\/wp-json\/wp\/v2\/product\/760223","targetHints":{"allow":["GET"]}}],"collection":[{"href":"https:\/\/roveyayinevi.com.tr\/index.php\/wp-json\/wp\/v2\/product"}],"about":[{"href":"https:\/\/roveyayinevi.com.tr\/index.php\/wp-json\/wp\/v2\/types\/product"}],"wp:attachment":[{"href":"https:\/\/roveyayinevi.com.tr\/index.php\/wp-json\/wp\/v2\/media?parent=760223"}],"wp:term":[{"taxonomy":"product_brand","embeddable":true,"href":"https:\/\/roveyayinevi.com.tr\/index.php\/wp-json\/wp\/v2\/product_brand?post=760223"},{"taxonomy":"product_cat","embeddable":true,"href":"https:\/\/roveyayinevi.com.tr\/index.php\/wp-json\/wp\/v2\/product_cat?post=760223"},{"taxonomy":"product_tag","embeddable":true,"href":"https:\/\/roveyayinevi.com.tr\/index.php\/wp-json\/wp\/v2\/product_tag?post=760223"}],"curies":[{"name":"wp","href":"https:\/\/api.w.org\/{rel}","templated":true}]}}