{"id":760221,"date":"2025-08-28T08:58:54","date_gmt":"2025-08-28T05:58:54","guid":{"rendered":"https:\/\/roveyayinevi.com.tr\/index.php\/urun\/adanin-kumlu-kitabi\/"},"modified":"2026-04-16T03:13:05","modified_gmt":"2026-04-16T00:13:05","slug":"adanin-kumlu-kitabi","status":"publish","type":"product","link":"https:\/\/roveyayinevi.com.tr\/index.php\/urun\/adanin-kumlu-kitabi\/","title":{"rendered":"Ada&#8217;n\u0131n Kumlu Kitab\u0131"},"content":{"rendered":"<p>D\u00fcnya ile ka\u00e7 farkl\u0131 \u015fekilde konu\u015fabiliriz?Ada, okudu\u011fu kitaplar ve u\u00e7suz bucaks\u0131z hayal g\u00fcc\u00fc sayesinde d\u00fcnyay\u0131 her g\u00fcn farkl\u0131 bir y\u00f6n\u00fcyle tan\u0131yor. Farkl\u0131 bir dil konu\u015fuyor ve t\u00fcrl\u00fc maceralar ya\u015f\u0131yor. Bu maceras\u0131nda, hik\u00e2yenin ak\u0131\u015f\u0131n\u0131 de\u011fi\u015ftiren kumlar ve k\u00fc\u00e7\u00fck bir sincap ona e\u015flik ediyor.\u201cAda\u2019n\u0131n Kumlu Kitab\u0131\u201d, ola\u011fan\u00fcst\u00fc bir olay ve T\u00fcrk i\u015faret dili parmak alfabesi ile \u00e7ocuklara, birbirimizle ileti\u015fim kurman\u0131n ve anla\u015fman\u0131n \u00e7e\u015fitli yollar\u0131 oldu\u011funu g\u00f6steren reng\u00e2renk bir kitap.<\/p>\n","protected":false},"excerpt":{"rendered":"<p>D\u00fcnya ile ka\u00e7 farkl\u0131 \u015fekilde konu\u015fabiliriz?Ada, okudu\u011fu kitaplar ve u\u00e7suz bucaks\u0131z hayal g\u00fcc\u00fc sayesinde d\u00fcnyay\u0131 her g\u00fcn farkl\u0131 bir y\u00f6n\u00fcyle tan\u0131yor. Farkl\u0131 bir dil konu\u015fuyor ve<span class=\"excerpt-hellip\"> [\u2026]<\/span><\/p>\n","protected":false},"featured_media":0,"template":"","meta":{"_monsterinsights_skip_tracking":false,"_monsterinsights_sitenote_active":false,"_monsterinsights_sitenote_note":"","_monsterinsights_sitenote_category":0},"product_brand":[],"product_cat":[12274,12284],"product_tag":[],"class_list":{"0":"post-760221","1":"product","2":"type-product","3":"status-publish","5":"product_cat-cocuk-ve-genclik-kitaplari","6":"product_cat-hikayeler","7":"pa_cilt-ciltsiz","8":"pa_tur-kitap","9":"pa_yayinevi-vakifbank-kultur-yayinlari","10":"pa_yazar-ezgi-berk","12":"first","13":"instock","14":"sale","15":"shipping-taxable","16":"purchasable","17":"product-type-simple"},"_links":{"self":[{"href":"https:\/\/roveyayinevi.com.tr\/index.php\/wp-json\/wp\/v2\/product\/760221","targetHints":{"allow":["GET"]}}],"collection":[{"href":"https:\/\/roveyayinevi.com.tr\/index.php\/wp-json\/wp\/v2\/product"}],"about":[{"href":"https:\/\/roveyayinevi.com.tr\/index.php\/wp-json\/wp\/v2\/types\/product"}],"wp:attachment":[{"href":"https:\/\/roveyayinevi.com.tr\/index.php\/wp-json\/wp\/v2\/media?parent=760221"}],"wp:term":[{"taxonomy":"product_brand","embeddable":true,"href":"https:\/\/roveyayinevi.com.tr\/index.php\/wp-json\/wp\/v2\/product_brand?post=760221"},{"taxonomy":"product_cat","embeddable":true,"href":"https:\/\/roveyayinevi.com.tr\/index.php\/wp-json\/wp\/v2\/product_cat?post=760221"},{"taxonomy":"product_tag","embeddable":true,"href":"https:\/\/roveyayinevi.com.tr\/index.php\/wp-json\/wp\/v2\/product_tag?post=760221"}],"curies":[{"name":"wp","href":"https:\/\/api.w.org\/{rel}","templated":true}]}}