{"id":760220,"date":"2025-08-28T08:58:53","date_gmt":"2025-08-28T05:58:53","guid":{"rendered":"https:\/\/roveyayinevi.com.tr\/index.php\/urun\/benim-adim-selma\/"},"modified":"2026-04-16T03:13:05","modified_gmt":"2026-04-16T00:13:05","slug":"benim-adim-selma","status":"publish","type":"product","link":"https:\/\/roveyayinevi.com.tr\/index.php\/urun\/benim-adim-selma\/","title":{"rendered":"Benim Ad\u0131m Selma"},"content":{"rendered":"<p>&#8220;Benim ad\u0131m SelmaP\u0131l\u0131m\u0131 p\u0131rt\u0131m\u0131 toplay\u0131p \u00e7\u0131kt\u0131m yolaEvim yok sanmay\u0131n benimEvim, \u00fczerine bindi\u011fim \u015fu bisikletim&#8221;Selma, evinden ayr\u0131l\u0131p yola \u00e7\u0131kmak zorunda kalan bir g\u00f6\u00e7ebe. Yola \u00e7\u0131kmak, yolda olmak ve belki de b\u00fct\u00fcn bunlar\u0131n yaln\u0131zca hayalini kurmak \u00fczerine, kalplere dokunan bir hik\u00e2ye. <\/p>\n","protected":false},"excerpt":{"rendered":"<p>&#8220;Benim ad\u0131m SelmaP\u0131l\u0131m\u0131 p\u0131rt\u0131m\u0131 toplay\u0131p \u00e7\u0131kt\u0131m yolaEvim yok sanmay\u0131n benimEvim, \u00fczerine bindi\u011fim \u015fu bisikletim&#8221;Selma, evinden ayr\u0131l\u0131p yola \u00e7\u0131kmak zorunda kalan bir g\u00f6\u00e7ebe. Yola \u00e7\u0131kmak, yolda olmak<span class=\"excerpt-hellip\"> [\u2026]<\/span><\/p>\n","protected":false},"featured_media":0,"template":"","meta":{"_monsterinsights_skip_tracking":false,"_monsterinsights_sitenote_active":false,"_monsterinsights_sitenote_note":"","_monsterinsights_sitenote_category":0},"product_brand":[],"product_cat":[12274],"product_tag":[],"class_list":{"0":"post-760220","1":"product","2":"type-product","3":"status-publish","5":"product_cat-cocuk-ve-genclik-kitaplari","6":"pa_cilt-ciltsiz","7":"pa_tur-kitap","8":"pa_yayinevi-vakifbank-kultur-yayinlari","9":"pa_yazar-gonca-mine-celik","11":"first","12":"instock","13":"sale","14":"shipping-taxable","15":"purchasable","16":"product-type-simple"},"_links":{"self":[{"href":"https:\/\/roveyayinevi.com.tr\/index.php\/wp-json\/wp\/v2\/product\/760220","targetHints":{"allow":["GET"]}}],"collection":[{"href":"https:\/\/roveyayinevi.com.tr\/index.php\/wp-json\/wp\/v2\/product"}],"about":[{"href":"https:\/\/roveyayinevi.com.tr\/index.php\/wp-json\/wp\/v2\/types\/product"}],"wp:attachment":[{"href":"https:\/\/roveyayinevi.com.tr\/index.php\/wp-json\/wp\/v2\/media?parent=760220"}],"wp:term":[{"taxonomy":"product_brand","embeddable":true,"href":"https:\/\/roveyayinevi.com.tr\/index.php\/wp-json\/wp\/v2\/product_brand?post=760220"},{"taxonomy":"product_cat","embeddable":true,"href":"https:\/\/roveyayinevi.com.tr\/index.php\/wp-json\/wp\/v2\/product_cat?post=760220"},{"taxonomy":"product_tag","embeddable":true,"href":"https:\/\/roveyayinevi.com.tr\/index.php\/wp-json\/wp\/v2\/product_tag?post=760220"}],"curies":[{"name":"wp","href":"https:\/\/api.w.org\/{rel}","templated":true}]}}