{"id":760217,"date":"2025-08-28T08:58:46","date_gmt":"2025-08-28T05:58:46","guid":{"rendered":"https:\/\/roveyayinevi.com.tr\/index.php\/urun\/kayip-hikayenin-pesinde\/"},"modified":"2026-04-16T03:13:05","modified_gmt":"2026-04-16T00:13:05","slug":"kayip-hikayenin-pesinde","status":"publish","type":"product","link":"https:\/\/roveyayinevi.com.tr\/index.php\/urun\/kayip-hikayenin-pesinde\/","title":{"rendered":"Kay\u0131p Hikayenin Pe\u015finde"},"content":{"rendered":"<p>Ahmed Rifat\u2019\u0131n gizemli roman\u0131 Kay\u0131p Hik\u00e2yenin Pe\u015finde: Tesad\u00fcf-i Acibe ve Hik\u00e2ye-i Garibe zaman\u0131n ve co\u011frafyan\u0131n s\u0131n\u0131rlar\u0131n\u0131 a\u015farak g\u00f6m\u00fcl\u00fc anlat\u0131lar\u0131 ve kesi\u015fen kaderleri etkileyici bir dokuyla i\u015fler. Anonim bir yazarl\u0131k hik\u00e2yesini de bar\u0131nd\u0131ran bu eser, eski bir Arap\u00e7a el yazmas\u0131n\u0131 g\u00fcn \u0131\u015f\u0131\u011f\u0131na \u00e7\u0131kararak okurlar\u0131, Halep\u2019ten Hindistan\u2019a uzanan 17. y\u00fczy\u0131l manzaralar\u0131nda benzersiz bir yolculu\u011fa \u00e7\u0131kar\u0131yor. Eski bir bodrumda ke\u015ffedilen gizemli kitap, Bedreddin, G\u00fclnaz ve \u015eemseddin\u2019in maceralar\u0131n\u0131 konu edinir. Romanda a\u015fk, ticaret ve insan arzular\u0131n\u0131n i\u00e7 i\u00e7e ge\u00e7ti\u011fi hareketli \u015fehirler ve ticaret rotalar\u0131 da ya\u015fam\u0131n karma\u015f\u0131kl\u0131\u011f\u0131n\u0131 canl\u0131 bir \u015fekilde yans\u0131t\u0131r. Kalabal\u0131k pazarlardan k\u00f6le ticaretine ve insan duygular\u0131n\u0131n labirentine uzanan Tesad\u00fcf-i Acibe ve Hik\u00e2ye-i Garibe, ger\u00e7eklikle kurmacan\u0131n s\u0131n\u0131rlar\u0131n\u0131 bulan\u0131kla\u015ft\u0131rarak insan\u0131n aray\u0131\u015f yolculu\u011funu hik\u00e2ye eder. Ahmed Rifat\u2019\u0131n bu eseri, okurlar\u0131 g\u00f6m\u00fcl\u00fc ger\u00e7eklerin g\u00fcn y\u00fcz\u00fcne \u00e7\u0131kt\u0131\u011f\u0131 ve varolu\u015fun \u00f6z\u00fcn\u00fc ustal\u0131kla takip edebilecekleri s\u00fcr\u00fckleyici bir yolculu\u011fa davet ediyor. <\/p>\n","protected":false},"excerpt":{"rendered":"<p>Ahmed Rifat\u2019\u0131n gizemli roman\u0131 Kay\u0131p Hik\u00e2yenin Pe\u015finde: Tesad\u00fcf-i Acibe ve Hik\u00e2ye-i Garibe zaman\u0131n ve co\u011frafyan\u0131n s\u0131n\u0131rlar\u0131n\u0131 a\u015farak g\u00f6m\u00fcl\u00fc anlat\u0131lar\u0131 ve kesi\u015fen kaderleri etkileyici bir dokuyla i\u015fler.<span class=\"excerpt-hellip\"> [\u2026]<\/span><\/p>\n","protected":false},"featured_media":0,"template":"","meta":{"_monsterinsights_skip_tracking":false,"_monsterinsights_sitenote_active":false,"_monsterinsights_sitenote_note":"","_monsterinsights_sitenote_category":0},"product_brand":[],"product_cat":[12291,12711],"product_tag":[],"class_list":{"0":"post-760217","1":"product","2":"type-product","3":"status-publish","5":"product_cat-edebiyat","6":"product_cat-roman-oyku","7":"pa_cilt-ciltsiz","8":"pa_tur-kitap","9":"pa_yayinevi-vakifbank-kultur-yayinlari","10":"pa_yazar-ahmed-rifat","12":"first","13":"instock","14":"sale","15":"shipping-taxable","16":"purchasable","17":"product-type-simple"},"_links":{"self":[{"href":"https:\/\/roveyayinevi.com.tr\/index.php\/wp-json\/wp\/v2\/product\/760217","targetHints":{"allow":["GET"]}}],"collection":[{"href":"https:\/\/roveyayinevi.com.tr\/index.php\/wp-json\/wp\/v2\/product"}],"about":[{"href":"https:\/\/roveyayinevi.com.tr\/index.php\/wp-json\/wp\/v2\/types\/product"}],"wp:attachment":[{"href":"https:\/\/roveyayinevi.com.tr\/index.php\/wp-json\/wp\/v2\/media?parent=760217"}],"wp:term":[{"taxonomy":"product_brand","embeddable":true,"href":"https:\/\/roveyayinevi.com.tr\/index.php\/wp-json\/wp\/v2\/product_brand?post=760217"},{"taxonomy":"product_cat","embeddable":true,"href":"https:\/\/roveyayinevi.com.tr\/index.php\/wp-json\/wp\/v2\/product_cat?post=760217"},{"taxonomy":"product_tag","embeddable":true,"href":"https:\/\/roveyayinevi.com.tr\/index.php\/wp-json\/wp\/v2\/product_tag?post=760217"}],"curies":[{"name":"wp","href":"https:\/\/api.w.org\/{rel}","templated":true}]}}