{"id":760216,"date":"2025-08-28T08:58:45","date_gmt":"2025-08-28T05:58:45","guid":{"rendered":"https:\/\/roveyayinevi.com.tr\/index.php\/urun\/nerden-dustuk-bu-aska\/"},"modified":"2026-04-16T03:13:05","modified_gmt":"2026-04-16T00:13:05","slug":"nerden-dustuk-bu-aska","status":"publish","type":"product","link":"https:\/\/roveyayinevi.com.tr\/index.php\/urun\/nerden-dustuk-bu-aska\/","title":{"rendered":"Nerden D\u00fc\u015ft\u00fck Bu A\u015fka!"},"content":{"rendered":"<p>\u201cSevildi\u011finden emin olunca, insanne kadar da c\u00fcretk\u00e2r oluyor.\u201d-Sigmund Freud   Nerden D\u00fc\u015ft\u00fck Bu A\u015fka! kitab\u0131nda ili\u015fkilerin olumsuztaraflar\u0131na bakmaya, kendimizin ve kar\u015f\u0131m\u0131zdaki insan\u0131nnegatif y\u00f6nlerini anlamaya \u00e7al\u0131\u015faca\u011f\u0131z. Konu kom\u015fu, akraba i\u015fe kar\u0131\u015f\u0131yor derken t\u00f6kezleyen ili\u015fkileri,asl\u0131nda hi\u00e7 istemedi\u011fi halde kendini bir anda k\u0131yaslanan gelinya da damat olarak bulan o k\u0131rg\u0131n ki\u015fileri, \u00f6zg\u00fcvensizliksarmal\u0131na yakalanm\u0131\u015fken davran\u0131\u015flar\u0131n\u0131 k\u0131skan\u00e7l\u0131kla \u00f6rtenlerive belki de o ki\u015fi tam da benim diyece\u011finiz bir vaka \u00f6rne\u011finibulaca\u011f\u0131n\u0131z bir kaynak eser okuyacaks\u0131n\u0131z.Onsuz yapamam diyenler; kar\u015f\u0131l\u0131ks\u0131z sevenler ya da fark\u0131ndabile olmadan toksik bir ili\u015fkinin i\u00e7ine d\u00fc\u015fenler i\u00e7infark\u0131ndal\u0131k, borderline ya da narsisist bir insanla kar\u015f\u0131 kar\u015f\u0131yaoldu\u011funu bilmeyenler i\u00e7in bir uyan\u0131\u015f, \u00f6l\u00fcm ya da terkedilmeyle sonu\u00e7lanan bir ili\u015fkinin yas\u0131 i\u00e7in derin bir kabulleni\u015fsizleri bekliyor. Nerden D\u00fc\u015ft\u00fck Bu A\u015fka! konusunun uzmanlar\u0131 taraf\u0131ndankaleme al\u0131nd\u0131. \u0130li\u015fkilerin karanl\u0131k y\u00fcz\u00fcne bakarken ayd\u0131nl\u0131\u011fay\u00f6n\u00fcn\u00fcz\u00fc \u00e7evirmeniz umuluyor.<\/p>\n","protected":false},"excerpt":{"rendered":"<p>\u201cSevildi\u011finden emin olunca, insanne kadar da c\u00fcretk\u00e2r oluyor.\u201d-Sigmund Freud Nerden D\u00fc\u015ft\u00fck Bu A\u015fka! kitab\u0131nda ili\u015fkilerin olumsuztaraflar\u0131na bakmaya, kendimizin ve kar\u015f\u0131m\u0131zdaki insan\u0131nnegatif y\u00f6nlerini anlamaya \u00e7al\u0131\u015faca\u011f\u0131z. Konu kom\u015fu,<span class=\"excerpt-hellip\"> [\u2026]<\/span><\/p>\n","protected":false},"featured_media":0,"template":"","meta":{"_monsterinsights_skip_tracking":false,"_monsterinsights_sitenote_active":false,"_monsterinsights_sitenote_note":"","_monsterinsights_sitenote_category":0},"product_brand":[],"product_cat":[12357],"product_tag":[],"class_list":{"0":"post-760216","1":"product","2":"type-product","3":"status-publish","5":"product_cat-psikoloji","6":"pa_cilt-ciltsiz","7":"pa_tur-kitap","8":"pa_yayinevi-nemesis-kitap","9":"pa_yazar-gokben-hizli-sayar","11":"first","12":"instock","13":"sale","14":"shipping-taxable","15":"purchasable","16":"product-type-simple"},"_links":{"self":[{"href":"https:\/\/roveyayinevi.com.tr\/index.php\/wp-json\/wp\/v2\/product\/760216","targetHints":{"allow":["GET"]}}],"collection":[{"href":"https:\/\/roveyayinevi.com.tr\/index.php\/wp-json\/wp\/v2\/product"}],"about":[{"href":"https:\/\/roveyayinevi.com.tr\/index.php\/wp-json\/wp\/v2\/types\/product"}],"wp:attachment":[{"href":"https:\/\/roveyayinevi.com.tr\/index.php\/wp-json\/wp\/v2\/media?parent=760216"}],"wp:term":[{"taxonomy":"product_brand","embeddable":true,"href":"https:\/\/roveyayinevi.com.tr\/index.php\/wp-json\/wp\/v2\/product_brand?post=760216"},{"taxonomy":"product_cat","embeddable":true,"href":"https:\/\/roveyayinevi.com.tr\/index.php\/wp-json\/wp\/v2\/product_cat?post=760216"},{"taxonomy":"product_tag","embeddable":true,"href":"https:\/\/roveyayinevi.com.tr\/index.php\/wp-json\/wp\/v2\/product_tag?post=760216"}],"curies":[{"name":"wp","href":"https:\/\/api.w.org\/{rel}","templated":true}]}}