{"id":760215,"date":"2025-08-28T08:58:44","date_gmt":"2025-08-28T05:58:44","guid":{"rendered":"https:\/\/roveyayinevi.com.tr\/index.php\/urun\/adaletsizligin-vecheleri\/"},"modified":"2026-04-16T03:13:05","modified_gmt":"2026-04-16T00:13:05","slug":"adaletsizligin-vecheleri","status":"publish","type":"product","link":"https:\/\/roveyayinevi.com.tr\/index.php\/urun\/adaletsizligin-vecheleri\/","title":{"rendered":"Adaletsizli\u011fin Ve\u00e7heleri"},"content":{"rendered":"<p>\u201cBa\u015fkalar\u0131n\u0131n ba\u015f\u0131na gelenleri adaletsizlikten ziyade bir talihsizlik olarak g\u00f6rmek her zaman daha kolay olacakt\u0131r. Bir tek ma\u011fdurlar bu tutumu bazen benimsemezler. Ancak hepimizin potansiyel ma\u011fdurlar oldu\u011funu hat\u0131rlarsak o zaman meselenin ciddiyetini kavrar ve sadece adalet konusunu de\u011fil, al\u0131\u015f\u0131lageldik bir giri\u015fim olmasa bile, adaletsizlik konusunu derinlemesine incelemeye karar verebiliriz.\u201dAdaletsizli\u011fin Ve\u00e7heleri, felsefe ve politik teori alan\u0131nda 20. y\u00fczy\u0131l\u0131n ikinci yar\u0131s\u0131nda \u00f6nemli bir yere sahip olan Judith Shklar\u2019\u0131n en \u00f6nemli eserleri aras\u0131nda say\u0131lmaktad\u0131r. Metin, tarihte adalet hakk\u0131nda ortaya konan g\u00f6r\u00fc\u015flere kar\u015f\u0131 edebiyattan politik teoriye, felsefeden g\u00f6rsel sanatlara kadar bir\u00e7ok alan\u0131 kullanarak bir resim ortaya koyuyor. Adaletsizli\u011fin do\u011fas\u0131 hakk\u0131nda ger\u00e7ek bir anlat\u0131 \u00fcretebilmenin yeni bir adalet teorisi in\u015fas\u0131na giri\u015ferek de\u011fil, bizzat adaletsizli\u011fin ve\u00e7heleri ile ilgilenmekle m\u00fcmk\u00fcn olabilece\u011fini iddia ediyor. Yazar, dolays\u0131z, derin ve ayr\u0131nt\u0131l\u0131 bir perspektifle adaletsizlik tecr\u00fcbelerinin ger\u00e7ekte neyi i\u00e7erdi\u011fini g\u00f6stererek bizi t\u00fcm d\u00fc\u015f\u00fcnce tarihini i\u015fgal eden adalet sorunu \u00fczerine \u00f6zg\u00fcn bir bi\u00e7imde d\u00fc\u015f\u00fcnmeye sevk ediyor.<\/p>\n","protected":false},"excerpt":{"rendered":"<p>\u201cBa\u015fkalar\u0131n\u0131n ba\u015f\u0131na gelenleri adaletsizlikten ziyade bir talihsizlik olarak g\u00f6rmek her zaman daha kolay olacakt\u0131r. Bir tek ma\u011fdurlar bu tutumu bazen benimsemezler. Ancak hepimizin potansiyel ma\u011fdurlar oldu\u011funu<span class=\"excerpt-hellip\"> [\u2026]<\/span><\/p>\n","protected":false},"featured_media":0,"template":"","meta":{"_monsterinsights_skip_tracking":false,"_monsterinsights_sitenote_active":false,"_monsterinsights_sitenote_note":"","_monsterinsights_sitenote_category":0},"product_brand":[],"product_cat":[12388],"product_tag":[],"class_list":{"0":"post-760215","1":"product","2":"type-product","3":"status-publish","5":"product_cat-felsefe","6":"pa_cilt-ciltsiz","7":"pa_tur-kitap","8":"pa_yayinevi-vakifbank-kultur-yayinlari","9":"pa_yazar-judith-n-shklar","11":"first","12":"instock","13":"sale","14":"shipping-taxable","15":"purchasable","16":"product-type-simple"},"_links":{"self":[{"href":"https:\/\/roveyayinevi.com.tr\/index.php\/wp-json\/wp\/v2\/product\/760215","targetHints":{"allow":["GET"]}}],"collection":[{"href":"https:\/\/roveyayinevi.com.tr\/index.php\/wp-json\/wp\/v2\/product"}],"about":[{"href":"https:\/\/roveyayinevi.com.tr\/index.php\/wp-json\/wp\/v2\/types\/product"}],"wp:attachment":[{"href":"https:\/\/roveyayinevi.com.tr\/index.php\/wp-json\/wp\/v2\/media?parent=760215"}],"wp:term":[{"taxonomy":"product_brand","embeddable":true,"href":"https:\/\/roveyayinevi.com.tr\/index.php\/wp-json\/wp\/v2\/product_brand?post=760215"},{"taxonomy":"product_cat","embeddable":true,"href":"https:\/\/roveyayinevi.com.tr\/index.php\/wp-json\/wp\/v2\/product_cat?post=760215"},{"taxonomy":"product_tag","embeddable":true,"href":"https:\/\/roveyayinevi.com.tr\/index.php\/wp-json\/wp\/v2\/product_tag?post=760215"}],"curies":[{"name":"wp","href":"https:\/\/api.w.org\/{rel}","templated":true}]}}