{"id":760214,"date":"2025-08-28T08:58:42","date_gmt":"2025-08-28T05:58:42","guid":{"rendered":"https:\/\/roveyayinevi.com.tr\/index.php\/urun\/erzurum-yolculugu-2\/"},"modified":"2026-04-16T03:13:05","modified_gmt":"2026-04-16T00:13:05","slug":"erzurum-yolculugu-2","status":"publish","type":"product","link":"https:\/\/roveyayinevi.com.tr\/index.php\/urun\/erzurum-yolculugu-2\/","title":{"rendered":"Erzurum Yolculu\u011fu"},"content":{"rendered":"<p>\u201c\u0130lham pe\u015finde ko\u015fmak deyimi bana hep g\u00fcl\u00fcn\u00e7 ve anlams\u0131z bir tuhafl\u0131k bar\u0131nd\u0131r\u0131yor gibi gelmi\u015ftir. \u00c7\u00fcnk\u00fc ilham aranmaz, o kendisi \u00e7\u0131kar gelir ve \u015fairi bulur. M\u00fcstakbel ba\u015far\u0131lara ve kahramanlara \u00f6vg\u00fcler d\u00fczmek \u00fczere kalk\u0131p sava\u015fa kat\u0131lmak benim i\u00e7in bir yandan fazlas\u0131yla bencilce, di\u011fer yandan yine fazlas\u0131yla uygunsuz bir davran\u0131\u015f olurdu. Ben asker\u00ee kararlara ve de\u011ferlendirmelere kar\u0131\u015fmam. Bu benim i\u015fim de\u011fil.\u201dErzurum Yolculu\u011fu Aleksandr Pu\u015fkin\u2019in 1828-1829 Osmanl\u0131-Rus Sava\u015f\u0131 s\u0131ras\u0131nda Kafkasya \u00fczerinden Osmanl\u0131 \u0130mparatorlu\u011fu\u2019na yapt\u0131\u011f\u0131 yolculu\u011fu konu al\u0131r. Kafkasya\u2019daki Rus kararg\u00e2h \u015fehrine vard\u0131\u011f\u0131nda, s\u00fcrg\u00fcn d\u00f6neminde tan\u0131\u015ft\u0131\u011f\u0131 asker arkada\u015flar\u0131n\u0131n Erzurum\u2019u istila etmek \u00fczere sefere \u00e7\u0131kt\u0131\u011f\u0131n\u0131 \u00f6\u011frenen \u015fair, izni olmad\u0131\u011f\u0131 h\u00e2lde Osmanl\u0131 s\u0131n\u0131rlar\u0131n\u0131 a\u015far, Erzurum\u2019a kadar gelir. Yolculu\u011fu boyunca birtak\u0131m eskizler \u00e7izer, notlar al\u0131r: kar\u015f\u0131la\u015ft\u0131\u011f\u0131 T\u00fcrk askerleri, Erzurum Komutan\u0131 Salih Pa\u015fa ve e\u015fi, Tatarlar, Tellak Hasan ve Pa\u015fa\u2019n\u0131n kona\u011f\u0131\u2026 G\u00f6zlemlerini yal\u0131n bir dille payla\u015fan Pu\u015fkin, Ruslar\u0131n ba\u015far\u0131s\u0131n\u0131 yeterince \u00f6vmedi\u011fi i\u00e7in ele\u015ftirilecek ve Erzurum\u2019a yapt\u0131\u011f\u0131 bu izinsiz yolculuk, \u00c7ar I. Nikola\u2019n\u0131n Pu\u015fkin\u2019i ev hapsiyle tehdit etmesiyle sonu\u00e7lanacakt\u0131r.1830\u2019da k\u0131smen yay\u0131mlanan Erzurum Yolculu\u011fu, yeniden d\u00fczenlenerek 1836\u2019da Pu\u015fkin\u2019in Sovremennik adl\u0131 dergisinde yay\u0131mlan\u0131r. 1937\u2019de Sovyet d\u00f6nemi Rusyas\u0131\u2019nda filme uyarlanan Erzurum Yolculu\u011fu, bir sava\u015f \u00e7a\u011f\u0131n\u0131n arifesinde, bu co\u011frafyadaki yollar\u0131n, askerlerin ve halk\u0131n, \u015fair ve yolcu Pu\u015fkin\u2019in kaleminden yans\u0131yan g\u00f6r\u00fcnt\u00fcs\u00fcd\u00fcr.<\/p>\n","protected":false},"excerpt":{"rendered":"<p>\u201c\u0130lham pe\u015finde ko\u015fmak deyimi bana hep g\u00fcl\u00fcn\u00e7 ve anlams\u0131z bir tuhafl\u0131k bar\u0131nd\u0131r\u0131yor gibi gelmi\u015ftir. \u00c7\u00fcnk\u00fc ilham aranmaz, o kendisi \u00e7\u0131kar gelir ve \u015fairi bulur. M\u00fcstakbel ba\u015far\u0131lara<span class=\"excerpt-hellip\"> [\u2026]<\/span><\/p>\n","protected":false},"featured_media":0,"template":"","meta":{"_monsterinsights_skip_tracking":false,"_monsterinsights_sitenote_active":false,"_monsterinsights_sitenote_note":"","_monsterinsights_sitenote_category":0},"product_brand":[],"product_cat":[12291,12711],"product_tag":[],"class_list":{"0":"post-760214","1":"product","2":"type-product","3":"status-publish","5":"product_cat-edebiyat","6":"product_cat-roman-oyku","7":"pa_cilt-ciltsiz","8":"pa_tur-kitap","9":"pa_yayinevi-vakifbank-kultur-yayinlari","10":"pa_yazar-aleksandr-sergeyevic-puskin","12":"first","13":"instock","14":"sale","15":"shipping-taxable","16":"purchasable","17":"product-type-simple"},"_links":{"self":[{"href":"https:\/\/roveyayinevi.com.tr\/index.php\/wp-json\/wp\/v2\/product\/760214","targetHints":{"allow":["GET"]}}],"collection":[{"href":"https:\/\/roveyayinevi.com.tr\/index.php\/wp-json\/wp\/v2\/product"}],"about":[{"href":"https:\/\/roveyayinevi.com.tr\/index.php\/wp-json\/wp\/v2\/types\/product"}],"wp:attachment":[{"href":"https:\/\/roveyayinevi.com.tr\/index.php\/wp-json\/wp\/v2\/media?parent=760214"}],"wp:term":[{"taxonomy":"product_brand","embeddable":true,"href":"https:\/\/roveyayinevi.com.tr\/index.php\/wp-json\/wp\/v2\/product_brand?post=760214"},{"taxonomy":"product_cat","embeddable":true,"href":"https:\/\/roveyayinevi.com.tr\/index.php\/wp-json\/wp\/v2\/product_cat?post=760214"},{"taxonomy":"product_tag","embeddable":true,"href":"https:\/\/roveyayinevi.com.tr\/index.php\/wp-json\/wp\/v2\/product_tag?post=760214"}],"curies":[{"name":"wp","href":"https:\/\/api.w.org\/{rel}","templated":true}]}}