{"id":760213,"date":"2025-08-28T08:58:41","date_gmt":"2025-08-28T05:58:41","guid":{"rendered":"https:\/\/roveyayinevi.com.tr\/index.php\/urun\/turk-akrabalik-terminolojilerinin-tipolojisi\/"},"modified":"2026-04-16T03:13:05","modified_gmt":"2026-04-16T00:13:05","slug":"turk-akrabalik-terminolojilerinin-tipolojisi","status":"publish","type":"product","link":"https:\/\/roveyayinevi.com.tr\/index.php\/urun\/turk-akrabalik-terminolojilerinin-tipolojisi\/","title":{"rendered":"T\u00fcrk Akrabal\u0131k Terminolojilerinin Tipolojisi"},"content":{"rendered":"<p>Akrabal\u0131k terminolojilerindeki de\u011fi\u015fimlerin incelenmesi, dilin sosyo-ekonomik ve k\u00fclt\u00fcrel yap\u0131larla olan etkile\u015fimini anlamak i\u00e7in \u00f6nemlidir. Akrabal\u0131k terminolojisi, bir toplumun sosyal yap\u0131s\u0131n\u0131, k\u00fclt\u00fcrel de\u011ferlerini ve tarihsel geli\u015fimini yans\u0131t\u0131r. Modern ara\u015ft\u0131rmalar, bu terminolojilerin yaln\u0131zca sosyal yap\u0131larla de\u011fil, ayn\u0131 zamanda ekonomik, siyasi ve k\u00fclt\u00fcrel fakt\u00f6rlerle de s\u0131k\u0131 bir ili\u015fki i\u00e7inde oldu\u011funu g\u00f6stermi\u015ftir. Co\u011fraf\u00ee olarak Asya\u2019dan Avrupa\u2019ya, kronolojik olarak y\u00fczlerce y\u0131la yay\u0131lm\u0131\u015f T\u00fcrk dillerindeki akrabal\u0131k terimleri, T\u00fcrk\u00e7enin ve T\u00fcrk k\u00fclt\u00fcr\u00fcn\u00fcn birle\u015ftirici k\u00fclt\u00fcrel miras\u0131n\u0131 okumak i\u00e7in kuvvetli bir ara\u00e7t\u0131r. T\u00fcrk akrabal\u0131k terminolojileri, i\u00e7inde bulunduklar\u0131 k\u00fclt\u00fcrel co\u011frafyan\u0131n etkilerini yans\u0131t\u0131r ve sosyo-ekonomik de\u011fi\u015fikliklere ra\u011fmen geleneksel \u00f6zelliklerini b\u00fcy\u00fck \u00f6l\u00e7\u00fcde koruyarak g\u00f6\u00e7ebe ya\u015fam\u0131n izlerini ta\u015f\u0131maya devam etmi\u015ftir. Bu ba\u011flamda, akrabal\u0131k terminolojisinin de\u011fi\u015fimi, sosyo-ekonomik ve sosyo-k\u00fclt\u00fcrel yap\u0131larla ili\u015fkili olsa da bu yap\u0131larla e\u015f zamanl\u0131 de\u011fi\u015fmedi\u011fini ve aralar\u0131nda gecikmeli bir ili\u015fki oldu\u011funu s\u00f6ylemek m\u00fcmk\u00fcnd\u00fcr. T\u00fcrk Akrabal\u0131k Terminolojilerinin Tipolojisi, dil ve k\u00fclt\u00fcr etkile\u015fimi, T\u00fcrk antropolojisi ve dilbilimi i\u00e7in yeni d\u00fc\u015f\u00fcnce ufuklar\u0131 a\u00e7an titiz bir ara\u015ft\u0131rma eseri. <\/p>\n","protected":false},"excerpt":{"rendered":"<p>Akrabal\u0131k terminolojilerindeki de\u011fi\u015fimlerin incelenmesi, dilin sosyo-ekonomik ve k\u00fclt\u00fcrel yap\u0131larla olan etkile\u015fimini anlamak i\u00e7in \u00f6nemlidir. Akrabal\u0131k terminolojisi, bir toplumun sosyal yap\u0131s\u0131n\u0131, k\u00fclt\u00fcrel de\u011ferlerini ve tarihsel geli\u015fimini yans\u0131t\u0131r.<span class=\"excerpt-hellip\"> [\u2026]<\/span><\/p>\n","protected":false},"featured_media":0,"template":"","meta":{"_monsterinsights_skip_tracking":false,"_monsterinsights_sitenote_active":false,"_monsterinsights_sitenote_note":"","_monsterinsights_sitenote_category":0},"product_brand":[],"product_cat":[15499,13488],"product_tag":[],"class_list":{"0":"post-760213","1":"product","2":"type-product","3":"status-publish","5":"product_cat-antropoloji","6":"product_cat-toplum-ve-insan","7":"pa_cilt-ciltsiz","8":"pa_tur-kitap","9":"pa_yayinevi-vakifbank-kultur-yayinlari","10":"pa_yazar-erhan-tasbas","12":"first","13":"instock","14":"sale","15":"shipping-taxable","16":"purchasable","17":"product-type-simple"},"_links":{"self":[{"href":"https:\/\/roveyayinevi.com.tr\/index.php\/wp-json\/wp\/v2\/product\/760213","targetHints":{"allow":["GET"]}}],"collection":[{"href":"https:\/\/roveyayinevi.com.tr\/index.php\/wp-json\/wp\/v2\/product"}],"about":[{"href":"https:\/\/roveyayinevi.com.tr\/index.php\/wp-json\/wp\/v2\/types\/product"}],"wp:attachment":[{"href":"https:\/\/roveyayinevi.com.tr\/index.php\/wp-json\/wp\/v2\/media?parent=760213"}],"wp:term":[{"taxonomy":"product_brand","embeddable":true,"href":"https:\/\/roveyayinevi.com.tr\/index.php\/wp-json\/wp\/v2\/product_brand?post=760213"},{"taxonomy":"product_cat","embeddable":true,"href":"https:\/\/roveyayinevi.com.tr\/index.php\/wp-json\/wp\/v2\/product_cat?post=760213"},{"taxonomy":"product_tag","embeddable":true,"href":"https:\/\/roveyayinevi.com.tr\/index.php\/wp-json\/wp\/v2\/product_tag?post=760213"}],"curies":[{"name":"wp","href":"https:\/\/api.w.org\/{rel}","templated":true}]}}