{"id":760211,"date":"2025-08-28T08:58:38","date_gmt":"2025-08-28T05:58:38","guid":{"rendered":"https:\/\/roveyayinevi.com.tr\/index.php\/urun\/musiki-yazilari\/"},"modified":"2026-04-16T03:13:05","modified_gmt":"2026-04-16T00:13:05","slug":"musiki-yazilari","status":"publish","type":"product","link":"https:\/\/roveyayinevi.com.tr\/index.php\/urun\/musiki-yazilari\/","title":{"rendered":"Musiki Yaz\u0131lar\u0131"},"content":{"rendered":"<p>\u00c2lemde her \u015feyi tevl\u00eed eden ihtiya\u00e7t\u0131r. Zaman\u0131n, mek\u00e2n\u0131n, muhitin, ahvalin ic\u00e2b\u00e2t\u0131 her ne ise vakayinin de ona g\u00f6re tahadd\u00fcs\u00fc bir emr-i tabiidir. \u2013Ali Rifat \u00c7a\u011fatayAli Rifat \u00c7a\u011fatay, T\u00fcrk m\u00fczi\u011finin sanc\u0131l\u0131 d\u00f6n\u00fc\u015f\u00fcm s\u00fcrecinde \u00f6ne \u00e7\u0131kan simalardan biri\u2026 Gelenekle modernin, Do\u011fu ile Bat\u0131\u2019n\u0131n s\u00fcrekli \u00e7arp\u0131\u015ft\u0131r\u0131ld\u0131\u011f\u0131 bir d\u00f6nemde, T\u00fcrk m\u00fczik ya\u015fant\u0131s\u0131na v\u00e2k\u0131f bir yenile\u015fme taraftar\u0131 olarak hem gelene\u011fi muhafaza, hem de m\u00fczik hayat\u0131n\u0131 modernle\u015ftirme gibi iki y\u00f6nl\u00fc bir sorumluluk \u00fcstlenen az say\u0131daki m\u00fczik insanlar\u0131ndan\u2026 T\u00fcrk m\u00fczi\u011fine y\u00f6nelik yeni anlay\u0131\u015f\u0131yla arkas\u0131nda bir ekol b\u0131rakan Ali Rifat \u00c7a\u011fatay\u2019\u0131n yay\u0131nlar\u0131n\u0131 bir araya getiren bu kitapla, \u00e7al\u0131\u015fmalar\u0131 dar bir camiada rivayetler halinde anlat\u0131lagelen bir m\u00fczik insan\u0131n\u0131n g\u00f6r\u00fc\u015fleri kendi kaleminden okuyuculara sunuluyor. Besteci ve \u00fbdi kimli\u011finin yan\u0131 s\u0131ra \u00e7e\u015fitli m\u00fczik kurulu\u015flar\u0131ndaki te\u015fkilat\u00e7\u0131 pozisyonuyla dikkat \u00e7eken Ali Rifat \u00c7a\u011fatay\u2019\u0131n hayat\u0131n\u0131 ve yaz\u0131lar\u0131n\u0131 ele alan kapsaml\u0131 bir inceleme de kitapta yer al\u0131yor. T\u00fcrk m\u00fczi\u011finin her y\u00f6n\u00fcyle u\u011fra\u015fm\u0131\u015f olan Ali Rifat \u00c7a\u011fatay, onlarca y\u0131l sonra kendi kelimeleriyle yeniden, T\u00fcrk m\u00fczik ya\u015fant\u0131s\u0131 ile ilgilenenlerin kar\u015f\u0131s\u0131nda\u2026<\/p>\n","protected":false},"excerpt":{"rendered":"<p>\u00c2lemde her \u015feyi tevl\u00eed eden ihtiya\u00e7t\u0131r. Zaman\u0131n, mek\u00e2n\u0131n, muhitin, ahvalin ic\u00e2b\u00e2t\u0131 her ne ise vakayinin de ona g\u00f6re tahadd\u00fcs\u00fc bir emr-i tabiidir. \u2013Ali Rifat \u00c7a\u011fatayAli Rifat<span class=\"excerpt-hellip\"> [\u2026]<\/span><\/p>\n","protected":false},"featured_media":0,"template":"","meta":{"_monsterinsights_skip_tracking":false,"_monsterinsights_sitenote_active":false,"_monsterinsights_sitenote_note":"","_monsterinsights_sitenote_category":0},"product_brand":[],"product_cat":[12408],"product_tag":[],"class_list":{"0":"post-760211","1":"product","2":"type-product","3":"status-publish","5":"product_cat-sanat","6":"pa_cilt-ciltsiz","7":"pa_tur-kitap","8":"pa_yayinevi-vakifbank-kultur-yayinlari","9":"pa_yazar-ali-rifat-cagatay","11":"first","12":"instock","13":"sale","14":"shipping-taxable","15":"purchasable","16":"product-type-simple"},"_links":{"self":[{"href":"https:\/\/roveyayinevi.com.tr\/index.php\/wp-json\/wp\/v2\/product\/760211","targetHints":{"allow":["GET"]}}],"collection":[{"href":"https:\/\/roveyayinevi.com.tr\/index.php\/wp-json\/wp\/v2\/product"}],"about":[{"href":"https:\/\/roveyayinevi.com.tr\/index.php\/wp-json\/wp\/v2\/types\/product"}],"wp:attachment":[{"href":"https:\/\/roveyayinevi.com.tr\/index.php\/wp-json\/wp\/v2\/media?parent=760211"}],"wp:term":[{"taxonomy":"product_brand","embeddable":true,"href":"https:\/\/roveyayinevi.com.tr\/index.php\/wp-json\/wp\/v2\/product_brand?post=760211"},{"taxonomy":"product_cat","embeddable":true,"href":"https:\/\/roveyayinevi.com.tr\/index.php\/wp-json\/wp\/v2\/product_cat?post=760211"},{"taxonomy":"product_tag","embeddable":true,"href":"https:\/\/roveyayinevi.com.tr\/index.php\/wp-json\/wp\/v2\/product_tag?post=760211"}],"curies":[{"name":"wp","href":"https:\/\/api.w.org\/{rel}","templated":true}]}}