{"id":760210,"date":"2025-08-28T08:58:36","date_gmt":"2025-08-28T05:58:36","guid":{"rendered":"https:\/\/roveyayinevi.com.tr\/index.php\/urun\/metafor\/"},"modified":"2026-04-16T03:13:05","modified_gmt":"2026-04-16T00:13:05","slug":"metafor","status":"publish","type":"product","link":"https:\/\/roveyayinevi.com.tr\/index.php\/urun\/metafor\/","title":{"rendered":"Metafor"},"content":{"rendered":"<p>Metafor dedi\u011fimiz \u015fey nedir? Bu kitapta sunmaya \u00e7al\u0131\u015ft\u0131\u011f\u0131m iddialar ve verdi\u011fim \u00f6rnekler, \u201cmetafor\u201dun tek, evrensel, tarihd\u0131\u015f\u0131 bir tan\u0131m\u0131n\u0131n olmayaca\u011f\u0131 ger\u00e7e\u011fine i\u015faret eder. Metafor, \u00e7e\u015fitli zamanlarda ve \u00e7e\u015fitli k\u00fclt\u00fcrlerde metaforun ne \u015fekilde alg\u0131lanm\u0131\u015f oldu\u011fudur sadece. Bununla beraber, herhalde bu kavram\u0131 bu denli kifayetsiz bir vaziyette de b\u0131rakacak de\u011filiz. \u201cMetafor\u201d ifadesinin, genellikle dilin bir hususiyetini veya belki de do\u011fas\u0131nda olan bir niteli\u011fini simgelemek i\u00e7in kullan\u0131lm\u0131\u015f oldu\u011funu s\u00f6yleyebiliriz. Bu, s\u00fcrekli olarak kendisini a\u015fan veya yay\u0131l\u0131p serpilen bir niteliktir. En basit kelimeler bile (\u201ckafa\u201d, \u201cev\u201d, \u201chayvan\u201d gibi) bir \u00f6l\u00e7\u00fcde ba\u011flama g\u00f6re se\u00e7ilebilecek olan ve kolay kolay reddedilemeyen veya ka\u00e7\u0131n\u0131lamayan alt anlamlara sahiptirler. Metafor, belki de kelimelerin bir ba\u015flar\u0131na b\u0131rak\u0131lamayacaklar\u0131n\u0131 g\u00f6steren ba\u015fl\u0131ca i\u015farettir\u2026  David Punter\u2019\u0131n Metafor kitab\u0131, metafor kavram\u0131n\u0131n edebiyat, dil, k\u00fclt\u00fcr ve d\u00fc\u015f\u00fcnce \u00fczerindeki etkisini derinlemesine inceliyor. Kitap, metaforun tarihsel k\u00f6kenlerini ve farkl\u0131 k\u00fclt\u00fcrlerdeki rol\u00fcn\u00fc ele al\u0131rken; edeb\u00ee teori, felsefe, psikanaliz ve postkolonyal \u00e7al\u0131\u015fmalarla olan ili\u015fkisini inceliyor ve bu incelemelerini hem Bat\u0131 hem de Do\u011fu edebiyat\u0131ndan \u00f6rneklerle zenginle\u015ftiriyor. Eserde, metaforun sadece dilbilimsel bir \u00f6ge olmakla kalmay\u0131p, ayn\u0131 zamanda k\u00fclt\u00fcrel ve siyasi anlat\u0131lar\u0131 \u015fekillendirmedeki rol\u00fcne de dikkat \u00e7ekiliyor. Akademik derinli\u011fi ve kapsaml\u0131 analizi ile Metafor; dil, edebiyat ve k\u00fclt\u00fcrel \u00e7al\u0131\u015fmalar alan\u0131nda \u00f6nemli bir ba\u015fvuru kayna\u011f\u0131d\u0131r. Bu \u00e7al\u0131\u015fma, metaforun dilimizdeki ve d\u00fc\u015f\u00fcnce yap\u0131m\u0131zdaki yerini yeniden de\u011ferlendirirken, okuyucuya zengin teorik perspektifler sunuyor. <\/p>\n","protected":false},"excerpt":{"rendered":"<p>Metafor dedi\u011fimiz \u015fey nedir? Bu kitapta sunmaya \u00e7al\u0131\u015ft\u0131\u011f\u0131m iddialar ve verdi\u011fim \u00f6rnekler, \u201cmetafor\u201dun tek, evrensel, tarihd\u0131\u015f\u0131 bir tan\u0131m\u0131n\u0131n olmayaca\u011f\u0131 ger\u00e7e\u011fine i\u015faret eder. Metafor, \u00e7e\u015fitli zamanlarda ve<span class=\"excerpt-hellip\"> [\u2026]<\/span><\/p>\n","protected":false},"featured_media":0,"template":"","meta":{"_monsterinsights_skip_tracking":false,"_monsterinsights_sitenote_active":false,"_monsterinsights_sitenote_note":"","_monsterinsights_sitenote_category":0},"product_brand":[],"product_cat":[13072,12291],"product_tag":[],"class_list":{"0":"post-760210","1":"product","2":"type-product","3":"status-publish","5":"product_cat-arastirma-inceleme-referans","6":"product_cat-edebiyat","7":"pa_cilt-ciltsiz","8":"pa_tur-kitap","9":"pa_yayinevi-vakifbank-kultur-yayinlari","10":"pa_yazar-david-punter","12":"first","13":"instock","14":"sale","15":"shipping-taxable","16":"purchasable","17":"product-type-simple"},"_links":{"self":[{"href":"https:\/\/roveyayinevi.com.tr\/index.php\/wp-json\/wp\/v2\/product\/760210","targetHints":{"allow":["GET"]}}],"collection":[{"href":"https:\/\/roveyayinevi.com.tr\/index.php\/wp-json\/wp\/v2\/product"}],"about":[{"href":"https:\/\/roveyayinevi.com.tr\/index.php\/wp-json\/wp\/v2\/types\/product"}],"wp:attachment":[{"href":"https:\/\/roveyayinevi.com.tr\/index.php\/wp-json\/wp\/v2\/media?parent=760210"}],"wp:term":[{"taxonomy":"product_brand","embeddable":true,"href":"https:\/\/roveyayinevi.com.tr\/index.php\/wp-json\/wp\/v2\/product_brand?post=760210"},{"taxonomy":"product_cat","embeddable":true,"href":"https:\/\/roveyayinevi.com.tr\/index.php\/wp-json\/wp\/v2\/product_cat?post=760210"},{"taxonomy":"product_tag","embeddable":true,"href":"https:\/\/roveyayinevi.com.tr\/index.php\/wp-json\/wp\/v2\/product_tag?post=760210"}],"curies":[{"name":"wp","href":"https:\/\/api.w.org\/{rel}","templated":true}]}}