{"id":760209,"date":"2025-08-28T08:58:35","date_gmt":"2025-08-28T05:58:35","guid":{"rendered":"https:\/\/roveyayinevi.com.tr\/index.php\/urun\/el-letaiful-giyasiyye\/"},"modified":"2026-04-16T03:13:05","modified_gmt":"2026-04-16T00:13:05","slug":"el-letaiful-giyasiyye","status":"publish","type":"product","link":"https:\/\/roveyayinevi.com.tr\/index.php\/urun\/el-letaiful-giyasiyye\/","title":{"rendered":"el-letaifu\u2019l-G\u0131yasiyye"},"content":{"rendered":"<p>Anadolu\u2019nun \u0130slami k\u00fclt\u00fcr\u00fc ve manevi yap\u0131s\u0131n\u0131 bi\u00e7imlendiren en \u00f6nemli isimlerden, Ah\u00eelik Te\u015fkilat\u0131\u2019n\u0131n kurucusu Ah\u00ee Evren el-Let\u00e2ifu\u2019l-G\u0131y\u00e2siyye adl\u0131 eserinin elinizdeki terc\u00fcmesiyle ilk kez T\u00fcrk\u00e7ede.Anadolu\u2019nun \u0130slami k\u00fclt\u00fcr\u00fc ve manevi yap\u0131s\u0131n\u0131 bi\u00e7imlendiren en \u00f6nemli isimlerden Ah\u00ee Evren\u2019in el-Let\u00e2ifu\u2019l-G\u0131y\u00e2siyye adl\u0131 eserinin terc\u00fcmesini sunuyoruz. Ya\u015fam\u0131 ve eserleriyle \u0130slam miras\u0131na b\u00fcy\u00fck katk\u0131larda bulunmu\u015f, ahlak, k\u00fclt\u00fcr ve ekonomi alanlar\u0131nda derin izler b\u0131rakm\u0131\u015f olan Ah\u00ee Evren, el-Let\u00e2ifu\u2019l-G\u0131y\u00e2siyye adl\u0131 kitab\u0131nda \u0130slam d\u00fc\u015f\u00fcnce yap\u0131s\u0131n\u0131 iman, amel ve ahlak b\u00fct\u00fcnl\u00fc\u011f\u00fc i\u00e7inde ele al\u0131r. Asl\u0131nda d\u00f6rt ciltten olu\u015fan ancak g\u00fcn\u00fcm\u00fcze yaln\u0131z elinizdeki k\u0131sm\u0131n\u0131n ula\u015ft\u0131\u011f\u0131 eser, temelde usul ilmi olarak adland\u0131rd\u0131\u011f\u0131 akaid alan\u0131n\u0131 incelemektedir. Ayr\u0131ca, el-Let\u00e2ifu\u2019l-G\u0131y\u00e2siyye\u2019nin yap\u0131s\u0131, kaleme al\u0131nd\u0131\u011f\u0131 d\u00f6nemde \u0130slami ilimlerin nas\u0131l tasnif edildi\u011fi ve anla\u015f\u0131ld\u0131\u011f\u0131na da \u0131\u015f\u0131k tutar.  Bu kitap, Ah\u00ee Evren\u2019in zengin miras\u0131n\u0131 ke\u015ffetmek, tarihsel bak\u0131mdan bu denli \u00f6nemli bir fig\u00fcr\u00fcn ilm\u00ee y\u00f6n\u00fcyle tan\u0131\u015fmak ve Anadolu\u2019da \u0130slam d\u00fc\u015f\u00fcncesinin geli\u015fimini anlamak isteyen okurlar i\u00e7in temel bir kaynak olacakt\u0131r. <\/p>\n","protected":false},"excerpt":{"rendered":"<p>Anadolu\u2019nun \u0130slami k\u00fclt\u00fcr\u00fc ve manevi yap\u0131s\u0131n\u0131 bi\u00e7imlendiren en \u00f6nemli isimlerden, Ah\u00eelik Te\u015fkilat\u0131\u2019n\u0131n kurucusu Ah\u00ee Evren el-Let\u00e2ifu\u2019l-G\u0131y\u00e2siyye adl\u0131 eserinin elinizdeki terc\u00fcmesiyle ilk kez T\u00fcrk\u00e7ede.Anadolu\u2019nun \u0130slami k\u00fclt\u00fcr\u00fc ve<span class=\"excerpt-hellip\"> [\u2026]<\/span><\/p>\n","protected":false},"featured_media":0,"template":"","meta":{"_monsterinsights_skip_tracking":false,"_monsterinsights_sitenote_active":false,"_monsterinsights_sitenote_note":"","_monsterinsights_sitenote_category":0},"product_brand":[],"product_cat":[13036,12718,12719],"product_tag":[],"class_list":{"0":"post-760209","1":"product","2":"type-product","3":"status-publish","5":"product_cat-arastirma-inceleme-islam","6":"product_cat-din","7":"product_cat-islam","8":"pa_cilt-ciltsiz","9":"pa_tur-kitap","10":"pa_yayinevi-vakifbank-kultur-yayinlari","11":"pa_yazar-ahi-evren","13":"first","14":"instock","15":"sale","16":"shipping-taxable","17":"purchasable","18":"product-type-simple"},"_links":{"self":[{"href":"https:\/\/roveyayinevi.com.tr\/index.php\/wp-json\/wp\/v2\/product\/760209","targetHints":{"allow":["GET"]}}],"collection":[{"href":"https:\/\/roveyayinevi.com.tr\/index.php\/wp-json\/wp\/v2\/product"}],"about":[{"href":"https:\/\/roveyayinevi.com.tr\/index.php\/wp-json\/wp\/v2\/types\/product"}],"wp:attachment":[{"href":"https:\/\/roveyayinevi.com.tr\/index.php\/wp-json\/wp\/v2\/media?parent=760209"}],"wp:term":[{"taxonomy":"product_brand","embeddable":true,"href":"https:\/\/roveyayinevi.com.tr\/index.php\/wp-json\/wp\/v2\/product_brand?post=760209"},{"taxonomy":"product_cat","embeddable":true,"href":"https:\/\/roveyayinevi.com.tr\/index.php\/wp-json\/wp\/v2\/product_cat?post=760209"},{"taxonomy":"product_tag","embeddable":true,"href":"https:\/\/roveyayinevi.com.tr\/index.php\/wp-json\/wp\/v2\/product_tag?post=760209"}],"curies":[{"name":"wp","href":"https:\/\/api.w.org\/{rel}","templated":true}]}}