{"id":760207,"date":"2025-08-28T08:58:31","date_gmt":"2025-08-28T05:58:31","guid":{"rendered":"https:\/\/roveyayinevi.com.tr\/index.php\/urun\/kartal-pencesi-ebruli\/"},"modified":"2026-04-16T03:13:05","modified_gmt":"2026-04-16T00:13:05","slug":"kartal-pencesi-ebruli","status":"publish","type":"product","link":"https:\/\/roveyayinevi.com.tr\/index.php\/urun\/kartal-pencesi-ebruli\/","title":{"rendered":"Kartal Pen\u00e7esi &#8211; Ebruli"},"content":{"rendered":"<p>Efruz\u2026 Efruz\u2026 \u0130\u00e7indeki bir ses yank\u0131 buldu. Hissediyordu. B\u0131rakma beni Efruz\u2026 Hisset beni. Elimi tut. Dar bir yerdeyim. Bul beni! Bulundu\u011fu dar alanda tek d\u00fc\u015f\u00fcnd\u00fc\u011f\u00fc g\u00fczel kar\u0131s\u0131yd\u0131. Kendini asla d\u00fc\u015f\u00fcnm\u00fcyordu ama oradan kurtulamazsa Efruze\u2019nin ba\u015f\u0131na neler gelece\u011fini d\u00fc\u015f\u00fcnmek bile istemiyordu. Efruze, Kartal\u2019\u0131 kurtarmak i\u00e7in t\u00fcm g\u00fcc\u00fcn\u00fc ku\u015fanm\u0131\u015ft\u0131. Art\u0131k \u00e7ok daha farkl\u0131 bir kad\u0131nd\u0131. Kartal\u2019\u0131n b\u0131rakt\u0131\u011f\u0131 o g\u00fcvensiz Efruze de\u011fildi. Ta\u015flar yerinden oynarken deprem etkisi b\u0131rakacakt\u0131, Efruze alt\u0131ndan sa\u011f \u00e7\u0131kmal\u0131yd\u0131. \u201cEllerinde \u00e7iller g\u00f6rece\u011fim g\u00fcnler olacak. \u00d6l\u00fcnceye kadar da elin bu kalbin \u00fczerinde duracak.\u201d<\/p>\n","protected":false},"excerpt":{"rendered":"<p>Efruz\u2026 Efruz\u2026 \u0130\u00e7indeki bir ses yank\u0131 buldu. Hissediyordu. B\u0131rakma beni Efruz\u2026 Hisset beni. Elimi tut. Dar bir yerdeyim. Bul beni! Bulundu\u011fu dar alanda tek d\u00fc\u015f\u00fcnd\u00fc\u011f\u00fc g\u00fczel<span class=\"excerpt-hellip\"> [\u2026]<\/span><\/p>\n","protected":false},"featured_media":0,"template":"","meta":{"_monsterinsights_skip_tracking":false,"_monsterinsights_sitenote_active":false,"_monsterinsights_sitenote_note":"","_monsterinsights_sitenote_category":0},"product_brand":[],"product_cat":[12291,12711],"product_tag":[],"class_list":{"0":"post-760207","1":"product","2":"type-product","3":"status-publish","5":"product_cat-edebiyat","6":"product_cat-roman-oyku","7":"pa_cilt-ciltsiz","8":"pa_tur-kitap","9":"pa_yayinevi-parola-yayinlari","10":"pa_yazar-payelll","12":"first","13":"instock","14":"sale","15":"shipping-taxable","16":"purchasable","17":"product-type-simple"},"_links":{"self":[{"href":"https:\/\/roveyayinevi.com.tr\/index.php\/wp-json\/wp\/v2\/product\/760207","targetHints":{"allow":["GET"]}}],"collection":[{"href":"https:\/\/roveyayinevi.com.tr\/index.php\/wp-json\/wp\/v2\/product"}],"about":[{"href":"https:\/\/roveyayinevi.com.tr\/index.php\/wp-json\/wp\/v2\/types\/product"}],"wp:attachment":[{"href":"https:\/\/roveyayinevi.com.tr\/index.php\/wp-json\/wp\/v2\/media?parent=760207"}],"wp:term":[{"taxonomy":"product_brand","embeddable":true,"href":"https:\/\/roveyayinevi.com.tr\/index.php\/wp-json\/wp\/v2\/product_brand?post=760207"},{"taxonomy":"product_cat","embeddable":true,"href":"https:\/\/roveyayinevi.com.tr\/index.php\/wp-json\/wp\/v2\/product_cat?post=760207"},{"taxonomy":"product_tag","embeddable":true,"href":"https:\/\/roveyayinevi.com.tr\/index.php\/wp-json\/wp\/v2\/product_tag?post=760207"}],"curies":[{"name":"wp","href":"https:\/\/api.w.org\/{rel}","templated":true}]}}