{"id":760205,"date":"2025-08-28T08:58:28","date_gmt":"2025-08-28T05:58:28","guid":{"rendered":"https:\/\/roveyayinevi.com.tr\/index.php\/urun\/9x9-egitici-ve-eglenceli-10-adet-cerez-sudoku-set\/"},"modified":"2025-11-21T10:21:51","modified_gmt":"2025-11-21T07:21:51","slug":"9x9-egitici-ve-eglenceli-10-adet-cerez-sudoku-set","status":"publish","type":"product","link":"https:\/\/roveyayinevi.com.tr\/index.php\/urun\/9x9-egitici-ve-eglenceli-10-adet-cerez-sudoku-set\/","title":{"rendered":"9&#215;9 E\u011fitici ve E\u011flenceli 10 Adet \u00c7erez Sudoku Set"},"content":{"rendered":"<p>Sudoku, \u00e7ocuklar\u0131n zihinsel becerilerini geli\u015ftirmek i\u00e7in e\u011flenceli bir yol sunar. Bu oyunda mant\u0131k ve problem \u00e7\u00f6zme becerileri bir araya gelir, \u00e7ocuklarda odaklanma, sab\u0131r ve matematiksel d\u00fc\u015f\u00fcnme gibi bir\u00e7ok unsurun geli\u015fmesini sa\u011flar. Her bir bulmaca, \u00e7ocuklar\u0131n \u00f6\u011frenme s\u00fcrecinde ad\u0131m ad\u0131m ilerlemesine olanak tan\u0131r. Sudoku, \u00e7ocuklar\u0131n beyin egzersizi yaparak problem \u00e7\u00f6zme becerilerini g\u00fc\u00e7lendirdi\u011fi ve mant\u0131kl\u0131 d\u00fc\u015f\u00fcnmeyi te\u015fvik etti\u011fi i\u00e7in \u00f6nemli bir rol oynar.  <\/p>\n","protected":false},"excerpt":{"rendered":"<p>Sudoku, \u00e7ocuklar\u0131n zihinsel becerilerini geli\u015ftirmek i\u00e7in e\u011flenceli bir yol sunar. Bu oyunda mant\u0131k ve problem \u00e7\u00f6zme becerileri bir araya gelir, \u00e7ocuklarda odaklanma, sab\u0131r ve matematiksel d\u00fc\u015f\u00fcnme<span class=\"excerpt-hellip\"> [\u2026]<\/span><\/p>\n","protected":false},"featured_media":0,"template":"","meta":{"_monsterinsights_skip_tracking":false,"_monsterinsights_sitenote_active":false,"_monsterinsights_sitenote_note":"","_monsterinsights_sitenote_category":0},"product_brand":[],"product_cat":[12492,12274],"product_tag":[],"class_list":{"0":"post-760205","1":"product","2":"type-product","3":"status-publish","5":"product_cat-bilmece-bulmaca","6":"product_cat-cocuk-ve-genclik-kitaplari","7":"pa_cilt-ciltsiz","8":"pa_tur-kitap","9":"pa_yayinevi-pisa-yayinevi","10":"pa_yazar-kolektif","12":"first","13":"instock","14":"sale","15":"shipping-taxable","16":"purchasable","17":"product-type-simple"},"_links":{"self":[{"href":"https:\/\/roveyayinevi.com.tr\/index.php\/wp-json\/wp\/v2\/product\/760205","targetHints":{"allow":["GET"]}}],"collection":[{"href":"https:\/\/roveyayinevi.com.tr\/index.php\/wp-json\/wp\/v2\/product"}],"about":[{"href":"https:\/\/roveyayinevi.com.tr\/index.php\/wp-json\/wp\/v2\/types\/product"}],"wp:attachment":[{"href":"https:\/\/roveyayinevi.com.tr\/index.php\/wp-json\/wp\/v2\/media?parent=760205"}],"wp:term":[{"taxonomy":"product_brand","embeddable":true,"href":"https:\/\/roveyayinevi.com.tr\/index.php\/wp-json\/wp\/v2\/product_brand?post=760205"},{"taxonomy":"product_cat","embeddable":true,"href":"https:\/\/roveyayinevi.com.tr\/index.php\/wp-json\/wp\/v2\/product_cat?post=760205"},{"taxonomy":"product_tag","embeddable":true,"href":"https:\/\/roveyayinevi.com.tr\/index.php\/wp-json\/wp\/v2\/product_tag?post=760205"}],"curies":[{"name":"wp","href":"https:\/\/api.w.org\/{rel}","templated":true}]}}