{"id":760204,"date":"2025-08-28T08:58:27","date_gmt":"2025-08-28T05:58:27","guid":{"rendered":"https:\/\/roveyayinevi.com.tr\/index.php\/urun\/sefalet-cagi\/"},"modified":"2026-04-16T03:13:05","modified_gmt":"2026-04-16T00:13:05","slug":"sefalet-cagi","status":"publish","type":"product","link":"https:\/\/roveyayinevi.com.tr\/index.php\/urun\/sefalet-cagi\/","title":{"rendered":"Sefalet \u00c7a\u011f\u0131"},"content":{"rendered":"<p>SADECE \u00d6NLEM ALANLAR HAYATTA KALAB\u0130LECEK!   Yeni bir \u00e7a\u011fa girmek \u00fczereyiz! Bu, Sefalet \u00c7a\u011f\u0131 olacak.   Son y\u00fczy\u0131l\u0131n getirdi\u011fi b\u00fct\u00fcn zenginlikleri toplumlar yava\u015f yava\u015f terk ediyor. T\u00fcrkiye ve d\u00fcnya ekonomisinde ta\u015flar yeniden diziliyor. Her \u015feyin daha k\u0131t, daha az ula\u015f\u0131labilir oldu\u011fu bu yeni d\u00f6nemde sadece ayr\u0131cal\u0131kl\u0131 bir kesim zenginli\u011fini art\u0131r\u0131rken geni\u015f kitleler sefalete s\u00fcr\u00fckleniyor. Bunu, servetin belirli bir z\u00fcmreye aktar\u0131l\u0131\u015f\u0131ndan da anl\u0131yoruz. T\u00fcm d\u00fcnyada oldu\u011fu gibi \u00fclkemiz de bu de\u011fi\u015fimden pay\u0131n\u0131 al\u0131yor. Hatta baz\u0131 konularda \u00f6ndeyiz! Birey olarak yapabileceklerimiz s\u0131n\u0131rl\u0131 da olsa mevcut.   Bu kitap bir d\u00f6neme tan\u0131kl\u0131k etmenin yan\u0131 s\u0131ra geni\u015f kitleler i\u00e7in uyar\u0131 niteli\u011findedir.   Yeni bir \u00e7a\u011f geliyor! Fark\u0131nda m\u0131s\u0131n\u0131z? <\/p>\n","protected":false},"excerpt":{"rendered":"<p>SADECE \u00d6NLEM ALANLAR HAYATTA KALAB\u0130LECEK! Yeni bir \u00e7a\u011fa girmek \u00fczereyiz! Bu, Sefalet \u00c7a\u011f\u0131 olacak. Son y\u00fczy\u0131l\u0131n getirdi\u011fi b\u00fct\u00fcn zenginlikleri toplumlar yava\u015f yava\u015f terk ediyor. T\u00fcrkiye ve<span class=\"excerpt-hellip\"> [\u2026]<\/span><\/p>\n","protected":false},"featured_media":0,"template":"","meta":{"_monsterinsights_skip_tracking":false,"_monsterinsights_sitenote_active":false,"_monsterinsights_sitenote_note":"","_monsterinsights_sitenote_category":0},"product_brand":[],"product_cat":[13043],"product_tag":[],"class_list":{"0":"post-760204","1":"product","2":"type-product","3":"status-publish","5":"product_cat-ekonomi","6":"pa_cilt-ciltsiz","7":"pa_tur-kitap","8":"pa_yayinevi-destek-yayinlari","9":"pa_yazar-cem-ozuak-hamza-yardimcioglu-ferit-atay","11":"first","12":"instock","13":"sale","14":"shipping-taxable","15":"purchasable","16":"product-type-simple"},"_links":{"self":[{"href":"https:\/\/roveyayinevi.com.tr\/index.php\/wp-json\/wp\/v2\/product\/760204","targetHints":{"allow":["GET"]}}],"collection":[{"href":"https:\/\/roveyayinevi.com.tr\/index.php\/wp-json\/wp\/v2\/product"}],"about":[{"href":"https:\/\/roveyayinevi.com.tr\/index.php\/wp-json\/wp\/v2\/types\/product"}],"wp:attachment":[{"href":"https:\/\/roveyayinevi.com.tr\/index.php\/wp-json\/wp\/v2\/media?parent=760204"}],"wp:term":[{"taxonomy":"product_brand","embeddable":true,"href":"https:\/\/roveyayinevi.com.tr\/index.php\/wp-json\/wp\/v2\/product_brand?post=760204"},{"taxonomy":"product_cat","embeddable":true,"href":"https:\/\/roveyayinevi.com.tr\/index.php\/wp-json\/wp\/v2\/product_cat?post=760204"},{"taxonomy":"product_tag","embeddable":true,"href":"https:\/\/roveyayinevi.com.tr\/index.php\/wp-json\/wp\/v2\/product_tag?post=760204"}],"curies":[{"name":"wp","href":"https:\/\/api.w.org\/{rel}","templated":true}]}}