{"id":760203,"date":"2025-08-28T08:58:26","date_gmt":"2025-08-28T05:58:26","guid":{"rendered":"https:\/\/roveyayinevi.com.tr\/index.php\/urun\/toprak-2\/"},"modified":"2026-04-16T03:13:05","modified_gmt":"2026-04-16T00:13:05","slug":"toprak-2","status":"publish","type":"product","link":"https:\/\/roveyayinevi.com.tr\/index.php\/urun\/toprak-2\/","title":{"rendered":"Toprak"},"content":{"rendered":"<p>Topra\u011fa yapt\u0131\u011f\u0131m\u0131z\u0131 asl\u0131nda kendimize de yapar\u0131z. Uzun y\u0131llard\u0131r yeni ke\u015fifler i\u00e7in bak\u0131\u015flar\u0131m\u0131z\u0131 y\u0131ld\u0131zlara \u00e7evirdik, Ay\u2019a ve di\u011fer gezegenlere meydan okuduk, okyanuslar\u0131n derinliklerine ula\u015ft\u0131k ama ayaklar\u0131m\u0131z\u0131n alt\u0131ndaki mucizevi \u00f6rt\u00fcye incelikle bakmad\u0131k. Karadaki ya\u015fam\u0131n anahtar\u0131, ekosistemimizin ayr\u0131lmaz par\u00e7as\u0131 toprak hayatla aram\u0131zdaki ba\u011flant\u0131m\u0131zd\u0131r. Buzul \u00e7a\u011f\u0131ndan bug\u00fcne t\u00fcm medeniyetlerin olu\u015fmas\u0131n\u0131n ve d\u00fc\u015fmesinin destan\u0131nda onun g\u00f6r\u00fcnmez rol\u00fc vard\u0131r. A\u00e7l\u0131ktan hastal\u0131klara, gastronomiden sava\u015flara dek uygarl\u0131\u011f\u0131n in\u015fas\u0131n\u0131n de\u011feri bilinmemi\u015f kahraman\u0131d\u0131r. Bir \u00e7ay ka\u015f\u0131\u011f\u0131 dolusu toprakta, d\u00fcnyadaki insan say\u0131s\u0131ndan daha fazla canl\u0131 vard\u0131r. Toprak, b\u00fcy\u00fcleyici bir ya\u015fam d\u00f6ng\u00fcs\u00fc bar\u0131nd\u0131r\u0131r. Nispeten ara\u015ft\u0131r\u0131lmam\u0131\u015f olmas\u0131na ra\u011fmen, d\u00fcnya \u00fczerindeki t\u00fcm \u00e7okh\u00fccreli canl\u0131lar\u0131n y\u00fczde 70\u2019inden fazlas\u0131 toprakta ya\u015far.     \u00c7ift\u00e7i ve yazar Matthew Evans, soluksuz okuyaca\u011f\u0131n\u0131z bu kitapta, sadece ihmal edilmemi\u015f ayn\u0131 zamanda kirletilmi\u015f, a\u015f\u0131r\u0131 i\u015flenmi\u015f ve hor kullan\u0131lm\u0131\u015f bu arma\u011fan\u0131n hik\u00e2yesini anlat\u0131rken, bizi, onsuz var olamayaca\u011f\u0131m\u0131z e\u015fsiz bir canl\u0131l\u0131\u011f\u0131 kalbinde saklayan ve koynunda b\u00fcy\u00fcten topra\u011f\u0131n \u015fark\u0131s\u0131na kulak vermek i\u00e7in umut dolu bir yolculu\u011fa s\u00fcr\u00fckl\u00fcyor.   Ayaklar\u0131m\u0131z\u0131n alt\u0131ndaki zemine \u00e7\u00f6p muamelesi yapmay\u0131 b\u0131rakman\u0131n zaman\u0131 gelmedi mi?okuyacaks\u0131n\u0131z. <\/p>\n","protected":false},"excerpt":{"rendered":"<p>Topra\u011fa yapt\u0131\u011f\u0131m\u0131z\u0131 asl\u0131nda kendimize de yapar\u0131z. Uzun y\u0131llard\u0131r yeni ke\u015fifler i\u00e7in bak\u0131\u015flar\u0131m\u0131z\u0131 y\u0131ld\u0131zlara \u00e7evirdik, Ay\u2019a ve di\u011fer gezegenlere meydan okuduk, okyanuslar\u0131n derinliklerine ula\u015ft\u0131k ama ayaklar\u0131m\u0131z\u0131n alt\u0131ndaki<span class=\"excerpt-hellip\"> [\u2026]<\/span><\/p>\n","protected":false},"featured_media":0,"template":"","meta":{"_monsterinsights_skip_tracking":false,"_monsterinsights_sitenote_active":false,"_monsterinsights_sitenote_note":"","_monsterinsights_sitenote_category":0},"product_brand":[],"product_cat":[23323,12364],"product_tag":[],"class_list":{"0":"post-760203","1":"product","2":"type-product","3":"status-publish","5":"product_cat-ekoloji","6":"product_cat-genel-konular","7":"pa_cilt-ciltsiz","8":"pa_tur-kitap","9":"pa_yayinevi-beyaz-baykus-yayinlari","10":"pa_yazar-matthew-evans","12":"first","13":"instock","14":"sale","15":"shipping-taxable","16":"purchasable","17":"product-type-simple"},"_links":{"self":[{"href":"https:\/\/roveyayinevi.com.tr\/index.php\/wp-json\/wp\/v2\/product\/760203","targetHints":{"allow":["GET"]}}],"collection":[{"href":"https:\/\/roveyayinevi.com.tr\/index.php\/wp-json\/wp\/v2\/product"}],"about":[{"href":"https:\/\/roveyayinevi.com.tr\/index.php\/wp-json\/wp\/v2\/types\/product"}],"wp:attachment":[{"href":"https:\/\/roveyayinevi.com.tr\/index.php\/wp-json\/wp\/v2\/media?parent=760203"}],"wp:term":[{"taxonomy":"product_brand","embeddable":true,"href":"https:\/\/roveyayinevi.com.tr\/index.php\/wp-json\/wp\/v2\/product_brand?post=760203"},{"taxonomy":"product_cat","embeddable":true,"href":"https:\/\/roveyayinevi.com.tr\/index.php\/wp-json\/wp\/v2\/product_cat?post=760203"},{"taxonomy":"product_tag","embeddable":true,"href":"https:\/\/roveyayinevi.com.tr\/index.php\/wp-json\/wp\/v2\/product_tag?post=760203"}],"curies":[{"name":"wp","href":"https:\/\/api.w.org\/{rel}","templated":true}]}}