{"id":760202,"date":"2025-08-28T08:58:25","date_gmt":"2025-08-28T05:58:25","guid":{"rendered":"https:\/\/roveyayinevi.com.tr\/index.php\/urun\/suriye-dosyasi\/"},"modified":"2026-04-16T03:13:05","modified_gmt":"2026-04-16T00:13:05","slug":"suriye-dosyasi","status":"publish","type":"product","link":"https:\/\/roveyayinevi.com.tr\/index.php\/urun\/suriye-dosyasi\/","title":{"rendered":"Suriye Dosyas\u0131"},"content":{"rendered":"<p>\u201cGELECE\u011e\u0130 \u00d6NG\u00d6REB\u0130LMEK ANCAK GE\u00c7M\u0130\u015e\u0130N AYRINTILARINI B\u0130LMEKLE M\u00dcMK\u00dcND\u00dcR.\u201d   Suriye\u2019de \u00e7at\u0131\u015fmalar sonlanmamakla birlikte Esad rejiminin i\u00e7sava\u015f\u0131 askeri anlamda kazand\u0131\u011f\u0131, 2024 y\u0131l\u0131 itibariyle \u00fclkenin yakla\u015f\u0131k \u00fc\u00e7te ikisini kontrol alt\u0131na ald\u0131\u011f\u0131, dikkatini \u00f6ncelikle \u0130dlib ve SDG\/PYD denetimindeki F\u0131rat\u2019\u0131n do\u011fusuna yo\u011funla\u015ft\u0131rmaya ba\u015flad\u0131\u011f\u0131 g\u00fcn\u00fcm\u00fczde, \u00e7e\u015fitli nedenlerle ertelenen ba\u015fkaca sorunlar y\u00fczeye yans\u0131maya ba\u015flam\u0131\u015f bulunmaktad\u0131r.   Suriye\u2019de sahadaki do\u011frudan akt\u00f6r devletler (Rusya, T\u00fcrkiye, \u0130ran, ABD) aras\u0131nda var olan \u00f6ncelik, ama\u00e7 ve vizyon farkl\u0131l\u0131klar\u0131 ortak bir paydada bulu\u015fulmas\u0131n\u0131 zorla\u015ft\u0131rmakta, Suriye\u2019nin yeniden yap\u0131land\u0131r\u0131lmas\u0131 ve gelece\u011finin \u015fekillendirilmesine y\u00f6nelik ciddi g\u00f6r\u00fc\u015f farkl\u0131l\u0131klar\u0131 ile rekabet, yeni anla\u015fmazl\u0131klar yaratmaya aday g\u00f6r\u00fcnmektedir.   S\u0131n\u0131rlar\u0131m\u0131za biti\u015fik bir co\u011frafyada s\u00fcregelen ve T\u00fcrkiye\u2019mizi gerek ulusal g\u00fcvenli\u011fimiz gerekse al\u0131nan g\u00f6\u00e7ler nedeniyle sosyoekonomik, sosyok\u00fclt\u00fcrel ve sosyopolitik a\u00e7\u0131lardan do\u011frudan ilgilendiren bu konu hakk\u0131nda istedik ki bir bilgi penceresi a\u00e7\u0131ls\u0131n.   Okurlara sunulan ve Suriye krizini ba\u015flang\u0131c\u0131ndan itibaren ayr\u0131nt\u0131land\u0131ran \u00e7al\u0131\u015fma, her ne \u015fekilde sonlan\u0131rsa sonlans\u0131n, ya\u015fanan ve ya\u015fanmas\u0131 s\u00fcregelen bir d\u00f6neme \u0131\u015f\u0131k tutmak i\u00e7in tasarland\u0131. <\/p>\n","protected":false},"excerpt":{"rendered":"<p>\u201cGELECE\u011e\u0130 \u00d6NG\u00d6REB\u0130LMEK ANCAK GE\u00c7M\u0130\u015e\u0130N AYRINTILARINI B\u0130LMEKLE M\u00dcMK\u00dcND\u00dcR.\u201d Suriye\u2019de \u00e7at\u0131\u015fmalar sonlanmamakla birlikte Esad rejiminin i\u00e7sava\u015f\u0131 askeri anlamda kazand\u0131\u011f\u0131, 2024 y\u0131l\u0131 itibariyle \u00fclkenin yakla\u015f\u0131k \u00fc\u00e7te ikisini kontrol alt\u0131na<span class=\"excerpt-hellip\"> [\u2026]<\/span><\/p>\n","protected":false},"featured_media":0,"template":"","meta":{"_monsterinsights_skip_tracking":false,"_monsterinsights_sitenote_active":false,"_monsterinsights_sitenote_note":"","_monsterinsights_sitenote_category":0},"product_brand":[],"product_cat":[13590,12337],"product_tag":[],"class_list":{"0":"post-760202","1":"product","2":"type-product","3":"status-publish","5":"product_cat-arastirma-inceleme-politika-siyaset","6":"product_cat-politika-siyaset","7":"pa_cilt-ciltsiz","8":"pa_tur-kitap","9":"pa_yayinevi-destek-yayinlari","10":"pa_yazar-ercan-citlioglu","12":"first","13":"instock","14":"sale","15":"shipping-taxable","16":"purchasable","17":"product-type-simple"},"_links":{"self":[{"href":"https:\/\/roveyayinevi.com.tr\/index.php\/wp-json\/wp\/v2\/product\/760202","targetHints":{"allow":["GET"]}}],"collection":[{"href":"https:\/\/roveyayinevi.com.tr\/index.php\/wp-json\/wp\/v2\/product"}],"about":[{"href":"https:\/\/roveyayinevi.com.tr\/index.php\/wp-json\/wp\/v2\/types\/product"}],"wp:attachment":[{"href":"https:\/\/roveyayinevi.com.tr\/index.php\/wp-json\/wp\/v2\/media?parent=760202"}],"wp:term":[{"taxonomy":"product_brand","embeddable":true,"href":"https:\/\/roveyayinevi.com.tr\/index.php\/wp-json\/wp\/v2\/product_brand?post=760202"},{"taxonomy":"product_cat","embeddable":true,"href":"https:\/\/roveyayinevi.com.tr\/index.php\/wp-json\/wp\/v2\/product_cat?post=760202"},{"taxonomy":"product_tag","embeddable":true,"href":"https:\/\/roveyayinevi.com.tr\/index.php\/wp-json\/wp\/v2\/product_tag?post=760202"}],"curies":[{"name":"wp","href":"https:\/\/api.w.org\/{rel}","templated":true}]}}